{"id":4725,"date":"2025-02-13T09:53:18","date_gmt":"2025-02-13T09:53:18","guid":{"rendered":"https:\/\/www.golfcenteralmeria.com\/?post_type=product&#038;p=4725"},"modified":"2025-02-13T09:53:19","modified_gmt":"2025-02-13T09:53:19","slug":"set-hierros-cobra-ds-adapt-max-5-pw","status":"publish","type":"product","link":"https:\/\/www.golfcenteralmeria.com\/?product=set-hierros-cobra-ds-adapt-max-5-pw","title":{"rendered":"Set hierros Cobra DS-Adapt MAX 5-pw"},"content":{"rendered":"<p>El set DS-Adapt MAX es el palo de hierro para aquellos que quieren un palo muy indulgente que tambi\u00e9n le da un poco m\u00e1s de longitud. A trav\u00e9s de una construcci\u00f3n hueca, la superficie de golpeo puede flexionarse como un driver, y ese efecto trampol\u00edn le da m\u00e1s longitud. La construcci\u00f3n hueca tambi\u00e9n permite a Cobra mover m\u00e1s peso hacia abajo en la suela y hacia fuera en la punta y el tal\u00f3n, haciendo que el palo sea m\u00e1s tolerante y que la bola se lance m\u00e1s alta para m\u00e1s altura y mejor precisi\u00f3n.<\/p>\n<p>La cara del hierro DS-Adapt est\u00e1 forjada en forma de cuenco, con los bordes bajando hacia la suela, alrededor de la punta y alrededor de la l\u00ednea superior. Cobra llama a este dise\u00f1o Speedshell Face, y lo que hace es mover la soldadura de tope donde la cara se une a la cabeza lejos de la parte delantera para que toda la cara pueda flexionarse. Esto hace que el palo sea m\u00e1s tolerante y que tanto los golpes bajos como los golpes a la punta vuelen m\u00e1s lejos.<\/p>\n<p>El DS-Adapt MAX tiene m\u00e1s loft para ayudar a aquellos que tienen dificultad para conseguir altura en el golpe, y por lo tanto pierden longitud. MAX tambi\u00e9n tiene un poco m\u00e1s de offset que ayuda a aquellos que tienden a golpear una peque\u00f1a rebanada con los hierros, con m\u00e1s offset tienes tiempo para girar alrededor de la cabeza del palo m\u00e1s antes de golpear lo que da tiros m\u00e1s rectos.<\/p>\n","protected":false},"excerpt":{"rendered":"<p>El set DS-Adapt MAX es el palo de hierro para aquellos que quieren un palo muy indulgente que tambi\u00e9n le da un poco m\u00e1s de longitud. A trav\u00e9s de una construcci\u00f3n hueca, la superficie de golpeo puede flexionarse como un driver, y ese efecto trampol\u00edn le da m\u00e1s longitud. La construcci\u00f3n hueca tambi\u00e9n permite a Cobra mover m\u00e1s peso hacia abajo en la suela y hacia fuera en la punta y el tal\u00f3n, haciendo que el palo sea m\u00e1s tolerante y que la bola se lance m\u00e1s alta para m\u00e1s altura y mejor precisi\u00f3n.<\/p>\n","protected":false},"featured_media":4726,"comment_status":"open","ping_status":"closed","template":"","meta":[],"product_brand":[],"product_cat":[77,74],"product_tag":[],"class_list":{"0":"post-4725","1":"product","2":"type-product","3":"status-publish","4":"has-post-thumbnail","6":"product_cat-palos-de-golf","7":"product_cat-hierros","8":"pa_marca-cobra-golf","10":"first","11":"instock","12":"taxable","13":"shipping-taxable","14":"purchasable","15":"product-type-variable"},"jetpack-related-posts":[],"jetpack_sharing_enabled":true,"_links":{"self":[{"href":"https:\/\/www.golfcenteralmeria.com\/index.php?rest_route=\/wp\/v2\/product\/4725","targetHints":{"allow":["GET"]}}],"collection":[{"href":"https:\/\/www.golfcenteralmeria.com\/index.php?rest_route=\/wp\/v2\/product"}],"about":[{"href":"https:\/\/www.golfcenteralmeria.com\/index.php?rest_route=\/wp\/v2\/types\/product"}],"replies":[{"embeddable":true,"href":"https:\/\/www.golfcenteralmeria.com\/index.php?rest_route=%2Fwp%2Fv2%2Fcomments&post=4725"}],"wp:featuredmedia":[{"embeddable":true,"href":"https:\/\/www.golfcenteralmeria.com\/index.php?rest_route=\/wp\/v2\/media\/4726"}],"wp:attachment":[{"href":"https:\/\/www.golfcenteralmeria.com\/index.php?rest_route=%2Fwp%2Fv2%2Fmedia&parent=4725"}],"wp:term":[{"taxonomy":"product_brand","embeddable":true,"href":"https:\/\/www.golfcenteralmeria.com\/index.php?rest_route=%2Fwp%2Fv2%2Fproduct_brand&post=4725"},{"taxonomy":"product_cat","embeddable":true,"href":"https:\/\/www.golfcenteralmeria.com\/index.php?rest_route=%2Fwp%2Fv2%2Fproduct_cat&post=4725"},{"taxonomy":"product_tag","embeddable":true,"href":"https:\/\/www.golfcenteralmeria.com\/index.php?rest_route=%2Fwp%2Fv2%2Fproduct_tag&post=4725"}],"curies":[{"name":"wp","href":"https:\/\/api.w.org\/{rel}","templated":true}]}}