{"id":4704,"date":"2025-02-13T08:44:28","date_gmt":"2025-02-13T08:44:28","guid":{"rendered":"https:\/\/www.golfcenteralmeria.com\/?post_type=product&#038;p=4704"},"modified":"2025-02-13T08:44:28","modified_gmt":"2025-02-13T08:44:28","slug":"set-de-hierros-cobra-ds-adapt-5-pw","status":"publish","type":"product","link":"https:\/\/www.golfcenteralmeria.com\/?product=set-de-hierros-cobra-ds-adapt-5-pw","title":{"rendered":"set de Hierros Cobra DS Adapt 5-pw"},"content":{"rendered":"<div id=\"description\" class=\"tab-pane in active\">\n<div class=\"product-description\">\n<div class=\"rte-content\">\n<h4>Hierros Cobra DS Adapt<\/h4>\n<h4>Distancia y control ajustados<\/h4>\n<p>Ajuste la distancia y el control con el nuevo hierro DS-ADAPT, que cuenta con un inserto de cara 360 SPEEDSHELL, una construcci\u00f3n hueca y un peso PWR-BRIDGE adaptable redise\u00f1ado junto con una nueva espuma m\u00e1s suave, que ofrece una sensaci\u00f3n y una respuesta excepcionales.<\/p>\n<p>&nbsp;<\/p>\n<h4>La cara 360 SPEEDSHELL ofrece un 23 % m\u00e1s de flexi\u00f3n de cara<\/h4>\n<p>Un inserto de cara redise\u00f1ado es el m\u00e1s grande que hemos utilizado hasta la fecha y envuelve m\u00e1s la zona de la puntera y la suela. Un inserto m\u00e1s grande combinado con la tecnolog\u00eda H.O.T. Face ofrece un 23 % m\u00e1s de flexi\u00f3n de cara que los hierros DARKSPEED de la generaci\u00f3n anterior, lo que permite una mayor velocidad, un lanzamiento m\u00e1s alto e incluso m\u00e1s distancia.<\/p>\n<h4>Ac\u00fastica y sensaci\u00f3n optimizadas<\/h4>\n<p>La cavidad hueca est\u00e1 llena de una espuma suave que amortigua las vibraciones para ofrecer un sonido y una sensaci\u00f3n excepcionales.<\/p>\n<h4>Nuevo sistema de peso adaptable interno<\/h4>\n<p>Un peso PWR-BRIDGE redise\u00f1ado posiciona el C.G. M\u00e1s bajos para una mejor transferencia de energ\u00eda y un lanzamiento m\u00e1s alto, lo que resulta en una mayor distancia de juego.<\/p>\n<h4>Construcci\u00f3n de cuerpo hueco<\/h4>\n<p>Inspir\u00e1ndose en un dise\u00f1o de metal y madera, la construcci\u00f3n de cuerpo hueco de cada hierro mejora la distribuci\u00f3n del peso, creando una cara sin soporte para liberar el m\u00e1ximo potencial de distancia<\/p>\n<p>&nbsp;<\/p>\n<p>&nbsp;<\/p>\n<\/div>\n<\/div>\n<\/div>\n<div id=\"product-details-tab\" class=\"tab-pane \">\n<div id=\"product-details\" class=\"clearfix js-product-details\" data-product=\"{&quot;id_shop_default&quot;:&quot;1&quot;,&quot;id_manufacturer&quot;:&quot;150&quot;,&quot;id_supplier&quot;:&quot;0&quot;,&quot;reference&quot;:&quot;12535&quot;,&quot;is_virtual&quot;:&quot;0&quot;,&quot;delivery_in_stock&quot;:&quot;&quot;,&quot;delivery_out_stock&quot;:&quot;&quot;,&quot;id_category_default&quot;:&quot;157&quot;,&quot;on_sale&quot;:&quot;0&quot;,&quot;online_only&quot;:&quot;0&quot;,&quot;ecotax&quot;:0,&quot;minimal_quantity&quot;:&quot;1&quot;,&quot;low_stock_threshold&quot;:null,&quot;low_stock_alert&quot;:&quot;0&quot;,&quot;price&quot;:&quot;809,00\\u00a0\\u20ac&quot;,&quot;unity&quot;:&quot;&quot;,&quot;unit_price_ratio&quot;:&quot;0.000000&quot;,&quot;additional_shipping_cost&quot;:&quot;0.000000&quot;,&quot;customizable&quot;:&quot;0&quot;,&quot;text_fields&quot;:&quot;0&quot;,&quot;uploadable_files&quot;:&quot;0&quot;,&quot;redirect_type&quot;:&quot;301-category&quot;,&quot;id_type_redirected&quot;:&quot;0&quot;,&quot;available_for_order&quot;:&quot;1&quot;,&quot;available_date&quot;:&quot;2017-01-01&quot;,&quot;show_condition&quot;:&quot;1&quot;,&quot;condition&quot;:&quot;new&quot;,&quot;show_price&quot;:&quot;1&quot;,&quot;indexed&quot;:&quot;1&quot;,&quot;visibility&quot;:&quot;both&quot;,&quot;cache_default_attribute&quot;:&quot;35778&quot;,&quot;advanced_stock_management&quot;:&quot;1&quot;,&quot;date_add&quot;:&quot;2025-01-09 14:51:19&quot;,&quot;date_upd&quot;:&quot;2025-01-10 14:52:41&quot;,&quot;pack_stock_type&quot;:&quot;0&quot;,&quot;meta_description&quot;:&quot;Hierros golf Cobra DS Adapt&quot;,&quot;meta_keywords&quot;:&quot;&quot;,&quot;meta_title&quot;:&quot;Hierros golf Cobra DS Adapt&quot;,&quot;link_rewrite&quot;:&quot;hierros-golf-cobra-ds-adapt&quot;,&quot;name&quot;:&quot;Hierros Cobra DS Adapt&quot;,&quot;description&quot;:&quot;&lt;h2&gt;Hierros Cobra DS Adapt&lt;\\\/h2&gt;\\r\\n&lt;p&gt;&lt;\\\/p&gt;\\r\\n&lt;h4&gt;Distancia y control ajustados&lt;\\\/h4&gt;\\r\\n&lt;p&gt;Ajuste la distancia y el control con el nuevo hierro DS-ADAPT, que cuenta con un inserto de cara 360 SPEEDSHELL, una construcci\\u00f3n hueca y un peso PWR-BRIDGE adaptable redise\\u00f1ado junto con una nueva espuma m\\u00e1s suave, que ofrece una sensaci\\u00f3n y una respuesta excepcionales.&lt;\\\/p&gt;\\r\\n&lt;p&gt;&lt;\\\/p&gt;\\r\\n&lt;h4&gt;La cara 360 SPEEDSHELL ofrece un 23 % m\\u00e1s de flexi\\u00f3n de cara&lt;\\\/h4&gt;\\r\\n&lt;p&gt;Un inserto de cara redise\\u00f1ado es el m\\u00e1s grande que hemos utilizado hasta la fecha y envuelve m\\u00e1s la zona de la puntera y la suela. Un inserto m\\u00e1s grande combinado con la tecnolog\\u00eda H.O.T. Face ofrece un 23 % m\\u00e1s de flexi\\u00f3n de cara que los hierros DARKSPEED de la generaci\\u00f3n anterior, lo que permite una mayor velocidad, un lanzamiento m\\u00e1s alto e incluso m\\u00e1s distancia.&lt;\\\/p&gt;\\r\\n&lt;p&gt;&lt;\\\/p&gt;\\r\\n&lt;h4&gt;Ac\\u00fastica y sensaci\\u00f3n optimizadas&lt;\\\/h4&gt;\\r\\n&lt;p&gt;La cavidad hueca est\\u00e1 llena de una espuma suave que amortigua las vibraciones para ofrecer un sonido y una sensaci\\u00f3n excepcionales.&lt;\\\/p&gt;\\r\\n&lt;p&gt;&lt;\\\/p&gt;\\r\\n&lt;h4&gt;Nuevo sistema de peso adaptable interno&lt;\\\/h4&gt;\\r\\n&lt;p&gt;Un peso PWR-BRIDGE redise\\u00f1ado posiciona el C.G. M\\u00e1s bajos para una mejor transferencia de energ\\u00eda y un lanzamiento m\\u00e1s alto, lo que resulta en una mayor distancia de juego.&lt;\\\/p&gt;\\r\\n&lt;p&gt;&lt;\\\/p&gt;\\r\\n&lt;h4&gt;Construcci\\u00f3n de cuerpo hueco&lt;\\\/h4&gt;\\r\\n&lt;p&gt;Inspir\\u00e1ndose en un dise\\u00f1o de metal y madera, la construcci\\u00f3n de cuerpo hueco de cada hierro mejora la distribuci\\u00f3n del peso, creando una cara sin soporte para liberar el m\\u00e1ximo potencial de distancia&lt;\\\/p&gt;\\r\\n&lt;p&gt;&lt;\\\/p&gt;\\r\\n&lt;p&gt;dsadapt&lt;\\\/p&gt;&quot;,&quot;description_short&quot;:&quot;&lt;p&gt;Hierros Cobra DS Adapt&lt;\\\/p&gt;&quot;,&quot;available_now&quot;:&quot;Disponible&quot;,&quot;available_later&quot;:&quot;No Disponible&quot;,&quot;id&quot;:6404,&quot;id_product&quot;:6404,&quot;out_of_stock&quot;:0,&quot;new&quot;:0,&quot;id_product_attribute&quot;:35778,&quot;quantity_wanted&quot;:1,&quot;extraContent&quot;:[{&quot;title&quot;:&quot;&lt;span class=\\&quot;iqitreviews-title float-left\\&quot;&gt;Reviews&lt;\\\/span&gt; &lt;span class=\\&quot;iqitreviews-nb\\&quot;&gt;(0)&lt;\\\/span&gt;&quot;,&quot;content&quot;:&quot;\\n&lt;div id=\\&quot;iqit-reviews\\&quot; class=\\&quot;mt-3\\&quot;&gt;\\n\\n &lt;div id=\\&quot;iqit-reviews-top\\&quot;&gt;\\n &lt;div class=\\&quot;row justify-content-between align-items-center\\&quot;&gt;\\n\\n &lt;div class=\\&quot;col mb-3\\&quot;&gt;\\n &lt;div id=\\&quot;iqitreviews-snippet\\&quot;&gt;No reviews&lt;\\\/div&gt;\\n &lt;\\\/div&gt;\\n\\n \\n &lt;\\\/div&gt; &lt;!-- \\\/ .row --&gt;\\n&lt;\\\/div&gt;&lt;!-- \\\/ #iqit-reviews-top --&gt;\\n\\n\\n&lt;div class=\\&quot;col-xs-12 alert alert-success hidden-xs-up\\&quot;\\n id=\\&quot;iqitreviews-productreview-form-success-alert\\&quot;&gt;\\n&lt;\\\/div&gt;\\n\\n\\n\\n\\n\\n&lt;\\\/div&gt;\\n\\n&quot;,&quot;attr&quot;:{&quot;id&quot;:&quot;iqit-reviews-tab&quot;,&quot;class&quot;:&quot;&quot;,&quot;data-iqitextra&quot;:&quot;iqit-reviews-tab&quot;},&quot;moduleName&quot;:&quot;iqitreviews&quot;}],&quot;allow_oosp&quot;:0,&quot;category&quot;:&quot;Juegodehierros&quot;,&quot;category_name&quot;:&quot;Juego de hierros&quot;,&quot;link&quot;:&quot;https:\\\/\\\/golfriends.es\\\/es\\\/Juegodehierros\\\/6404-hierros-golf-cobra-ds-adapt.html&quot;,&quot;attribute_price&quot;:0,&quot;price_tax_exc&quot;:668.595041,&quot;price_without_reduction&quot;:809,&quot;reduction&quot;:0,&quot;specific_prices&quot;:{&quot;id_specific_price&quot;:&quot;784360&quot;,&quot;id_specific_price_rule&quot;:&quot;0&quot;,&quot;id_cart&quot;:&quot;0&quot;,&quot;id_product&quot;:&quot;6404&quot;,&quot;id_shop&quot;:&quot;0&quot;,&quot;id_shop_group&quot;:&quot;0&quot;,&quot;id_currency&quot;:&quot;0&quot;,&quot;id_country&quot;:&quot;0&quot;,&quot;id_group&quot;:&quot;1&quot;,&quot;id_customer&quot;:&quot;0&quot;,&quot;id_product_attribute&quot;:&quot;35778&quot;,&quot;price&quot;:668.595041,&quot;from_quantity&quot;:&quot;0&quot;,&quot;reduction&quot;:&quot;0.000000&quot;,&quot;reduction_tax&quot;:&quot;1&quot;,&quot;reduction_type&quot;:&quot;amount&quot;,&quot;from&quot;:&quot;2001-01-01 00:00:00&quot;,&quot;to&quot;:&quot;2035-01-01 23:59:59&quot;,&quot;score&quot;:&quot;34&quot;},&quot;quantity&quot;:2,&quot;quantity_all_versions&quot;:4,&quot;id_image&quot;:&quot;es-default&quot;,&quot;features&quot;:[{&quot;name&quot;:&quot;Caracter\\u00edstica&quot;,&quot;value&quot;:&quot;UNISEX&quot;,&quot;id_feature&quot;:&quot;3&quot;,&quot;position&quot;:&quot;0&quot;}],&quot;attachments&quot;:[],&quot;virtual&quot;:0,&quot;pack&quot;:0,&quot;packItems&quot;:[],&quot;nopackprice&quot;:0,&quot;customization_required&quot;:false,&quot;attributes&quot;:{&quot;2&quot;:{&quot;id_attribute&quot;:&quot;1004&quot;,&quot;id_attribute_group&quot;:&quot;2&quot;,&quot;name&quot;:&quot;5-PW&quot;,&quot;group&quot;:&quot;Color&quot;,&quot;reference&quot;:&quot;12535\\u00b7DB\\u00b7BK&quot;,&quot;ean13&quot;:&quot;&quot;,&quot;isbn&quot;:&quot;&quot;,&quot;upc&quot;:&quot;&quot;,&quot;mpn&quot;:&quot;&quot;},&quot;1&quot;:{&quot;id_attribute&quot;:&quot;1171&quot;,&quot;id_attribute_group&quot;:&quot;1&quot;,&quot;name&quot;:&quot;ACERO REGULAR&quot;,&quot;group&quot;:&quot;Talla&quot;,&quot;reference&quot;:&quot;12535\\u00b7DB\\u00b7BK&quot;,&quot;ean13&quot;:&quot;&quot;,&quot;isbn&quot;:&quot;&quot;,&quot;upc&quot;:&quot;&quot;,&quot;mpn&quot;:&quot;&quot;}},&quot;rate&quot;:21,&quot;tax_name&quot;:&quot;IVA 21% (5,2%)&quot;,&quot;ecotax_rate&quot;:0,&quot;unit_price&quot;:&quot;&quot;,&quot;customizations&quot;:{&quot;fields&quot;:[]},&quot;id_customization&quot;:0,&quot;is_customizable&quot;:false,&quot;show_quantities&quot;:true,&quot;quantity_label&quot;:&quot;Art\\u00edculos&quot;,&quot;quantity_discounts&quot;:[],&quot;customer_group_discount&quot;:0,&quot;images&quot;:[{&quot;bySize&quot;:{&quot;small_default&quot;:{&quot;url&quot;:&quot;https:\\\/\\\/golfriends.es\\\/21008-small_default\\\/hierros-golf-cobra-ds-adapt.jpg&quot;,&quot;width&quot;:98,&quot;height&quot;:127},&quot;cart_default&quot;:{&quot;url&quot;:&quot;https:\\\/\\\/golfriends.es\\\/21008-cart_default\\\/hierros-golf-cobra-ds-adapt.jpg&quot;,&quot;width&quot;:125,&quot;height&quot;:162},&quot;home_default&quot;:{&quot;url&quot;:&quot;https:\\\/\\\/golfriends.es\\\/21008-home_default\\\/hierros-golf-cobra-ds-adapt.jpg&quot;,&quot;width&quot;:236,&quot;height&quot;:305},&quot;large_default&quot;:{&quot;url&quot;:&quot;https:\\\/\\\/golfriends.es\\\/21008-large_default\\\/hierros-golf-cobra-ds-adapt.jpg&quot;,&quot;width&quot;:381,&quot;height&quot;:492},&quot;medium_default&quot;:{&quot;url&quot;:&quot;https:\\\/\\\/golfriends.es\\\/21008-medium_default\\\/hierros-golf-cobra-ds-adapt.jpg&quot;,&quot;width&quot;:452,&quot;height&quot;:584},&quot;thickbox_default&quot;:{&quot;url&quot;:&quot;https:\\\/\\\/golfriends.es\\\/21008-thickbox_default\\\/hierros-golf-cobra-ds-adapt.jpg&quot;,&quot;width&quot;:1100,&quot;height&quot;:1422}},&quot;small&quot;:{&quot;url&quot;:&quot;https:\\\/\\\/golfriends.es\\\/21008-small_default\\\/hierros-golf-cobra-ds-adapt.jpg&quot;,&quot;width&quot;:98,&quot;height&quot;:127},&quot;medium&quot;:{&quot;url&quot;:&quot;https:\\\/\\\/golfriends.es\\\/21008-large_default\\\/hierros-golf-cobra-ds-adapt.jpg&quot;,&quot;width&quot;:381,&quot;height&quot;:492},&quot;large&quot;:{&quot;url&quot;:&quot;https:\\\/\\\/golfriends.es\\\/21008-thickbox_default\\\/hierros-golf-cobra-ds-adapt.jpg&quot;,&quot;width&quot;:1100,&quot;height&quot;:1422},&quot;legend&quot;:&quot;&quot;,&quot;id_image&quot;:&quot;21008&quot;,&quot;cover&quot;:&quot;1&quot;,&quot;position&quot;:&quot;1&quot;,&quot;associatedVariants&quot;:[]},{&quot;bySize&quot;:{&quot;small_default&quot;:{&quot;url&quot;:&quot;https:\\\/\\\/golfriends.es\\\/21006-small_default\\\/hierros-golf-cobra-ds-adapt.jpg&quot;,&quot;width&quot;:98,&quot;height&quot;:127},&quot;cart_default&quot;:{&quot;url&quot;:&quot;https:\\\/\\\/golfriends.es\\\/21006-cart_default\\\/hierros-golf-cobra-ds-adapt.jpg&quot;,&quot;width&quot;:125,&quot;height&quot;:162},&quot;home_default&quot;:{&quot;url&quot;:&quot;https:\\\/\\\/golfriends.es\\\/21006-home_default\\\/hierros-golf-cobra-ds-adapt.jpg&quot;,&quot;width&quot;:236,&quot;height&quot;:305},&quot;large_default&quot;:{&quot;url&quot;:&quot;https:\\\/\\\/golfriends.es\\\/21006-large_default\\\/hierros-golf-cobra-ds-adapt.jpg&quot;,&quot;width&quot;:381,&quot;height&quot;:492},&quot;medium_default&quot;:{&quot;url&quot;:&quot;https:\\\/\\\/golfriends.es\\\/21006-medium_default\\\/hierros-golf-cobra-ds-adapt.jpg&quot;,&quot;width&quot;:452,&quot;height&quot;:584},&quot;thickbox_default&quot;:{&quot;url&quot;:&quot;https:\\\/\\\/golfriends.es\\\/21006-thickbox_default\\\/hierros-golf-cobra-ds-adapt.jpg&quot;,&quot;width&quot;:1100,&quot;height&quot;:1422}},&quot;small&quot;:{&quot;url&quot;:&quot;https:\\\/\\\/golfriends.es\\\/21006-small_default\\\/hierros-golf-cobra-ds-adapt.jpg&quot;,&quot;width&quot;:98,&quot;height&quot;:127},&quot;medium&quot;:{&quot;url&quot;:&quot;https:\\\/\\\/golfriends.es\\\/21006-large_default\\\/hierros-golf-cobra-ds-adapt.jpg&quot;,&quot;width&quot;:381,&quot;height&quot;:492},&quot;large&quot;:{&quot;url&quot;:&quot;https:\\\/\\\/golfriends.es\\\/21006-thickbox_default\\\/hierros-golf-cobra-ds-adapt.jpg&quot;,&quot;width&quot;:1100,&quot;height&quot;:1422},&quot;legend&quot;:&quot;&quot;,&quot;id_image&quot;:&quot;21006&quot;,&quot;cover&quot;:null,&quot;position&quot;:&quot;2&quot;,&quot;associatedVariants&quot;:[]},{&quot;bySize&quot;:{&quot;small_default&quot;:{&quot;url&quot;:&quot;https:\\\/\\\/golfriends.es\\\/21007-small_default\\\/hierros-golf-cobra-ds-adapt.jpg&quot;,&quot;width&quot;:98,&quot;height&quot;:127},&quot;cart_default&quot;:{&quot;url&quot;:&quot;https:\\\/\\\/golfriends.es\\\/21007-cart_default\\\/hierros-golf-cobra-ds-adapt.jpg&quot;,&quot;width&quot;:125,&quot;height&quot;:162},&quot;home_default&quot;:{&quot;url&quot;:&quot;https:\\\/\\\/golfriends.es\\\/21007-home_default\\\/hierros-golf-cobra-ds-adapt.jpg&quot;,&quot;width&quot;:236,&quot;height&quot;:305},&quot;large_default&quot;:{&quot;url&quot;:&quot;https:\\\/\\\/golfriends.es\\\/21007-large_default\\\/hierros-golf-cobra-ds-adapt.jpg&quot;,&quot;width&quot;:381,&quot;height&quot;:492},&quot;medium_default&quot;:{&quot;url&quot;:&quot;https:\\\/\\\/golfriends.es\\\/21007-medium_default\\\/hierros-golf-cobra-ds-adapt.jpg&quot;,&quot;width&quot;:452,&quot;height&quot;:584},&quot;thickbox_default&quot;:{&quot;url&quot;:&quot;https:\\\/\\\/golfriends.es\\\/21007-thickbox_default\\\/hierros-golf-cobra-ds-adapt.jpg&quot;,&quot;width&quot;:1100,&quot;height&quot;:1422}},&quot;small&quot;:{&quot;url&quot;:&quot;https:\\\/\\\/golfriends.es\\\/21007-small_default\\\/hierros-golf-cobra-ds-adapt.jpg&quot;,&quot;width&quot;:98,&quot;height&quot;:127},&quot;medium&quot;:{&quot;url&quot;:&quot;https:\\\/\\\/golfriends.es\\\/21007-large_default\\\/hierros-golf-cobra-ds-adapt.jpg&quot;,&quot;width&quot;:381,&quot;height&quot;:492},&quot;large&quot;:{&quot;url&quot;:&quot;https:\\\/\\\/golfriends.es\\\/21007-thickbox_default\\\/hierros-golf-cobra-ds-adapt.jpg&quot;,&quot;width&quot;:1100,&quot;height&quot;:1422},&quot;legend&quot;:&quot;&quot;,&quot;id_image&quot;:&quot;21007&quot;,&quot;cover&quot;:null,&quot;position&quot;:&quot;3&quot;,&quot;associatedVariants&quot;:[]},{&quot;bySize&quot;:{&quot;small_default&quot;:{&quot;url&quot;:&quot;https:\\\/\\\/golfriends.es\\\/21009-small_default\\\/hierros-golf-cobra-ds-adapt.jpg&quot;,&quot;width&quot;:98,&quot;height&quot;:127},&quot;cart_default&quot;:{&quot;url&quot;:&quot;https:\\\/\\\/golfriends.es\\\/21009-cart_default\\\/hierros-golf-cobra-ds-adapt.jpg&quot;,&quot;width&quot;:125,&quot;height&quot;:162},&quot;home_default&quot;:{&quot;url&quot;:&quot;https:\\\/\\\/golfriends.es\\\/21009-home_default\\\/hierros-golf-cobra-ds-adapt.jpg&quot;,&quot;width&quot;:236,&quot;height&quot;:305},&quot;large_default&quot;:{&quot;url&quot;:&quot;https:\\\/\\\/golfriends.es\\\/21009-large_default\\\/hierros-golf-cobra-ds-adapt.jpg&quot;,&quot;width&quot;:381,&quot;height&quot;:492},&quot;medium_default&quot;:{&quot;url&quot;:&quot;https:\\\/\\\/golfriends.es\\\/21009-medium_default\\\/hierros-golf-cobra-ds-adapt.jpg&quot;,&quot;width&quot;:452,&quot;height&quot;:584},&quot;thickbox_default&quot;:{&quot;url&quot;:&quot;https:\\\/\\\/golfriends.es\\\/21009-thickbox_default\\\/hierros-golf-cobra-ds-adapt.jpg&quot;,&quot;width&quot;:1100,&quot;height&quot;:1422}},&quot;small&quot;:{&quot;url&quot;:&quot;https:\\\/\\\/golfriends.es\\\/21009-small_default\\\/hierros-golf-cobra-ds-adapt.jpg&quot;,&quot;width&quot;:98,&quot;height&quot;:127},&quot;medium&quot;:{&quot;url&quot;:&quot;https:\\\/\\\/golfriends.es\\\/21009-large_default\\\/hierros-golf-cobra-ds-adapt.jpg&quot;,&quot;width&quot;:381,&quot;height&quot;:492},&quot;large&quot;:{&quot;url&quot;:&quot;https:\\\/\\\/golfriends.es\\\/21009-thickbox_default\\\/hierros-golf-cobra-ds-adapt.jpg&quot;,&quot;width&quot;:1100,&quot;height&quot;:1422},&quot;legend&quot;:&quot;&quot;,&quot;id_image&quot;:&quot;21009&quot;,&quot;cover&quot;:null,&quot;position&quot;:&quot;4&quot;,&quot;associatedVariants&quot;:[]}],&quot;cover&quot;:{&quot;bySize&quot;:{&quot;small_default&quot;:{&quot;url&quot;:&quot;https:\\\/\\\/golfriends.es\\\/21008-small_default\\\/hierros-golf-cobra-ds-adapt.jpg&quot;,&quot;width&quot;:98,&quot;height&quot;:127},&quot;cart_default&quot;:{&quot;url&quot;:&quot;https:\\\/\\\/golfriends.es\\\/21008-cart_default\\\/hierros-golf-cobra-ds-adapt.jpg&quot;,&quot;width&quot;:125,&quot;height&quot;:162},&quot;home_default&quot;:{&quot;url&quot;:&quot;https:\\\/\\\/golfriends.es\\\/21008-home_default\\\/hierros-golf-cobra-ds-adapt.jpg&quot;,&quot;width&quot;:236,&quot;height&quot;:305},&quot;large_default&quot;:{&quot;url&quot;:&quot;https:\\\/\\\/golfriends.es\\\/21008-large_default\\\/hierros-golf-cobra-ds-adapt.jpg&quot;,&quot;width&quot;:381,&quot;height&quot;:492},&quot;medium_default&quot;:{&quot;url&quot;:&quot;https:\\\/\\\/golfriends.es\\\/21008-medium_default\\\/hierros-golf-cobra-ds-adapt.jpg&quot;,&quot;width&quot;:452,&quot;height&quot;:584},&quot;thickbox_default&quot;:{&quot;url&quot;:&quot;https:\\\/\\\/golfriends.es\\\/21008-thickbox_default\\\/hierros-golf-cobra-ds-adapt.jpg&quot;,&quot;width&quot;:1100,&quot;height&quot;:1422}},&quot;small&quot;:{&quot;url&quot;:&quot;https:\\\/\\\/golfriends.es\\\/21008-small_default\\\/hierros-golf-cobra-ds-adapt.jpg&quot;,&quot;width&quot;:98,&quot;height&quot;:127},&quot;medium&quot;:{&quot;url&quot;:&quot;https:\\\/\\\/golfriends.es\\\/21008-large_default\\\/hierros-golf-cobra-ds-adapt.jpg&quot;,&quot;width&quot;:381,&quot;height&quot;:492},&quot;large&quot;:{&quot;url&quot;:&quot;https:\\\/\\\/golfriends.es\\\/21008-thickbox_default\\\/hierros-golf-cobra-ds-adapt.jpg&quot;,&quot;width&quot;:1100,&quot;height&quot;:1422},&quot;legend&quot;:&quot;&quot;,&quot;id_image&quot;:&quot;21008&quot;,&quot;cover&quot;:&quot;1&quot;,&quot;position&quot;:&quot;1&quot;,&quot;associatedVariants&quot;:[]},&quot;has_discount&quot;:false,&quot;discount_type&quot;:&quot;amount&quot;,&quot;discount_percentage&quot;:&quot;0%&quot;,&quot;discount_percentage_absolute&quot;:&quot;0%&quot;,&quot;discount_amount&quot;:&quot;0,00\\u00a0\\u20ac&quot;,&quot;discount_amount_to_display&quot;:&quot;-0,00\\u00a0\\u20ac&quot;,&quot;price_amount&quot;:809,&quot;unit_price_full&quot;:&quot;&quot;,&quot;show_availability&quot;:true,&quot;availability_date&quot;:null,&quot;availability_message&quot;:&quot;\\u00daltimas unidades en stock&quot;,&quot;availability&quot;:&quot;last_remaining_items&quot;}\">\n<section class=\"product-features\">\n<dl class=\"data-sheet\">\n<dt class=\"name\"><\/dt>\n<dd class=\"value\"><\/dd>\n<\/dl>\n<\/section>\n<div class=\"product-quantities\"><\/div>\n<div class=\"product-condition\"><\/div>\n<div class=\"product-out-of-stock\"><\/div>\n<\/div>\n<\/div>\n<div id=\"extra-0\" class=\"tab-pane in \" data-iqitextra=\"iqit-reviews-tab\">\n<div id=\"iqit-reviews\" class=\"mt-3\">\n<div id=\"iqit-reviews-top\">\n<div class=\"row justify-content-between align-items-center\">\n<div class=\"col mb-3\">\n<div id=\"iqitreviews-snippet\"><\/div>\n<\/div>\n<\/div>\n<\/div>\n<\/div>\n<\/div>\n","protected":false},"excerpt":{"rendered":"<h4>Hierros Cobra DS Adapt<\/h4>\n<h4>Distancia y control ajustados<\/h4>\n<p>Ajuste la distancia y el control con el nuevo hierro DS-ADAPT, que cuenta con un inserto de cara 360 SPEEDSHELL, una construcci\u00f3n hueca y un peso PWR-BRIDGE adaptable redise\u00f1ado junto con una nueva espuma m\u00e1s suave, que ofrece una sensaci\u00f3n y una respuesta excepcionales.<\/p>\n","protected":false},"featured_media":4705,"comment_status":"open","ping_status":"closed","template":"","meta":[],"product_brand":[],"product_cat":[77,74],"product_tag":[],"class_list":{"0":"post-4704","1":"product","2":"type-product","3":"status-publish","4":"has-post-thumbnail","6":"product_cat-palos-de-golf","7":"product_cat-hierros","8":"pa_marca-cobra-golf","10":"first","11":"instock","12":"taxable","13":"shipping-taxable","14":"purchasable","15":"product-type-variable"},"jetpack-related-posts":[],"jetpack_sharing_enabled":true,"_links":{"self":[{"href":"https:\/\/www.golfcenteralmeria.com\/index.php?rest_route=\/wp\/v2\/product\/4704","targetHints":{"allow":["GET"]}}],"collection":[{"href":"https:\/\/www.golfcenteralmeria.com\/index.php?rest_route=\/wp\/v2\/product"}],"about":[{"href":"https:\/\/www.golfcenteralmeria.com\/index.php?rest_route=\/wp\/v2\/types\/product"}],"replies":[{"embeddable":true,"href":"https:\/\/www.golfcenteralmeria.com\/index.php?rest_route=%2Fwp%2Fv2%2Fcomments&post=4704"}],"wp:featuredmedia":[{"embeddable":true,"href":"https:\/\/www.golfcenteralmeria.com\/index.php?rest_route=\/wp\/v2\/media\/4705"}],"wp:attachment":[{"href":"https:\/\/www.golfcenteralmeria.com\/index.php?rest_route=%2Fwp%2Fv2%2Fmedia&parent=4704"}],"wp:term":[{"taxonomy":"product_brand","embeddable":true,"href":"https:\/\/www.golfcenteralmeria.com\/index.php?rest_route=%2Fwp%2Fv2%2Fproduct_brand&post=4704"},{"taxonomy":"product_cat","embeddable":true,"href":"https:\/\/www.golfcenteralmeria.com\/index.php?rest_route=%2Fwp%2Fv2%2Fproduct_cat&post=4704"},{"taxonomy":"product_tag","embeddable":true,"href":"https:\/\/www.golfcenteralmeria.com\/index.php?rest_route=%2Fwp%2Fv2%2Fproduct_tag&post=4704"}],"curies":[{"name":"wp","href":"https:\/\/api.w.org\/{rel}","templated":true}]}}