{"id":4655,"date":"2025-02-12T10:03:03","date_gmt":"2025-02-12T10:03:03","guid":{"rendered":"https:\/\/www.golfcenteralmeria.com\/?post_type=product&#038;p=4655"},"modified":"2025-02-12T10:06:29","modified_gmt":"2025-02-12T10:06:29","slug":"hibrido-cleveland-halo-xl","status":"publish","type":"product","link":"https:\/\/www.golfcenteralmeria.com\/?product=hibrido-cleveland-halo-xl","title":{"rendered":"H\u00edbrido Cleveland Halo XL Hy-wood"},"content":{"rendered":"<p>El <b>H\u00edbrido Cleveland Halo XL Hy-wood <\/b>cuenta con un dise\u00f1o, llamado Hy-Woods por Cleveland, que combina tama\u00f1o de cabeza y longitud de palo, para proporcionar la distancia y el control de un h\u00edbrido y de una madera de calle.<\/p>\n<p><b>Caracter\u00edsticas:<\/b><\/p>\n<ul>\n<li><b>H\u00edbrido Cleveland Halo XL:<\/b>\u00a0El dise\u00f1o, llamado por Cleveland\u00a0Hy-Woods,\u00a0combina el tama\u00f1o de cabeza\u00a0y longitud de palo, para proporcionar la distancia y el control de un h\u00edbrido y de una madera de calle.<\/li>\n<\/ul>\n<p><b>Tecnolog\u00edas:<\/b><\/p>\n<ul>\n<li><b>Gliderail: <\/b>Cuenta con 3 ra\u00edles a lo largo de la suela, que se deslizan mejor sobre el campo, para conseguir un golpe \u00f3ptimo y mantener la velocidad.<\/li>\n<li><b>Mainframe XL:<\/b> La cara cuenta con un grosor que aumenta el punto \u00f3ptimo de golpeo, para proporcionar mayor energ\u00eda en cada golpe y alcanzar mayores distancias, y la ubicaci\u00f3n del peso ofrece un vuelo largo y alto de la bola.<\/li>\n<li><b>XL Head Design: <\/b>El dise\u00f1o de cabeza XL permite alejar m\u00e1s masa del centro del palo, lo que mejora el MOI, proporciona mayor perd\u00f3n, y consistencia en cada golpe.<\/li>\n<li><b>HiBore Crown Step: <\/b>Centro de gravedad m\u00e1s bajo en la cabeza del palo, para proporciona un vuelo m\u00e1s largo y recto.<\/li>\n<li><b>Rebound Frame:<\/b> Cuenta con un segundo anillo de flexibilidad detr\u00e1s de la cara, protegido por la rigidez de la parte posterior de la cabeza, que hace que en el momento del impacto se produzca una doble flexi\u00f3n, que aumenta la cantidad de energ\u00eda que se transfiera en el golpe, y permite conseguir mayor velocidad y distancia.<\/li>\n<li><b>Action Mass CB:<\/b> Contrapeso de 8 g en el extremo del eje, cerca de la parte superior del agarre, que proporciona una sensaci\u00f3n de mayor peso en las manos, y hace que parezca que el palo es m\u00e1s ligero, para mayor control del golpe y golpes m\u00e1s rectos.<\/li>\n<\/ul>\n","protected":false},"excerpt":{"rendered":"<p>El <b>H\u00edbrido Cleveland Halo XL Hy-wood <\/b>cuenta con un dise\u00f1o, llamado Hy-Woods por Cleveland, que combina tama\u00f1o de cabeza y longitud de palo, para proporcionar la distancia y el control de un h\u00edbrido y de una madera de calle.<\/p>\n","protected":false},"featured_media":4656,"comment_status":"open","ping_status":"closed","template":"","meta":[],"product_brand":[],"product_cat":[77,185],"product_tag":[],"class_list":{"0":"post-4655","1":"product","2":"type-product","3":"status-publish","4":"has-post-thumbnail","6":"product_cat-palos-de-golf","7":"product_cat-hibridos","8":"pa_marca-cleveland-golf","10":"first","11":"instock","12":"taxable","13":"shipping-taxable","14":"purchasable","15":"product-type-variable"},"jetpack-related-posts":[],"jetpack_sharing_enabled":true,"_links":{"self":[{"href":"https:\/\/www.golfcenteralmeria.com\/index.php?rest_route=\/wp\/v2\/product\/4655","targetHints":{"allow":["GET"]}}],"collection":[{"href":"https:\/\/www.golfcenteralmeria.com\/index.php?rest_route=\/wp\/v2\/product"}],"about":[{"href":"https:\/\/www.golfcenteralmeria.com\/index.php?rest_route=\/wp\/v2\/types\/product"}],"replies":[{"embeddable":true,"href":"https:\/\/www.golfcenteralmeria.com\/index.php?rest_route=%2Fwp%2Fv2%2Fcomments&post=4655"}],"wp:featuredmedia":[{"embeddable":true,"href":"https:\/\/www.golfcenteralmeria.com\/index.php?rest_route=\/wp\/v2\/media\/4656"}],"wp:attachment":[{"href":"https:\/\/www.golfcenteralmeria.com\/index.php?rest_route=%2Fwp%2Fv2%2Fmedia&parent=4655"}],"wp:term":[{"taxonomy":"product_brand","embeddable":true,"href":"https:\/\/www.golfcenteralmeria.com\/index.php?rest_route=%2Fwp%2Fv2%2Fproduct_brand&post=4655"},{"taxonomy":"product_cat","embeddable":true,"href":"https:\/\/www.golfcenteralmeria.com\/index.php?rest_route=%2Fwp%2Fv2%2Fproduct_cat&post=4655"},{"taxonomy":"product_tag","embeddable":true,"href":"https:\/\/www.golfcenteralmeria.com\/index.php?rest_route=%2Fwp%2Fv2%2Fproduct_tag&post=4655"}],"curies":[{"name":"wp","href":"https:\/\/api.w.org\/{rel}","templated":true}]}}