{"id":4634,"date":"2025-02-12T09:50:23","date_gmt":"2025-02-12T09:50:23","guid":{"rendered":"https:\/\/www.golfcenteralmeria.com\/?post_type=product&#038;p=4634"},"modified":"2025-02-19T04:48:46","modified_gmt":"2025-02-19T04:48:46","slug":"madera-de-calle-cleveland-halo-xl","status":"publish","type":"product","link":"https:\/\/www.golfcenteralmeria.com\/?product=madera-de-calle-cleveland-halo-xl","title":{"rendered":"Madera de Calle Cleveland Halo XL"},"content":{"rendered":"<p>La <b>Madera de Calle Cleveland Halo XL Fairway <\/b>est\u00e1 dise\u00f1ada con una suela que ofrece una mejor interacci\u00f3n con el campo para conseguir mayor potencia, y una cara que ofrece distancias largas y un vuelo alto de la bola, con el mayor perd\u00f3n.<\/p>\n<p><b>Caracter\u00edsticas:<\/b><\/p>\n<ul>\n<li><b>Madera de Calle Cleveland Halo XL Fairway: <\/b>Dise\u00f1ada para una mejor interacci\u00f3n con el campo, con un centro de gravedad m\u00e1s bajo para conseguir mayor potencia, y mayor perd\u00f3n.<\/li>\n<\/ul>\n<p><b>Tecnolog\u00edas:<\/b><\/p>\n<ul>\n<li><b>Gliderail:<\/b>\u00a0Cuenta con rieles largos a lo largo de la suela, para proporcionar una mejor interacci\u00f3n con el campo, mantener la velocidad, y la cara encuadrada.<\/li>\n<li><b>Mainframe XL: <\/b>Cuenta con una cara con un grosor que expande el punto \u00f3ptimo, para ofrecer<b> <\/b>la m\u00e1xima distancia con el mayor perd\u00f3n, y en la cabeza del palo, el peso se sit\u00faa en la parte baja para ofrecer un vuelo largo y alto de la bola.<\/li>\n<li><b>XL Head Design:<\/b> Permiten alejar m\u00e1s masa del centro del palo, para mejorar el MOI y ofrecer m\u00e1s perd\u00f3n y consistencia. Adem\u00e1s, el HiBore Crown Step, lleva el centro de gravedad a\u00fan m\u00e1s bajo en la cabeza del palo, para un vuelo de la bola m\u00e1s largo y recto.<\/li>\n<li><b>Rebound Frame:<\/b>\u00a0Cuenta con un segundo anillo de flexibilidad detr\u00e1s de la cara, protegido por la rigidez de la parte posterior de la cabeza, que hace que en el momento del impacto se produzca una doble flexi\u00f3n, que aumenta la cantidad de energ\u00eda que se transfiera en el golpe.<\/li>\n<li><b>Action Mass CB:<\/b> Contrapeso de 8 g en el extremo del eje, cerca de la parte superior del agarre, que proporciona una sensaci\u00f3n de mayor peso en las manos, y hace que parezca que el palo es m\u00e1s ligero, para mayor control del golpe y golpes m\u00e1s rectos.<\/li>\n<\/ul>\n","protected":false},"excerpt":{"rendered":"<p>La <b>Madera de Calle Cleveland Halo XL Fairway <\/b>est\u00e1 dise\u00f1ada con una suela que ofrece una mejor interacci\u00f3n con el campo para conseguir mayor potencia, y una cara que ofrece distancias largas y un vuelo alto de la bola, con el mayor perd\u00f3n.<\/p>\n","protected":false},"featured_media":4651,"comment_status":"open","ping_status":"closed","template":"","meta":[],"product_brand":[],"product_cat":[77,180],"product_tag":[],"class_list":{"0":"post-4634","1":"product","2":"type-product","3":"status-publish","4":"has-post-thumbnail","6":"product_cat-palos-de-golf","7":"product_cat-maderas-de-calle","8":"pa_marca-cleveland-golf","10":"first","11":"instock","12":"taxable","13":"shipping-taxable","14":"purchasable","15":"product-type-variable"},"jetpack-related-posts":[],"jetpack_sharing_enabled":true,"_links":{"self":[{"href":"https:\/\/www.golfcenteralmeria.com\/index.php?rest_route=\/wp\/v2\/product\/4634","targetHints":{"allow":["GET"]}}],"collection":[{"href":"https:\/\/www.golfcenteralmeria.com\/index.php?rest_route=\/wp\/v2\/product"}],"about":[{"href":"https:\/\/www.golfcenteralmeria.com\/index.php?rest_route=\/wp\/v2\/types\/product"}],"replies":[{"embeddable":true,"href":"https:\/\/www.golfcenteralmeria.com\/index.php?rest_route=%2Fwp%2Fv2%2Fcomments&post=4634"}],"wp:featuredmedia":[{"embeddable":true,"href":"https:\/\/www.golfcenteralmeria.com\/index.php?rest_route=\/wp\/v2\/media\/4651"}],"wp:attachment":[{"href":"https:\/\/www.golfcenteralmeria.com\/index.php?rest_route=%2Fwp%2Fv2%2Fmedia&parent=4634"}],"wp:term":[{"taxonomy":"product_brand","embeddable":true,"href":"https:\/\/www.golfcenteralmeria.com\/index.php?rest_route=%2Fwp%2Fv2%2Fproduct_brand&post=4634"},{"taxonomy":"product_cat","embeddable":true,"href":"https:\/\/www.golfcenteralmeria.com\/index.php?rest_route=%2Fwp%2Fv2%2Fproduct_cat&post=4634"},{"taxonomy":"product_tag","embeddable":true,"href":"https:\/\/www.golfcenteralmeria.com\/index.php?rest_route=%2Fwp%2Fv2%2Fproduct_tag&post=4634"}],"curies":[{"name":"wp","href":"https:\/\/api.w.org\/{rel}","templated":true}]}}