{"id":4629,"date":"2025-02-12T09:33:06","date_gmt":"2025-02-12T09:33:06","guid":{"rendered":"https:\/\/www.golfcenteralmeria.com\/?post_type=product&#038;p=4629"},"modified":"2026-01-28T09:58:24","modified_gmt":"2026-01-28T09:58:24","slug":"set-hierros-zipcore-xl-6-pw-grafito","status":"publish","type":"product","link":"https:\/\/www.golfcenteralmeria.com\/?product=set-hierros-zipcore-xl-6-pw-grafito","title":{"rendered":"Set Hierros ZipCore XL  6-pw grafito"},"content":{"rendered":"<p>El <b>Set de Hierros Cleveland Zipcore XL<\/b> del 6-pw en grafito est\u00e1 dise\u00f1ado con caras con ranuras para ofrecer un perd\u00f3n mayor, con un material ligero para conseguir distancias mayores, proporcionar efectos \u00f3ptimos en condiciones h\u00famedas y secas del campo, ofrecer un mayor control, y mantener la potencia durante el swing.<\/p>\n<p><b>Caracter\u00edsticas:<\/b><\/p>\n<ul>\n<li><b>Set de Hierros Cleveland Zipcore XL: <\/b>Dise\u00f1ado para ofrecer un mayor rendimiento, con hierros largos que proporcionan distancias mayores, y hierros cortos que proporcionan golpes precisos, la combinaci\u00f3n entre potencia y control.<\/li>\n<\/ul>\n<p><b>Tecnolog\u00edas:<\/b><\/p>\n<ul>\n<li><b>Mainframe:<\/b> La cara cuenta con ranuras y canales, y la parte posterior de los hierros 4-7 cuenta con cavidades fresadas Zipcore XL, para maximizar la flexi\u00f3n en el impacto. La parte m\u00e1s baja cuenta con peso, para aumentar\u00a0el MOl y optimizar el CG para un mayor perd\u00f3n.<\/li>\n<li><b>Zipcore:<\/b> En los hierros 8-SW el acero pesado del tal\u00f3n se sustituye por un material muy ligero y resistente que reduce las vibraciones, para situar el CG en el punto donde se golpea la bola, y proporcionar mejores distancias, spin, y control.<\/li>\n<li><b>XL Head Design:<\/b>\u00a0Forma y peso mejorados, gracias al Zipcore y Mainframe, que permite reasignar el peso al per\u00edmetro de la cabeza del palo, para aumentar el MOl y conseguir un perd\u00f3n m\u00e1ximo.<\/li>\n<li><b>Hydrazip:<\/b> Proporciona los efectos \u00f3ptimos en condiciones del campo h\u00famedas y secas.\u00a0Los hierros 4-7 cuentan con una cara m\u00e1s \u00e1spera, con surcos m\u00e1s anchos y planos, para reducir\u00a0el efecto no deseado. Los hierros 8-SW cuentan con\u00a0surcos m\u00e1s delgados y profundos, para aumentar el efecto al acercarse.<\/li>\n<li><b>V-Shaped Sole:<\/b> Suela en forma de V, que ayuda a que los hierros se deslicen por el campo, para mantener la potencia durante el swing.<\/li>\n<li><b>Action Mass CB:<\/b> Contrapeso de 8 g en el extremo del eje, cerca de la parte superior del agarre, que proporciona una sensaci\u00f3n de mayor peso en las manos, y hace que parezca que el palo es m\u00e1s ligero, para mayor control del golpe y golpes m\u00e1s rectos.<\/li>\n<\/ul>\n","protected":false},"excerpt":{"rendered":"<p>El <b>Set de Hierros Cleveland Zipcore XL<\/b> est\u00e1 dise\u00f1ado con caras con ranuras para ofrecer un perd\u00f3n mayor, con un material ligero para conseguir distancias mayores, proporcionar efectos \u00f3ptimos en condiciones h\u00famedas y secas del campo, ofrecer un mayor control, y mantener la potencia durante el swing.<\/p>\n","protected":false},"featured_media":4630,"comment_status":"open","ping_status":"closed","template":"","meta":[],"product_brand":[],"product_cat":[77,74,244],"product_tag":[],"class_list":{"0":"post-4629","1":"product","2":"type-product","3":"status-publish","4":"has-post-thumbnail","6":"product_cat-palos-de-golf","7":"product_cat-hierros","8":"product_cat-liquidacion","9":"pa_marca-cleveland-golf","11":"first","12":"instock","13":"sale","14":"taxable","15":"shipping-taxable","16":"purchasable","17":"product-type-simple"},"jetpack-related-posts":[],"jetpack_sharing_enabled":true,"_links":{"self":[{"href":"https:\/\/www.golfcenteralmeria.com\/index.php?rest_route=\/wp\/v2\/product\/4629","targetHints":{"allow":["GET"]}}],"collection":[{"href":"https:\/\/www.golfcenteralmeria.com\/index.php?rest_route=\/wp\/v2\/product"}],"about":[{"href":"https:\/\/www.golfcenteralmeria.com\/index.php?rest_route=\/wp\/v2\/types\/product"}],"replies":[{"embeddable":true,"href":"https:\/\/www.golfcenteralmeria.com\/index.php?rest_route=%2Fwp%2Fv2%2Fcomments&post=4629"}],"wp:featuredmedia":[{"embeddable":true,"href":"https:\/\/www.golfcenteralmeria.com\/index.php?rest_route=\/wp\/v2\/media\/4630"}],"wp:attachment":[{"href":"https:\/\/www.golfcenteralmeria.com\/index.php?rest_route=%2Fwp%2Fv2%2Fmedia&parent=4629"}],"wp:term":[{"taxonomy":"product_brand","embeddable":true,"href":"https:\/\/www.golfcenteralmeria.com\/index.php?rest_route=%2Fwp%2Fv2%2Fproduct_brand&post=4629"},{"taxonomy":"product_cat","embeddable":true,"href":"https:\/\/www.golfcenteralmeria.com\/index.php?rest_route=%2Fwp%2Fv2%2Fproduct_cat&post=4629"},{"taxonomy":"product_tag","embeddable":true,"href":"https:\/\/www.golfcenteralmeria.com\/index.php?rest_route=%2Fwp%2Fv2%2Fproduct_tag&post=4629"}],"curies":[{"name":"wp","href":"https:\/\/api.w.org\/{rel}","templated":true}]}}