{"id":364,"date":"2020-10-14T12:41:31","date_gmt":"2020-10-14T12:41:31","guid":{"rendered":"http:\/\/s829868843.mialojamiento.es\/?post_type=product&#038;p=364"},"modified":"2023-12-04T11:03:14","modified_gmt":"2023-12-04T11:03:14","slug":"kit-junior-mkids-49-125cm","status":"publish","type":"product","link":"https:\/\/www.golfcenteralmeria.com\/?product=kit-junior-mkids-49-125cm","title":{"rendered":"KIT JUNIOR MKIDS 49 (125cm)"},"content":{"rendered":"<h5>El medio juego MKids ofrece la mejor calidad al mejor precio. Utiliza materiales de alta calidad como grips Lamkin Tour y varillas Grafalloy Launch Control.<\/h5>\n<p>Son de los palos m\u00e1s ligeros del mercado y con mayor proyecci\u00f3n. Su alta calidad ayudar\u00e1 al ni\u00f1o a conseguir una mejor regularidad y a mejorar su juego.<\/p>\n<p>La bolsa incluye: 1 Madera, los hierros #6, #8 y Pitching Wedge. 1 Putter SLA con funda y la bolsa de tr\u00edpode en color naranja.<\/p>\n","protected":false},"excerpt":{"rendered":"<h5>El medio juego MKids ofrece la mejor calidad al mejor precio. Utiliza materiales de alta calidad como grips Lamkin Tour y varillas Grafalloy Launch Control.<\/h5>\n<p>Son de los palos m\u00e1s ligeros del mercado y con mayor proyecci\u00f3n. Su alta calidad ayudar\u00e1 al ni\u00f1o a conseguir una mejor regularidad y a mejorar su juego.<\/p>\n<p>La bolsa incluye: 1 Madera, los hierros #6, #8 y Pitching Wedge. 1 Putter SLA con funda y la bolsa de tr\u00edpode en color naranja.<\/p>\n","protected":false},"featured_media":368,"comment_status":"open","ping_status":"closed","template":"","meta":[],"product_brand":[],"product_cat":[162,122,123],"product_tag":[],"class_list":{"0":"post-364","1":"product","2":"type-product","3":"status-publish","4":"has-post-thumbnail","6":"product_cat-set-completos-junior","7":"product_cat-infantil","8":"product_cat-palos-junior","9":"pa_marca-mkids","11":"first","12":"instock","13":"taxable","14":"shipping-taxable","15":"purchasable","16":"product-type-simple"},"jetpack-related-posts":[],"jetpack_sharing_enabled":true,"_links":{"self":[{"href":"https:\/\/www.golfcenteralmeria.com\/index.php?rest_route=\/wp\/v2\/product\/364","targetHints":{"allow":["GET"]}}],"collection":[{"href":"https:\/\/www.golfcenteralmeria.com\/index.php?rest_route=\/wp\/v2\/product"}],"about":[{"href":"https:\/\/www.golfcenteralmeria.com\/index.php?rest_route=\/wp\/v2\/types\/product"}],"replies":[{"embeddable":true,"href":"https:\/\/www.golfcenteralmeria.com\/index.php?rest_route=%2Fwp%2Fv2%2Fcomments&post=364"}],"wp:featuredmedia":[{"embeddable":true,"href":"https:\/\/www.golfcenteralmeria.com\/index.php?rest_route=\/wp\/v2\/media\/368"}],"wp:attachment":[{"href":"https:\/\/www.golfcenteralmeria.com\/index.php?rest_route=%2Fwp%2Fv2%2Fmedia&parent=364"}],"wp:term":[{"taxonomy":"product_brand","embeddable":true,"href":"https:\/\/www.golfcenteralmeria.com\/index.php?rest_route=%2Fwp%2Fv2%2Fproduct_brand&post=364"},{"taxonomy":"product_cat","embeddable":true,"href":"https:\/\/www.golfcenteralmeria.com\/index.php?rest_route=%2Fwp%2Fv2%2Fproduct_cat&post=364"},{"taxonomy":"product_tag","embeddable":true,"href":"https:\/\/www.golfcenteralmeria.com\/index.php?rest_route=%2Fwp%2Fv2%2Fproduct_tag&post=364"}],"curies":[{"name":"wp","href":"https:\/\/api.w.org\/{rel}","templated":true}]}}