{"id":359,"date":"2020-10-09T08:21:05","date_gmt":"2020-10-09T08:21:05","guid":{"rendered":"http:\/\/s829868843.mialojamiento.es\/?post_type=product&#038;p=359"},"modified":"2021-10-25T10:44:53","modified_gmt":"2021-10-25T10:44:53","slug":"kit-junior-mkids-45-115cm","status":"publish","type":"product","link":"https:\/\/www.golfcenteralmeria.com\/?product=kit-junior-mkids-45-115cm","title":{"rendered":"KIT JUNIOR MKIDS 45 (115CM)"},"content":{"rendered":"<p>El Kit MKids Lite ofrece la mejor calidad al mejor precio. Utiliza materiales de alta calidad como grips Lamkin Tour y varillas Grafalloy Launch Control. Son de los palos m\u00e1s ligeros del mercado y con mejor proyecci\u00f3n. Su alta calidad ayudar\u00e1 al ni\u00f1o a conseguir una mejor regularidad y a mejorar su juego.<\/p>\n<p>La Bolsa incluye: 1 Madera, los hierros #7 y #9 y 1 putter\u00a0 + una bolsa amarilla de tr\u00edpode.<\/p>\n","protected":false},"excerpt":{"rendered":"<p>El Kit MKids Lite ofrece la mejor calidad al mejor precio. Utiliza materiales de alta calidad como grips Lamkin Tour y varillas Grafalloy Launch Control. Son de los palos m\u00e1s ligeros del mercado y con mejor proyecci\u00f3n. Su alta calidad ayudar\u00e1 al ni\u00f1o a conseguir una mejor regularidad y a mejorar su juego.<\/p>\n<p>La Bolsa incluye: 1 Madera, los hierros #7 y #9 y 1 putter\u00a0 + una bolsa amarilla de tr\u00edpode.<\/p>\n","protected":false},"featured_media":360,"comment_status":"open","ping_status":"closed","template":"","meta":[],"product_brand":[],"product_cat":[162,122,123],"product_tag":[],"class_list":{"0":"post-359","1":"product","2":"type-product","3":"status-publish","4":"has-post-thumbnail","6":"product_cat-set-completos-junior","7":"product_cat-infantil","8":"product_cat-palos-junior","9":"pa_marca-mkids","11":"first","12":"instock","13":"taxable","14":"shipping-taxable","15":"purchasable","16":"product-type-simple"},"jetpack-related-posts":[],"jetpack_sharing_enabled":true,"_links":{"self":[{"href":"https:\/\/www.golfcenteralmeria.com\/index.php?rest_route=\/wp\/v2\/product\/359","targetHints":{"allow":["GET"]}}],"collection":[{"href":"https:\/\/www.golfcenteralmeria.com\/index.php?rest_route=\/wp\/v2\/product"}],"about":[{"href":"https:\/\/www.golfcenteralmeria.com\/index.php?rest_route=\/wp\/v2\/types\/product"}],"replies":[{"embeddable":true,"href":"https:\/\/www.golfcenteralmeria.com\/index.php?rest_route=%2Fwp%2Fv2%2Fcomments&post=359"}],"wp:featuredmedia":[{"embeddable":true,"href":"https:\/\/www.golfcenteralmeria.com\/index.php?rest_route=\/wp\/v2\/media\/360"}],"wp:attachment":[{"href":"https:\/\/www.golfcenteralmeria.com\/index.php?rest_route=%2Fwp%2Fv2%2Fmedia&parent=359"}],"wp:term":[{"taxonomy":"product_brand","embeddable":true,"href":"https:\/\/www.golfcenteralmeria.com\/index.php?rest_route=%2Fwp%2Fv2%2Fproduct_brand&post=359"},{"taxonomy":"product_cat","embeddable":true,"href":"https:\/\/www.golfcenteralmeria.com\/index.php?rest_route=%2Fwp%2Fv2%2Fproduct_cat&post=359"},{"taxonomy":"product_tag","embeddable":true,"href":"https:\/\/www.golfcenteralmeria.com\/index.php?rest_route=%2Fwp%2Fv2%2Fproduct_tag&post=359"}],"curies":[{"name":"wp","href":"https:\/\/api.w.org\/{rel}","templated":true}]}}