{"id":3491,"date":"2025-01-23T11:53:20","date_gmt":"2025-01-23T11:53:20","guid":{"rendered":"https:\/\/www.golfcenteralmeria.com\/?post_type=product&#038;p=3491"},"modified":"2025-02-06T21:34:29","modified_gmt":"2025-02-06T21:34:29","slug":"3491","status":"publish","type":"product","link":"https:\/\/www.golfcenteralmeria.com\/?product=3491","title":{"rendered":"MADERA DE CALLE COBRA DS-ADAPT LS"},"content":{"rendered":"<p>La madera DS-Adapt LS est\u00e1 hecha para golfistas que hacen un swing r\u00e1pido y quieren un spin m\u00e1s bajo. La alta velocidad de bola proviene del peso interno PWR-Bridge, que se sit\u00faa muy adelante y bajo en la suela para un lanzamiento ligeramente m\u00e1s alto. Con una construcci\u00f3n de titanio, el peso se libera para ser colocado en forma de tres pesos extra\u00edbles, dos de 13 gramos y uno de 3 gramos, para afinar el vuelo de la bola. La LS est\u00e1 construida desde la base para proporcionar un ligero desvanecimiento, colocando el peso ligero en la parte trasera se obtiene la m\u00e1xima velocidad de bola, colocando el peso ligero en la punta se obtiene un ligero desvanecimiento y con el peso ligero en el tal\u00f3n se obtiene m\u00e1s desvanecimiento. LS FW est\u00e1 disponible como FW 3 y 5, y a la derecha tambi\u00e9n en un 3HF con 1,5\u00b0 m\u00e1s de loft que el 3 normal.<\/p>\n<p>El adaptador FutureFit33TM cuenta con 33 ajustes \u00fanicos de loft y lie para optimizar el vuelo de la bola, minimizar su fallo y maximizar su distancia. Loft &amp; lie se puede ajustar en 2 grados en cualquier direcci\u00f3n, permitiendo la m\u00e1xima personalizaci\u00f3n de ajuste afinada, mientras que el innovador dise\u00f1o SMARTPAD permite que el \u00e1ngulo de la cara permanezca cuadrado independientemente de la configuraci\u00f3n.<\/p>\n","protected":false},"excerpt":{"rendered":"<p>La madera DS-Adapt LS est\u00e1 hecha para golfistas que hacen un swing r\u00e1pido y quieren un spin m\u00e1s bajo. La alta velocidad de bola proviene del peso interno PWR-Bridge, que se sit\u00faa muy adelante y bajo en la suela para un lanzamiento ligeramente m\u00e1s alto. Con una construcci\u00f3n de titanio, el peso se libera para ser colocado en forma de tres pesos extra\u00edbles, dos de 13 gramos y uno de 3 gramos, para afinar el vuelo de la bola. La LS est\u00e1 construida desde la base para proporcionar un ligero desvanecimiento, colocando el peso ligero en la parte trasera se obtiene la m\u00e1xima velocidad de bola, colocando el peso ligero en la punta se obtiene un ligero desvanecimiento y con el peso ligero en el tal\u00f3n se obtiene m\u00e1s desvanecimiento.<\/p>\n","protected":false},"featured_media":3510,"comment_status":"open","ping_status":"closed","template":"","meta":[],"product_brand":[],"product_cat":[77,180],"product_tag":[],"class_list":{"0":"post-3491","1":"product","2":"type-product","3":"status-publish","4":"has-post-thumbnail","6":"product_cat-palos-de-golf","7":"product_cat-maderas-de-calle","8":"pa_marca-cobra-golf","10":"first","11":"instock","12":"taxable","13":"shipping-taxable","14":"purchasable","15":"product-type-variable"},"jetpack-related-posts":[],"jetpack_sharing_enabled":true,"_links":{"self":[{"href":"https:\/\/www.golfcenteralmeria.com\/index.php?rest_route=\/wp\/v2\/product\/3491","targetHints":{"allow":["GET"]}}],"collection":[{"href":"https:\/\/www.golfcenteralmeria.com\/index.php?rest_route=\/wp\/v2\/product"}],"about":[{"href":"https:\/\/www.golfcenteralmeria.com\/index.php?rest_route=\/wp\/v2\/types\/product"}],"replies":[{"embeddable":true,"href":"https:\/\/www.golfcenteralmeria.com\/index.php?rest_route=%2Fwp%2Fv2%2Fcomments&post=3491"}],"wp:featuredmedia":[{"embeddable":true,"href":"https:\/\/www.golfcenteralmeria.com\/index.php?rest_route=\/wp\/v2\/media\/3510"}],"wp:attachment":[{"href":"https:\/\/www.golfcenteralmeria.com\/index.php?rest_route=%2Fwp%2Fv2%2Fmedia&parent=3491"}],"wp:term":[{"taxonomy":"product_brand","embeddable":true,"href":"https:\/\/www.golfcenteralmeria.com\/index.php?rest_route=%2Fwp%2Fv2%2Fproduct_brand&post=3491"},{"taxonomy":"product_cat","embeddable":true,"href":"https:\/\/www.golfcenteralmeria.com\/index.php?rest_route=%2Fwp%2Fv2%2Fproduct_cat&post=3491"},{"taxonomy":"product_tag","embeddable":true,"href":"https:\/\/www.golfcenteralmeria.com\/index.php?rest_route=%2Fwp%2Fv2%2Fproduct_tag&post=3491"}],"curies":[{"name":"wp","href":"https:\/\/api.w.org\/{rel}","templated":true}]}}