{"id":3430,"date":"2025-01-23T09:01:29","date_gmt":"2025-01-23T09:01:29","guid":{"rendered":"https:\/\/www.golfcenteralmeria.com\/?post_type=product&#038;p=3430"},"modified":"2025-01-23T09:01:29","modified_gmt":"2025-01-23T09:01:29","slug":"madera-de-calle-cobra-ds-adpt-max","status":"publish","type":"product","link":"https:\/\/www.golfcenteralmeria.com\/?product=madera-de-calle-cobra-ds-adpt-max","title":{"rendered":"MADERA DE CALLE COBRA DS ADPT MAX"},"content":{"rendered":"<p>La madera de calle DS-Adapt MAX\u00a0 incorpora el adaptador revolucionario FutureFit33 de Cobra, que ofrece 33 ajustes distintos para el loft y la inclinaci\u00f3n. Esto te permite personalizar el palo con precisi\u00f3n seg\u00fan tus preferencias, ya sea que busques una trayectoria de bola m\u00e1s alta o reducir el spin.<\/p>\n<p>El c\u00f3digo QR integrado en el palo proporciona acceso r\u00e1pido a una gu\u00eda interactiva que te ayuda a optimizar tu trayectoria de bola. Este sistema ofrece recomendaciones basadas en tu trayectoria actual, gui\u00e1ndote hacia los mejores ajustes posibles.<\/p>\n<p>Ventajas del DS-Adapt MAX<\/p>\n<p>Esta madera de fairway es una de las m\u00e1s tolerantes jam\u00e1s creadas por Cobra, gracias a una colocaci\u00f3n estrat\u00e9gica del peso que genera una trayectoria de bola m\u00e1s alta y un spin mejorado. El peso ajustable en el tal\u00f3n te ayuda a realizar un draw o corregir un slice, brind\u00e1ndote un mayor control sobre tus golpes.<\/p>\n<p>El inserto H.O.T. Face ampliado garantiza una velocidad de bola y un spin constantes en toda la superficie de impacto, permitiendo golpes m\u00e1s largos. Adem\u00e1s, la corona de fibra de carbono ligera mejora la distribuci\u00f3n del peso, haciendo que el palo sea m\u00e1s estable y manejable.<\/p>\n","protected":false},"excerpt":{"rendered":"<p>La madera de calle DS-Adapt MAX\u00a0 incorpora el adaptador revolucionario FutureFit33 de Cobra, que ofrece 33 ajustes distintos para el loft y la inclinaci\u00f3n. Esto te permite personalizar el palo con precisi\u00f3n seg\u00fan tus preferencias, ya sea que busques una trayectoria de bola m\u00e1s alta o reducir el spin.<\/p>\n<p>El c\u00f3digo QR integrado en el palo proporciona acceso r\u00e1pido a una gu\u00eda interactiva que te ayuda a optimizar tu trayectoria de bola. Este sistema ofrece recomendaciones basadas en tu trayectoria actual, gui\u00e1ndote hacia los mejores ajustes posibles.<\/p>\n","protected":false},"featured_media":3462,"comment_status":"open","ping_status":"closed","template":"","meta":[],"product_brand":[],"product_cat":[77,180],"product_tag":[],"class_list":{"0":"post-3430","1":"product","2":"type-product","3":"status-publish","4":"has-post-thumbnail","6":"product_cat-palos-de-golf","7":"product_cat-maderas-de-calle","8":"pa_marca-cobra-golf","10":"first","11":"instock","12":"taxable","13":"shipping-taxable","14":"purchasable","15":"product-type-variable"},"jetpack-related-posts":[],"jetpack_sharing_enabled":true,"_links":{"self":[{"href":"https:\/\/www.golfcenteralmeria.com\/index.php?rest_route=\/wp\/v2\/product\/3430","targetHints":{"allow":["GET"]}}],"collection":[{"href":"https:\/\/www.golfcenteralmeria.com\/index.php?rest_route=\/wp\/v2\/product"}],"about":[{"href":"https:\/\/www.golfcenteralmeria.com\/index.php?rest_route=\/wp\/v2\/types\/product"}],"replies":[{"embeddable":true,"href":"https:\/\/www.golfcenteralmeria.com\/index.php?rest_route=%2Fwp%2Fv2%2Fcomments&post=3430"}],"wp:featuredmedia":[{"embeddable":true,"href":"https:\/\/www.golfcenteralmeria.com\/index.php?rest_route=\/wp\/v2\/media\/3462"}],"wp:attachment":[{"href":"https:\/\/www.golfcenteralmeria.com\/index.php?rest_route=%2Fwp%2Fv2%2Fmedia&parent=3430"}],"wp:term":[{"taxonomy":"product_brand","embeddable":true,"href":"https:\/\/www.golfcenteralmeria.com\/index.php?rest_route=%2Fwp%2Fv2%2Fproduct_brand&post=3430"},{"taxonomy":"product_cat","embeddable":true,"href":"https:\/\/www.golfcenteralmeria.com\/index.php?rest_route=%2Fwp%2Fv2%2Fproduct_cat&post=3430"},{"taxonomy":"product_tag","embeddable":true,"href":"https:\/\/www.golfcenteralmeria.com\/index.php?rest_route=%2Fwp%2Fv2%2Fproduct_tag&post=3430"}],"curies":[{"name":"wp","href":"https:\/\/api.w.org\/{rel}","templated":true}]}}