{"id":3282,"date":"2025-01-17T11:36:05","date_gmt":"2025-01-17T11:36:05","guid":{"rendered":"https:\/\/www.golfcenteralmeria.com\/?post_type=product&#038;p=3282"},"modified":"2025-02-06T21:34:59","modified_gmt":"2025-02-06T21:34:59","slug":"driver-cobra-ds-adapt-ls","status":"publish","type":"product","link":"https:\/\/www.golfcenteralmeria.com\/?product=driver-cobra-ds-adapt-ls","title":{"rendered":"Driver Cobra DS-Adapt LS"},"content":{"rendered":"<p>El driver DS-Adapt LS tiene la forma m\u00e1s aerodin\u00e1mica de las cuatro, y es ligeramente m\u00e1s peque\u00f1a que las otras (445 cc). LS, disponible en 9,0\u00b0 y 10,5\u00b0, el modelo de 9,0\u00b0 tiene un puente PWR que se asienta muy cerca de la cara para una mayor velocidad de bola y un menor spin. En el modelo de 10,5\u00b0, el peso se sit\u00faa m\u00e1s atr\u00e1s para que el driver sea m\u00e1s tolerante. El LS tambi\u00e9n tiene tres pesos extra\u00edbles en la suela; uno de diez gramos y dos de 3 gramos. El LS est\u00e1 construido desde el principio para proporcionar un ligero fade, si pones el peso de 10 gramos en la punta obtienes un poco m\u00e1s de fade, si lo pones en el tal\u00f3n obtienes menos fade y si lo pones en la parte trasera obtienes m\u00e1s spin y un driver m\u00e1s tolerante.<\/p>\n<p>El adaptador FutureFit33TM cuenta con 33 ajustes \u00fanicos de loft y lie para optimizar el vuelo de la bola, minimizar su fallo y maximizar su distancia. Loft &amp; lie se puede ajustar en 2 grados en cualquier direcci\u00f3n, permitiendo la m\u00e1xima personalizaci\u00f3n de ajuste afinada, mientras que el innovador dise\u00f1o SMARTPAD permite que el \u00e1ngulo de la cara permanezca cuadrado independientemente de la configuraci\u00f3n.<\/p>\n","protected":false},"excerpt":{"rendered":"<p>El driver DS-Adapt LS tiene la forma m\u00e1s aerodin\u00e1mica de las cuatro, y es ligeramente m\u00e1s peque\u00f1a que las otras (445 cc). LS, disponible en 9,0\u00b0 y 10,5\u00b0, el modelo de 9,0\u00b0 tiene un puente PWR que se asienta muy cerca de la cara para una mayor velocidad de bola y un menor spin. En el modelo de 10,5\u00b0, el peso se sit\u00faa m\u00e1s atr\u00e1s para que el driver sea m\u00e1s tolerante. El LS tambi\u00e9n tiene tres pesos extra\u00edbles en la suela; uno de diez gramos y dos de 3 gramos. El LS est\u00e1 construido desde el principio para proporcionar un ligero fade, si pones el peso de 10 gramos en la punta obtienes un poco m\u00e1s de fade, si lo pones en el tal\u00f3n obtienes menos fade y si lo pones en la parte trasera obtienes m\u00e1s spin y un driver m\u00e1s tolerante.<\/p>\n","protected":false},"featured_media":3283,"comment_status":"open","ping_status":"closed","template":"","meta":[],"product_brand":[],"product_cat":[77,78],"product_tag":[],"class_list":{"0":"post-3282","1":"product","2":"type-product","3":"status-publish","4":"has-post-thumbnail","6":"product_cat-palos-de-golf","7":"product_cat-drivers","8":"pa_marca-cobra-golf","10":"first","11":"instock","12":"taxable","13":"shipping-taxable","14":"purchasable","15":"product-type-variable"},"jetpack-related-posts":[],"jetpack_sharing_enabled":true,"_links":{"self":[{"href":"https:\/\/www.golfcenteralmeria.com\/index.php?rest_route=\/wp\/v2\/product\/3282","targetHints":{"allow":["GET"]}}],"collection":[{"href":"https:\/\/www.golfcenteralmeria.com\/index.php?rest_route=\/wp\/v2\/product"}],"about":[{"href":"https:\/\/www.golfcenteralmeria.com\/index.php?rest_route=\/wp\/v2\/types\/product"}],"replies":[{"embeddable":true,"href":"https:\/\/www.golfcenteralmeria.com\/index.php?rest_route=%2Fwp%2Fv2%2Fcomments&post=3282"}],"wp:featuredmedia":[{"embeddable":true,"href":"https:\/\/www.golfcenteralmeria.com\/index.php?rest_route=\/wp\/v2\/media\/3283"}],"wp:attachment":[{"href":"https:\/\/www.golfcenteralmeria.com\/index.php?rest_route=%2Fwp%2Fv2%2Fmedia&parent=3282"}],"wp:term":[{"taxonomy":"product_brand","embeddable":true,"href":"https:\/\/www.golfcenteralmeria.com\/index.php?rest_route=%2Fwp%2Fv2%2Fproduct_brand&post=3282"},{"taxonomy":"product_cat","embeddable":true,"href":"https:\/\/www.golfcenteralmeria.com\/index.php?rest_route=%2Fwp%2Fv2%2Fproduct_cat&post=3282"},{"taxonomy":"product_tag","embeddable":true,"href":"https:\/\/www.golfcenteralmeria.com\/index.php?rest_route=%2Fwp%2Fv2%2Fproduct_tag&post=3282"}],"curies":[{"name":"wp","href":"https:\/\/api.w.org\/{rel}","templated":true}]}}