{"id":3227,"date":"2025-01-07T10:53:48","date_gmt":"2025-01-07T10:53:48","guid":{"rendered":"https:\/\/www.golfcenteralmeria.com\/?post_type=product&#038;p=3227"},"modified":"2025-02-06T21:36:44","modified_gmt":"2025-02-06T21:36:44","slug":"junior-under-armour-ua-phantom-sl","status":"publish","type":"product","link":"https:\/\/www.golfcenteralmeria.com\/?product=junior-under-armour-ua-phantom-sl","title":{"rendered":"Zapato Junior  UA PHANTOM SL"},"content":{"rendered":"<p>Zapato Junior UA PHANTOM SL<\/p>\n<div id=\"acc-1\" class=\"g-accordion-content collapse show\">\n<ul class=\"t-tabs_data\">\n<li class=\"t-tabs_list\">Parte superior de tejido transpirable y ligero con refuerzos estrat\u00e9gicos para facilitar el swing<\/li>\n<li class=\"t-tabs_list\">Dise\u00f1o de bot\u00edn con un ajuste y una sensaci\u00f3n extremadamente c\u00f3modos, como un calcet\u00edn<\/li>\n<li class=\"t-tabs_list\">Mediasuela Charged Cushioning\u00ae que utiliza espuma moldeada de compresi\u00f3n para ofrecer la m\u00e1xima durabilidad y reactividad<\/li>\n<li class=\"t-tabs_list\">Suela exterior UA Rotational Resistance para una tracci\u00f3n firme y ligera perfecta para tu swing<\/li>\n<li class=\"t-tabs_list\">Suela sin tacos para una mayor ligereza y flexibilidad sin comprometer la tracci\u00f3n<\/li>\n<\/ul>\n<\/div>\n","protected":false},"excerpt":{"rendered":"<p>Zapato Junior UA PHANTOM SL<\/p>\n<div id=\"acc-1\" class=\"g-accordion-content collapse show\">\n<ul class=\"t-tabs_data\">\n<li class=\"t-tabs_list\">Parte superior de tejido transpirable y ligero con refuerzos estrat\u00e9gicos para facilitar el swing<\/li>\n<li class=\"t-tabs_list\">Dise\u00f1o de bot\u00edn con un ajuste y una sensaci\u00f3n extremadamente c\u00f3modos, como un calcet\u00edn<\/li>\n<li class=\"t-tabs_list\">Mediasuela Charged Cushioning\u00ae que utiliza espuma moldeada de compresi\u00f3n para ofrecer la m\u00e1xima durabilidad y reactividad<\/li>\n<li class=\"t-tabs_list\">Suela exterior UA Rotational Resistance para una tracci\u00f3n firme y ligera perfecta para tu swing<\/li>\n<li class=\"t-tabs_list\">Suela sin tacos para una mayor ligereza y flexibilidad sin comprometer la tracci\u00f3n<\/li>\n<\/ul>\n<\/div>\n","protected":false},"featured_media":3231,"comment_status":"open","ping_status":"closed","template":"","meta":[],"product_brand":[],"product_cat":[127,128],"product_tag":[],"class_list":{"0":"post-3227","1":"product","2":"type-product","3":"status-publish","4":"has-post-thumbnail","6":"product_cat-zapatos","7":"product_cat-zapatos-junior","8":"pa_marca-under-armour","10":"first","11":"instock","12":"sale","13":"taxable","14":"shipping-taxable","15":"purchasable","16":"product-type-variable"},"jetpack-related-posts":[],"jetpack_sharing_enabled":true,"_links":{"self":[{"href":"https:\/\/www.golfcenteralmeria.com\/index.php?rest_route=\/wp\/v2\/product\/3227","targetHints":{"allow":["GET"]}}],"collection":[{"href":"https:\/\/www.golfcenteralmeria.com\/index.php?rest_route=\/wp\/v2\/product"}],"about":[{"href":"https:\/\/www.golfcenteralmeria.com\/index.php?rest_route=\/wp\/v2\/types\/product"}],"replies":[{"embeddable":true,"href":"https:\/\/www.golfcenteralmeria.com\/index.php?rest_route=%2Fwp%2Fv2%2Fcomments&post=3227"}],"wp:featuredmedia":[{"embeddable":true,"href":"https:\/\/www.golfcenteralmeria.com\/index.php?rest_route=\/wp\/v2\/media\/3231"}],"wp:attachment":[{"href":"https:\/\/www.golfcenteralmeria.com\/index.php?rest_route=%2Fwp%2Fv2%2Fmedia&parent=3227"}],"wp:term":[{"taxonomy":"product_brand","embeddable":true,"href":"https:\/\/www.golfcenteralmeria.com\/index.php?rest_route=%2Fwp%2Fv2%2Fproduct_brand&post=3227"},{"taxonomy":"product_cat","embeddable":true,"href":"https:\/\/www.golfcenteralmeria.com\/index.php?rest_route=%2Fwp%2Fv2%2Fproduct_cat&post=3227"},{"taxonomy":"product_tag","embeddable":true,"href":"https:\/\/www.golfcenteralmeria.com\/index.php?rest_route=%2Fwp%2Fv2%2Fproduct_tag&post=3227"}],"curies":[{"name":"wp","href":"https:\/\/api.w.org\/{rel}","templated":true}]}}