{"id":3178,"date":"2025-01-02T13:27:03","date_gmt":"2025-01-02T13:27:03","guid":{"rendered":"https:\/\/www.golfcenteralmeria.com\/?post_type=product&#038;p=3178"},"modified":"2025-01-22T17:36:22","modified_gmt":"2025-01-22T17:36:22","slug":"driver-titleist-gt2","status":"publish","type":"product","link":"https:\/\/www.golfcenteralmeria.com\/?product=driver-titleist-gt2","title":{"rendered":"Driver Titleist GT2"},"content":{"rendered":"<p>Descubre la velocidad y precisi\u00f3n en cada golpe con el Driver Titleist GT2. Su dise\u00f1o aerodin\u00e1mico, con una parte posterior elevada que optimiza el flujo de aire, reduce el arrastre para incrementar la velocidad de la cabeza del palo. La corona Thermoform ultraligera sin costuras baja el centro de gravedad, acerc\u00e1ndolo a la cara, lo que mejora tanto el rendimiento general como el momento de inercia. Ideal para aquellos golfistas que buscan un rendimiento total<\/p>\n","protected":false},"excerpt":{"rendered":"<p>Descubre la velocidad y precisi\u00f3n en cada golpe con el Driver Titleist GT2. Su dise\u00f1o aerodin\u00e1mico, con una parte posterior elevada que optimiza el flujo de aire, reduce el arrastre para incrementar la velocidad de la cabeza del palo. La corona Thermoform ultraligera sin costuras baja el centro de gravedad, acerc\u00e1ndolo a la cara, lo que mejora tanto el rendimiento general como el momento de inercia. Ideal para aquellos golfistas que buscan un rendimiento total<\/p>\n","protected":false},"featured_media":3179,"comment_status":"open","ping_status":"closed","template":"","meta":[],"product_brand":[],"product_cat":[77,78],"product_tag":[],"class_list":{"0":"post-3178","1":"product","2":"type-product","3":"status-publish","4":"has-post-thumbnail","6":"product_cat-palos-de-golf","7":"product_cat-drivers","8":"pa_marca-titleist","10":"first","11":"instock","12":"sale","13":"taxable","14":"shipping-taxable","15":"purchasable","16":"product-type-variable"},"jetpack-related-posts":[],"jetpack_sharing_enabled":true,"_links":{"self":[{"href":"https:\/\/www.golfcenteralmeria.com\/index.php?rest_route=\/wp\/v2\/product\/3178","targetHints":{"allow":["GET"]}}],"collection":[{"href":"https:\/\/www.golfcenteralmeria.com\/index.php?rest_route=\/wp\/v2\/product"}],"about":[{"href":"https:\/\/www.golfcenteralmeria.com\/index.php?rest_route=\/wp\/v2\/types\/product"}],"replies":[{"embeddable":true,"href":"https:\/\/www.golfcenteralmeria.com\/index.php?rest_route=%2Fwp%2Fv2%2Fcomments&post=3178"}],"wp:featuredmedia":[{"embeddable":true,"href":"https:\/\/www.golfcenteralmeria.com\/index.php?rest_route=\/wp\/v2\/media\/3179"}],"wp:attachment":[{"href":"https:\/\/www.golfcenteralmeria.com\/index.php?rest_route=%2Fwp%2Fv2%2Fmedia&parent=3178"}],"wp:term":[{"taxonomy":"product_brand","embeddable":true,"href":"https:\/\/www.golfcenteralmeria.com\/index.php?rest_route=%2Fwp%2Fv2%2Fproduct_brand&post=3178"},{"taxonomy":"product_cat","embeddable":true,"href":"https:\/\/www.golfcenteralmeria.com\/index.php?rest_route=%2Fwp%2Fv2%2Fproduct_cat&post=3178"},{"taxonomy":"product_tag","embeddable":true,"href":"https:\/\/www.golfcenteralmeria.com\/index.php?rest_route=%2Fwp%2Fv2%2Fproduct_tag&post=3178"}],"curies":[{"name":"wp","href":"https:\/\/api.w.org\/{rel}","templated":true}]}}