{"id":3124,"date":"2024-10-10T09:31:04","date_gmt":"2024-10-10T09:31:04","guid":{"rendered":"https:\/\/www.golfcenteralmeria.com\/?post_type=product&#038;p=3124"},"modified":"2025-01-28T13:39:42","modified_gmt":"2025-01-28T13:39:42","slug":"bolas-taylormade-tp5-my-symbol-cerveza-docena","status":"publish","type":"product","link":"https:\/\/www.golfcenteralmeria.com\/?product=bolas-taylormade-tp5-my-symbol-cerveza-docena","title":{"rendered":"BOLAS TAYLORMADE TP5 MY SYMBOL CERVEZA (DOCENA)"},"content":{"rendered":"<div class=\"ui-pdp-container__row\">\n<div class=\"ui-pdp-container__col col-1\">\n<div class=\"ui-pdp-collapsable ui-pdp-description-collapse\">\n<div class=\"ui-pdp-collapsable__container\">\n<div class=\"ui-pdp-description pl-45 pr-45 ui-pdp-collapsable--is-collapsed\">\n<p class=\"ui-pdp-description__content\">Bolas de Golf Taylormade Tp5 My Symbol Caja X12 Blancas<\/p>\n<p>&#8211; Da rienda suelta a tu estilo \u00fanico en el campo de golf con TP5 MySymbol.<\/p>\n<p>&#8211; Construcci\u00f3n de velocidad progresiva de 5 capas.<br \/>\n&#8211; Cubierta de uretano fundido suave<br \/>\n&#8211; La TP5, la bola Tour de 5 capas m\u00e1s suave, ofrece una sensaci\u00f3n m\u00e1s suave y un efecto mejorado alrededor del green con un menor efecto del driver que las generaciones anteriores.<\/p>\n<\/div>\n<\/div>\n<\/div>\n<\/div>\n<\/div>\n<div class=\"ui-pdp-container__row\">\n<div class=\"ui-pdp-container__col col-1\">\n<div id=\"third_party_second_section\" class=\"ui-pdp-container__row ui-pdp-container__row--third-party-second-section\">\n<div class=\"pl-45 pr-45\">\n<div id=\"\">\n<div id=\"trustvox-container\"><\/div>\n<\/div>\n<\/div>\n<\/div>\n<\/div>\n<\/div>\n<div class=\"ui-pdp-container__row\">\n<div class=\"ui-pdp-container__col col-1\"><\/div>\n<\/div>\n","protected":false},"excerpt":{"rendered":"<p>Bolas de Golf Taylormade Tp5 My Symbol Caja X12 Blancas CERVEZA (DOCENA)<\/p>\n","protected":false},"featured_media":3127,"comment_status":"open","ping_status":"closed","template":"","meta":[],"product_brand":[],"product_cat":[75],"product_tag":[],"class_list":{"0":"post-3124","1":"product","2":"type-product","3":"status-publish","4":"has-post-thumbnail","6":"product_cat-bolas","7":"pa_marca-taylor-made","9":"first","10":"instock","11":"purchasable","12":"product-type-simple"},"jetpack-related-posts":[],"jetpack_sharing_enabled":true,"_links":{"self":[{"href":"https:\/\/www.golfcenteralmeria.com\/index.php?rest_route=\/wp\/v2\/product\/3124","targetHints":{"allow":["GET"]}}],"collection":[{"href":"https:\/\/www.golfcenteralmeria.com\/index.php?rest_route=\/wp\/v2\/product"}],"about":[{"href":"https:\/\/www.golfcenteralmeria.com\/index.php?rest_route=\/wp\/v2\/types\/product"}],"replies":[{"embeddable":true,"href":"https:\/\/www.golfcenteralmeria.com\/index.php?rest_route=%2Fwp%2Fv2%2Fcomments&post=3124"}],"wp:featuredmedia":[{"embeddable":true,"href":"https:\/\/www.golfcenteralmeria.com\/index.php?rest_route=\/wp\/v2\/media\/3127"}],"wp:attachment":[{"href":"https:\/\/www.golfcenteralmeria.com\/index.php?rest_route=%2Fwp%2Fv2%2Fmedia&parent=3124"}],"wp:term":[{"taxonomy":"product_brand","embeddable":true,"href":"https:\/\/www.golfcenteralmeria.com\/index.php?rest_route=%2Fwp%2Fv2%2Fproduct_brand&post=3124"},{"taxonomy":"product_cat","embeddable":true,"href":"https:\/\/www.golfcenteralmeria.com\/index.php?rest_route=%2Fwp%2Fv2%2Fproduct_cat&post=3124"},{"taxonomy":"product_tag","embeddable":true,"href":"https:\/\/www.golfcenteralmeria.com\/index.php?rest_route=%2Fwp%2Fv2%2Fproduct_tag&post=3124"}],"curies":[{"name":"wp","href":"https:\/\/api.w.org\/{rel}","templated":true}]}}