{"id":3085,"date":"2024-09-10T12:00:27","date_gmt":"2024-09-10T12:00:27","guid":{"rendered":"https:\/\/www.golfcenteralmeria.com\/?post_type=product&#038;p=3085"},"modified":"2025-01-28T13:42:43","modified_gmt":"2025-01-28T13:42:43","slug":"set-hierros-taylormade-p770-2024-del-5-pw","status":"publish","type":"product","link":"https:\/\/www.golfcenteralmeria.com\/?product=set-hierros-taylormade-p770-2024-del-5-pw","title":{"rendered":"Set hierros Taylormade P770 2024 del 5-PW"},"content":{"rendered":"<p>\u00a1Los nuevos TaylorMade P770! Mejorados para una sensaci\u00f3n m\u00e1s s\u00f3lida que nunca. El 2024 P-770 ha sido estrat\u00e9gicamente ajustado utilizando una construcci\u00f3n forjada por el jugador y un an\u00e1lisis modal para crear una mejora notable y la mejor sensaci\u00f3n P-770 hasta la fecha.<\/p>\n<div class=\"grid-item grid-item-1-3\">\n<div class=\"grid-content grid-content-1\">\n<p>&nbsp;<\/p>\n<\/div>\n<\/div>\n","protected":false},"excerpt":{"rendered":"<p>\u00a1Los nuevos TaylorMade P770! Mejorados para una sensaci\u00f3n m\u00e1s s\u00f3lida que nunca. El 2024 P-770 ha sido estrat\u00e9gicamente ajustado utilizando una construcci\u00f3n forjada por el jugador y un an\u00e1lisis modal para crear una mejora notable y la mejor sensaci\u00f3n P-770 hasta la fecha.<\/p>\n<p>Consultanos las diferentes opciones custom disponibles<\/p>\n","protected":false},"featured_media":3086,"comment_status":"open","ping_status":"closed","template":"","meta":[],"product_brand":[],"product_cat":[77,74],"product_tag":[],"class_list":{"0":"post-3085","1":"product","2":"type-product","3":"status-publish","4":"has-post-thumbnail","6":"product_cat-palos-de-golf","7":"product_cat-hierros","8":"pa_marca-taylor-made","10":"first","11":"instock","12":"taxable","13":"shipping-taxable","14":"purchasable","15":"product-type-variable"},"jetpack-related-posts":[],"jetpack_sharing_enabled":true,"_links":{"self":[{"href":"https:\/\/www.golfcenteralmeria.com\/index.php?rest_route=\/wp\/v2\/product\/3085","targetHints":{"allow":["GET"]}}],"collection":[{"href":"https:\/\/www.golfcenteralmeria.com\/index.php?rest_route=\/wp\/v2\/product"}],"about":[{"href":"https:\/\/www.golfcenteralmeria.com\/index.php?rest_route=\/wp\/v2\/types\/product"}],"replies":[{"embeddable":true,"href":"https:\/\/www.golfcenteralmeria.com\/index.php?rest_route=%2Fwp%2Fv2%2Fcomments&post=3085"}],"wp:featuredmedia":[{"embeddable":true,"href":"https:\/\/www.golfcenteralmeria.com\/index.php?rest_route=\/wp\/v2\/media\/3086"}],"wp:attachment":[{"href":"https:\/\/www.golfcenteralmeria.com\/index.php?rest_route=%2Fwp%2Fv2%2Fmedia&parent=3085"}],"wp:term":[{"taxonomy":"product_brand","embeddable":true,"href":"https:\/\/www.golfcenteralmeria.com\/index.php?rest_route=%2Fwp%2Fv2%2Fproduct_brand&post=3085"},{"taxonomy":"product_cat","embeddable":true,"href":"https:\/\/www.golfcenteralmeria.com\/index.php?rest_route=%2Fwp%2Fv2%2Fproduct_cat&post=3085"},{"taxonomy":"product_tag","embeddable":true,"href":"https:\/\/www.golfcenteralmeria.com\/index.php?rest_route=%2Fwp%2Fv2%2Fproduct_tag&post=3085"}],"curies":[{"name":"wp","href":"https:\/\/api.w.org\/{rel}","templated":true}]}}