{"id":3051,"date":"2024-09-09T10:20:06","date_gmt":"2024-09-09T10:20:06","guid":{"rendered":"https:\/\/www.golfcenteralmeria.com\/?post_type=product&#038;p=3051"},"modified":"2025-01-22T17:37:01","modified_gmt":"2025-01-22T17:37:01","slug":"set-hierros-callaway-ai200-5-pw","status":"publish","type":"product","link":"https:\/\/www.golfcenteralmeria.com\/?product=set-hierros-callaway-ai200-5-pw","title":{"rendered":"SET HIERROS CALLAWAY AI200 5-PW"},"content":{"rendered":"<div id=\"product-description-short-14049\" class=\"rte-content product-description\">Los hierros Callaway Apex Ai200 est\u00e1n meticulosamente dise\u00f1ados para ofrecer una sensaci\u00f3n pura, potencia y consistencia. Estos elegantes dise\u00f1os de cuerpo hueco combinan rendimiento y precisi\u00f3n en el hierro de distancia para jugadores m\u00e1s completo de Callaway, brindando un rendimiento que se destaca.Un cuerpo hueco forjado combinado con una cara forjada 455 crea un sonido y una sensaci\u00f3n de nivel Tour. Esta construcci\u00f3n forjada avanzada se combina con un dise\u00f1o impresionante y premium que lo cautivar\u00e1 m\u00e1s que nunca. Adem\u00e1s de una sensaci\u00f3n mejorada, la copa de cara forjada 455 brinda una potencia excepcional en toda la cara. Esta combinaci\u00f3n \u00fanica de potencia y sensaci\u00f3n separa al Apex Ai200 del resto.El Apex Ai200 logra una consistencia incre\u00edble a trav\u00e9s de la cara inteligente Ai. Al usar datos de swing de golfistas reales combinados con inteligencia artificial, la cara inteligente Ai genera una velocidad y una consistencia de giro excepcionales con una dispersi\u00f3n ajustada en los greens. La ponderaci\u00f3n MIM ubicada estrat\u00e9gicamente garantiza el CG \u00f3ptimo para sus mejores ventanas de lanzamiento. Adem\u00e1s, el dise\u00f1o de suela din\u00e1mica garantiza una mejor interacci\u00f3n con el c\u00e9sped para brindar m\u00e1s tolerancia a trav\u00e9s del c\u00e9sped.<\/div>\n<div class=\"product-actions js-product-actions\">\n<form id=\"add-to-cart-or-refresh\" action=\"https:\/\/castellanagolf.com\/carrito\" method=\"post\">\n<div class=\"product-variants js-product-variants\"><\/div>\n<div class=\"product-add-to-cart pt-3 js-product-add-to-cart\">\n<div class=\"row extra-small-gutters product-quantity \">\n<div class=\"col col-12 col-sm-auto col-add-qty\">\n<div class=\"qty \">\n<div class=\"input-group bootstrap-touchspin\"><input id=\"quantity_wanted\" class=\"input-group form-control\" min=\"1\" name=\"qty\" pattern=\"[0-9]*\" type=\"number\" value=\"1\" \/><\/div>\n<\/div>\n<\/div>\n<\/div>\n<\/div>\n<\/form>\n<\/div>\n<div class=\"add\"><\/div>\n","protected":false},"excerpt":{"rendered":"<p>Los hierros Callaway Apex Ai200 est\u00e1n meticulosamente dise\u00f1ados para ofrecer una sensaci\u00f3n pura, potencia y consistencia.<\/p>\n<p>Consultar las diferentes opciones de varillas disponibles<\/p>\n","protected":false},"featured_media":3052,"comment_status":"open","ping_status":"closed","template":"","meta":[],"product_brand":[],"product_cat":[77,74],"product_tag":[],"class_list":{"0":"post-3051","1":"product","2":"type-product","3":"status-publish","4":"has-post-thumbnail","6":"product_cat-palos-de-golf","7":"product_cat-hierros","8":"pa_marca-callaway","10":"first","11":"instock","12":"taxable","13":"shipping-taxable","14":"purchasable","15":"product-type-variable"},"jetpack-related-posts":[],"jetpack_sharing_enabled":true,"_links":{"self":[{"href":"https:\/\/www.golfcenteralmeria.com\/index.php?rest_route=\/wp\/v2\/product\/3051","targetHints":{"allow":["GET"]}}],"collection":[{"href":"https:\/\/www.golfcenteralmeria.com\/index.php?rest_route=\/wp\/v2\/product"}],"about":[{"href":"https:\/\/www.golfcenteralmeria.com\/index.php?rest_route=\/wp\/v2\/types\/product"}],"replies":[{"embeddable":true,"href":"https:\/\/www.golfcenteralmeria.com\/index.php?rest_route=%2Fwp%2Fv2%2Fcomments&post=3051"}],"wp:featuredmedia":[{"embeddable":true,"href":"https:\/\/www.golfcenteralmeria.com\/index.php?rest_route=\/wp\/v2\/media\/3052"}],"wp:attachment":[{"href":"https:\/\/www.golfcenteralmeria.com\/index.php?rest_route=%2Fwp%2Fv2%2Fmedia&parent=3051"}],"wp:term":[{"taxonomy":"product_brand","embeddable":true,"href":"https:\/\/www.golfcenteralmeria.com\/index.php?rest_route=%2Fwp%2Fv2%2Fproduct_brand&post=3051"},{"taxonomy":"product_cat","embeddable":true,"href":"https:\/\/www.golfcenteralmeria.com\/index.php?rest_route=%2Fwp%2Fv2%2Fproduct_cat&post=3051"},{"taxonomy":"product_tag","embeddable":true,"href":"https:\/\/www.golfcenteralmeria.com\/index.php?rest_route=%2Fwp%2Fv2%2Fproduct_tag&post=3051"}],"curies":[{"name":"wp","href":"https:\/\/api.w.org\/{rel}","templated":true}]}}