{"id":2962,"date":"2024-06-15T09:58:49","date_gmt":"2024-06-15T09:58:49","guid":{"rendered":"https:\/\/www.golfcenteralmeria.com\/?post_type=product&#038;p=2962"},"modified":"2025-01-18T00:35:45","modified_gmt":"2025-01-18T00:35:45","slug":"bolas-taylormade-tour-response-stripe-2","status":"publish","type":"product","link":"https:\/\/www.golfcenteralmeria.com\/?product=bolas-taylormade-tour-response-stripe-2","title":{"rendered":"BOLAS TAYLORMADE TOUR RESPONSE STRIPE"},"content":{"rendered":"<p>Las bolas de golf TaylorMade Soft Response est\u00e1n dise\u00f1adas para el jugador que busca una sensaci\u00f3n suave sin sacrificar la distancia.<br \/>\n<b>Tecnolog\u00edas:<\/b><\/p>\n<ul>\n<li>Alineaci\u00f3n m\u00e1s f\u00e1cil, secci\u00f3n de alineaci\u00f3n central m\u00e1s grande<\/li>\n<li>Mejor visibilidad, dise\u00f1o \u00fanico multicolor que se destaca<\/li>\n<li>Dispone de un patr\u00f3n \u00fanico de hoyuelos de vuelo extendido permite que la bola permanezca en el aire m\u00e1s tiempo a velocidades de spin m\u00e1s bajas.<\/li>\n<li>Tiene el n\u00facleo de baja compresi\u00f3n que le aporta a la pelota una sensaci\u00f3n s\u00faper suave y beneficios de rendimiento orientados a jugadores con velocidad de swing moderada.<\/li>\n<li>Suave al tacto, y muy resistente: Una cubierta de ion\u00f3mero suave le aporta una sensaci\u00f3n de respuesta suave al tiempo que mejora la durabilidad de la bola.<\/li>\n<\/ul>\n<p>Caja de 12 bolas<b>.<\/b><\/p>\n<div id=\"jp-relatedposts\" class=\"jp-relatedposts\"><\/div>\n","protected":false},"excerpt":{"rendered":"<div class=\"woocommerce-product-details__short-description\">\n<p>Las bolas de golf TaylorMade Soft Response est\u00e1n dise\u00f1adas para el jugador que busca una sensaci\u00f3n suave sin sacrificar la distancia.<br \/>\n<b>Tecnolog\u00edas:<\/b><\/p>\n<ul>\n<li>Alineaci\u00f3n m\u00e1s f\u00e1cil, secci\u00f3n de alineaci\u00f3n central m\u00e1s grande<\/li>\n<li>Mejor visibilidad, dise\u00f1o \u00fanico multicolor que se destaca<\/li>\n<li>Dispone de un patr\u00f3n \u00fanico de hoyuelos de vuelo extendido permite que la bola permanezca en el aire m\u00e1s tiempo a velocidades de spin m\u00e1s bajas.<\/li>\n<li>Tiene el n\u00facleo de baja compresi\u00f3n que le aporta a la pelota una sensaci\u00f3n s\u00faper suave y beneficios de rendimiento orientados a jugadores con velocidad de swing moderada.<\/li>\n<li>Suave al tacto, y muy resistente: Una cubierta de ion\u00f3mero suave le aporta una sensaci\u00f3n de respuesta suave al tiempo que mejora la durabilidad de la bola.<\/li>\n<\/ul>\n<\/div>\n","protected":false},"featured_media":2963,"comment_status":"open","ping_status":"closed","template":"","meta":[],"product_brand":[],"product_cat":[75],"product_tag":[],"class_list":{"0":"post-2962","1":"product","2":"type-product","3":"status-publish","4":"has-post-thumbnail","6":"product_cat-bolas","7":"pa_marca-taylor-made","9":"first","10":"instock","11":"taxable","12":"shipping-taxable","13":"purchasable","14":"product-type-simple"},"jetpack-related-posts":[],"jetpack_sharing_enabled":true,"_links":{"self":[{"href":"https:\/\/www.golfcenteralmeria.com\/index.php?rest_route=\/wp\/v2\/product\/2962","targetHints":{"allow":["GET"]}}],"collection":[{"href":"https:\/\/www.golfcenteralmeria.com\/index.php?rest_route=\/wp\/v2\/product"}],"about":[{"href":"https:\/\/www.golfcenteralmeria.com\/index.php?rest_route=\/wp\/v2\/types\/product"}],"replies":[{"embeddable":true,"href":"https:\/\/www.golfcenteralmeria.com\/index.php?rest_route=%2Fwp%2Fv2%2Fcomments&post=2962"}],"wp:featuredmedia":[{"embeddable":true,"href":"https:\/\/www.golfcenteralmeria.com\/index.php?rest_route=\/wp\/v2\/media\/2963"}],"wp:attachment":[{"href":"https:\/\/www.golfcenteralmeria.com\/index.php?rest_route=%2Fwp%2Fv2%2Fmedia&parent=2962"}],"wp:term":[{"taxonomy":"product_brand","embeddable":true,"href":"https:\/\/www.golfcenteralmeria.com\/index.php?rest_route=%2Fwp%2Fv2%2Fproduct_brand&post=2962"},{"taxonomy":"product_cat","embeddable":true,"href":"https:\/\/www.golfcenteralmeria.com\/index.php?rest_route=%2Fwp%2Fv2%2Fproduct_cat&post=2962"},{"taxonomy":"product_tag","embeddable":true,"href":"https:\/\/www.golfcenteralmeria.com\/index.php?rest_route=%2Fwp%2Fv2%2Fproduct_tag&post=2962"}],"curies":[{"name":"wp","href":"https:\/\/api.w.org\/{rel}","templated":true}]}}