{"id":2933,"date":"2024-06-08T10:24:02","date_gmt":"2024-06-08T10:24:02","guid":{"rendered":"https:\/\/www.golfcenteralmeria.com\/?post_type=product&#038;p=2933"},"modified":"2025-12-11T10:59:04","modified_gmt":"2025-12-11T10:59:04","slug":"funda-de-putter-odyssey-money","status":"publish","type":"product","link":"https:\/\/www.golfcenteralmeria.com\/?product=funda-de-putter-odyssey-money","title":{"rendered":"Funda de putter odyssey MONEY"},"content":{"rendered":"<p>Funda de putter odyssey MONEY<\/p>\n<p>Creado especialmente para los putters, la funda para palos Odyssey Headcovers asegura una protecci\u00f3n m\u00e1xima gracias a su ajuste especializado y su mecanismo de cierre magn\u00e9tico.<\/p>\n","protected":false},"excerpt":{"rendered":"<p>Funda de putter odyssey MONEY<\/p>\n<p>Creado especialmente para los putters, la funda para palos Odyssey Headcovers asegura una protecci\u00f3n m\u00e1xima gracias a su ajuste especializado y su mecanismo de cierre magn\u00e9tico.<\/p>\n","protected":false},"featured_media":2938,"comment_status":"open","ping_status":"closed","template":"","meta":[],"product_brand":[],"product_cat":[174,198],"product_tag":[],"class_list":{"0":"post-2933","1":"product","2":"type-product","3":"status-publish","4":"has-post-thumbnail","6":"product_cat-accesorios","7":"product_cat-fundas","8":"pa_marca-odyssey","10":"first","11":"instock","12":"sale","13":"taxable","14":"shipping-taxable","15":"purchasable","16":"product-type-variable"},"jetpack-related-posts":[],"jetpack_sharing_enabled":true,"_links":{"self":[{"href":"https:\/\/www.golfcenteralmeria.com\/index.php?rest_route=\/wp\/v2\/product\/2933","targetHints":{"allow":["GET"]}}],"collection":[{"href":"https:\/\/www.golfcenteralmeria.com\/index.php?rest_route=\/wp\/v2\/product"}],"about":[{"href":"https:\/\/www.golfcenteralmeria.com\/index.php?rest_route=\/wp\/v2\/types\/product"}],"replies":[{"embeddable":true,"href":"https:\/\/www.golfcenteralmeria.com\/index.php?rest_route=%2Fwp%2Fv2%2Fcomments&post=2933"}],"wp:featuredmedia":[{"embeddable":true,"href":"https:\/\/www.golfcenteralmeria.com\/index.php?rest_route=\/wp\/v2\/media\/2938"}],"wp:attachment":[{"href":"https:\/\/www.golfcenteralmeria.com\/index.php?rest_route=%2Fwp%2Fv2%2Fmedia&parent=2933"}],"wp:term":[{"taxonomy":"product_brand","embeddable":true,"href":"https:\/\/www.golfcenteralmeria.com\/index.php?rest_route=%2Fwp%2Fv2%2Fproduct_brand&post=2933"},{"taxonomy":"product_cat","embeddable":true,"href":"https:\/\/www.golfcenteralmeria.com\/index.php?rest_route=%2Fwp%2Fv2%2Fproduct_cat&post=2933"},{"taxonomy":"product_tag","embeddable":true,"href":"https:\/\/www.golfcenteralmeria.com\/index.php?rest_route=%2Fwp%2Fv2%2Fproduct_tag&post=2933"}],"curies":[{"name":"wp","href":"https:\/\/api.w.org\/{rel}","templated":true}]}}