{"id":2922,"date":"2024-06-08T09:41:49","date_gmt":"2024-06-08T09:41:49","guid":{"rendered":"https:\/\/www.golfcenteralmeria.com\/?post_type=product&#038;p=2922"},"modified":"2025-12-11T10:52:34","modified_gmt":"2025-12-11T10:52:34","slug":"funda-de-putter-odyssey-gopher","status":"publish","type":"product","link":"https:\/\/www.golfcenteralmeria.com\/?product=funda-de-putter-odyssey-gopher","title":{"rendered":"Funda de putter odyssey GOPHER"},"content":{"rendered":"<p>Funda de putter odyssey GOPHER<\/p>\n<p>Creado especialmente para los putters, la funda para putter Odyssey asegura una protecci\u00f3n m\u00e1xima gracias a su ajuste especializado y su mecanismo de cierre magn\u00e9tico<\/p>\n","protected":false},"excerpt":{"rendered":"<p>Funda de putter odyssey GOPHER<\/p>\n<p>Creado especialmente para los putters, la funda para putter Odyssey asegura una protecci\u00f3n m\u00e1xima gracias a su ajuste especializado y su mecanismo de cierre magn\u00e9tico<\/p>\n","protected":false},"featured_media":2931,"comment_status":"open","ping_status":"closed","template":"","meta":[],"product_brand":[],"product_cat":[174,198],"product_tag":[],"class_list":{"0":"post-2922","1":"product","2":"type-product","3":"status-publish","4":"has-post-thumbnail","6":"product_cat-accesorios","7":"product_cat-fundas","8":"pa_marca-odyssey","10":"first","11":"instock","12":"sale","13":"taxable","14":"shipping-taxable","15":"purchasable","16":"product-type-variable"},"jetpack-related-posts":[],"jetpack_sharing_enabled":true,"_links":{"self":[{"href":"https:\/\/www.golfcenteralmeria.com\/index.php?rest_route=\/wp\/v2\/product\/2922","targetHints":{"allow":["GET"]}}],"collection":[{"href":"https:\/\/www.golfcenteralmeria.com\/index.php?rest_route=\/wp\/v2\/product"}],"about":[{"href":"https:\/\/www.golfcenteralmeria.com\/index.php?rest_route=\/wp\/v2\/types\/product"}],"replies":[{"embeddable":true,"href":"https:\/\/www.golfcenteralmeria.com\/index.php?rest_route=%2Fwp%2Fv2%2Fcomments&post=2922"}],"wp:featuredmedia":[{"embeddable":true,"href":"https:\/\/www.golfcenteralmeria.com\/index.php?rest_route=\/wp\/v2\/media\/2931"}],"wp:attachment":[{"href":"https:\/\/www.golfcenteralmeria.com\/index.php?rest_route=%2Fwp%2Fv2%2Fmedia&parent=2922"}],"wp:term":[{"taxonomy":"product_brand","embeddable":true,"href":"https:\/\/www.golfcenteralmeria.com\/index.php?rest_route=%2Fwp%2Fv2%2Fproduct_brand&post=2922"},{"taxonomy":"product_cat","embeddable":true,"href":"https:\/\/www.golfcenteralmeria.com\/index.php?rest_route=%2Fwp%2Fv2%2Fproduct_cat&post=2922"},{"taxonomy":"product_tag","embeddable":true,"href":"https:\/\/www.golfcenteralmeria.com\/index.php?rest_route=%2Fwp%2Fv2%2Fproduct_tag&post=2922"}],"curies":[{"name":"wp","href":"https:\/\/api.w.org\/{rel}","templated":true}]}}