{"id":2880,"date":"2024-04-16T08:36:22","date_gmt":"2024-04-16T08:36:22","guid":{"rendered":"https:\/\/www.golfcenteralmeria.com\/?post_type=product&#038;p=2880"},"modified":"2024-05-26T06:43:37","modified_gmt":"2024-05-26T06:43:37","slug":"driver-cobra-darkspeed-ls","status":"publish","type":"product","link":"https:\/\/www.golfcenteralmeria.com\/?product=driver-cobra-darkspeed-ls","title":{"rendered":"Driver Cobra Darkspeed LS"},"content":{"rendered":"<div id=\"collapsedescription\" class=\"collapse in\" role=\"tabpanel\" aria-labelledby=\"headingdescription\">\n<div class=\"card-block\">\n<div class=\"product-description\">\n<p>El <b>driver Cobra DARKSPEED LS<\/b> presenta un perfil altamente aerodin\u00e1mico combinado con un dise\u00f1o de cabeza de lanzamiento y spin bajo, proporcionando la m\u00e1xima distancia y manejabilidad. Est\u00e1\u00a0dise\u00f1ado pensando en jugadores con velocidades de swing m\u00e1s r\u00e1pidas.<\/p>\n<p><b>Tecnolog\u00edas:<\/b><\/p>\n<ul>\n<li><b>Dise\u00f1o aerodin\u00e1mico refinado:\u00a0<\/b>Una forma aerodin\u00e1mica mejorada permite aprovechar una velocidad y distancia extraordinarias, a trav\u00e9s de su dise\u00f1o m\u00e1s aerodin\u00e1mico.<\/li>\n<li><b>Dise\u00f1o inspirado en el Tour:\u00a0<\/b>La forma refinada de la cabeza del palo presenta una huella visual reducida y facilita la manejabilidad y el control.<\/li>\n<li><b>PWRSHELL m\u00e1s grande con dise\u00f1o de cara HOT actualizado:\u00a0<\/b>Su cara PWRSHELL L-cup un 10% m\u00e1s grande crea una distancia m\u00e1s robusta, mientras el dise\u00f1o HOT Face actualizado ofrece una velocidad y un spin m\u00e1s eficientes en toda la cara del palo.<\/li>\n<li><b>M\u00e1s bajo y m\u00e1s hacia adelante PWR-BRIDGE:\u00a0<\/b>Una posici\u00f3n m\u00e1s baja y m\u00e1s adelantada del PWR-BRIDGE. proporciona velocidades de bola a\u00fan m\u00e1s r\u00e1pidas, gracias a una mejor transferencia de energ\u00eda.<\/li>\n<li><b>M\u00e1xima trabajabilidad con mayor perd\u00f3n:\u00a0<\/b>Los pesos ajustables en el tal\u00f3n y la puntera ahora se complementan con un tercer peso trasero, lo que permite un ajuste adicional para optimizar el spin y la tolerancia.<\/li>\n<li><b><\/b><b><\/b>Varilla\u00a0UST LIN-Q M40X Blanco 6 peso de 67g<\/li>\n<li>Grip\u00a0Lamkin Crossline (58R) &#8211; Black (48g)<\/li>\n<\/ul>\n<\/div>\n<\/div>\n<\/div>\n","protected":false},"excerpt":{"rendered":"<p>El <b>driver Cobra DARKSPEED LS<\/b> presenta un perfil altamente aerodin\u00e1mico combinado con un dise\u00f1o de cabeza de lanzamiento y spin bajo, proporcionando la m\u00e1xima distancia y manejabilidad. Est\u00e1\u00a0dise\u00f1ado pensando en jugadores con velocidades de swing m\u00e1s r\u00e1pidas.<\/p>\n<p>Hay opciones de diferentes varillas<\/p>\n<p>Consultanos!!<\/p>\n","protected":false},"featured_media":2881,"comment_status":"open","ping_status":"closed","template":"","meta":[],"product_brand":[],"product_cat":[77,78],"product_tag":[],"class_list":{"0":"post-2880","1":"product","2":"type-product","3":"status-publish","4":"has-post-thumbnail","6":"product_cat-palos-de-golf","7":"product_cat-drivers","8":"pa_marca-cobra-golf","10":"first","11":"instock","12":"sale","13":"taxable","14":"shipping-taxable","15":"purchasable","16":"product-type-variable"},"jetpack-related-posts":[],"jetpack_sharing_enabled":true,"_links":{"self":[{"href":"https:\/\/www.golfcenteralmeria.com\/index.php?rest_route=\/wp\/v2\/product\/2880","targetHints":{"allow":["GET"]}}],"collection":[{"href":"https:\/\/www.golfcenteralmeria.com\/index.php?rest_route=\/wp\/v2\/product"}],"about":[{"href":"https:\/\/www.golfcenteralmeria.com\/index.php?rest_route=\/wp\/v2\/types\/product"}],"replies":[{"embeddable":true,"href":"https:\/\/www.golfcenteralmeria.com\/index.php?rest_route=%2Fwp%2Fv2%2Fcomments&post=2880"}],"wp:featuredmedia":[{"embeddable":true,"href":"https:\/\/www.golfcenteralmeria.com\/index.php?rest_route=\/wp\/v2\/media\/2881"}],"wp:attachment":[{"href":"https:\/\/www.golfcenteralmeria.com\/index.php?rest_route=%2Fwp%2Fv2%2Fmedia&parent=2880"}],"wp:term":[{"taxonomy":"product_brand","embeddable":true,"href":"https:\/\/www.golfcenteralmeria.com\/index.php?rest_route=%2Fwp%2Fv2%2Fproduct_brand&post=2880"},{"taxonomy":"product_cat","embeddable":true,"href":"https:\/\/www.golfcenteralmeria.com\/index.php?rest_route=%2Fwp%2Fv2%2Fproduct_cat&post=2880"},{"taxonomy":"product_tag","embeddable":true,"href":"https:\/\/www.golfcenteralmeria.com\/index.php?rest_route=%2Fwp%2Fv2%2Fproduct_tag&post=2880"}],"curies":[{"name":"wp","href":"https:\/\/api.w.org\/{rel}","templated":true}]}}