{"id":2854,"date":"2024-04-12T08:32:13","date_gmt":"2024-04-12T08:32:13","guid":{"rendered":"https:\/\/www.golfcenteralmeria.com\/?post_type=product&#038;p=2854"},"modified":"2024-07-31T17:05:23","modified_gmt":"2024-07-31T17:05:23","slug":"driver-cobra-darkspeed-max","status":"publish","type":"product","link":"https:\/\/www.golfcenteralmeria.com\/?product=driver-cobra-darkspeed-max","title":{"rendered":"Driver Cobra Darkspeed Max"},"content":{"rendered":"<div id=\"collapsedescription\" class=\"collapse in\" role=\"tabpanel\" aria-labelledby=\"headingdescription\">\n<div class=\"card-block\">\n<div class=\"product-description\">\n<p>El driver<b> Cobra DARKSPEED MAX<\/b> es lo \u00faltimo en buscador de calles. Sus dos posiciones de peso proporcionan una tolerancia extrema y precisi\u00f3n. Es ideal para los jugadores que buscan un lanzamiento m\u00e1s alto y vuelos de bola m\u00e1s rectos.<\/p>\n<p><b>Tecnolog\u00edas:<\/b><\/p>\n<ul>\n<li><b>Dise\u00f1o aerodin\u00e1mico refinado:\u00a0<\/b>Una forma aerodin\u00e1mica mejorada permite\u00a0lanzamientos altos, tolerantes y rectos que proporcinan m\u00e1xima confianza desde el tee.<\/li>\n<li><b>PWRSHELL m\u00e1s grande con dise\u00f1o de cara HOT actualizado:\u00a0<\/b>Su cara\u00a0PWRSHELL L-cup un 10% m\u00e1s grande\u00a0crea una distancia m\u00e1s robusta, mientras el dise\u00f1o HOT Face actualizado ofrece una velocidad y un spin m\u00e1s eficientes en toda la cara del palo.<\/li>\n<li><b>M\u00e1s bajo y m\u00e1s hacia adelante PWR-BRIDGE:\u00a0<\/b>Una posici\u00f3n m\u00e1s baja y m\u00e1s adelantada del PWR-BRIDGE. proporciona\u00a0velocidades de bola a\u00fan m\u00e1s r\u00e1pidas, gracias a una mejor transferencia de energ\u00eda.<\/li>\n<li>M\u00e1ximo perd\u00f3n y control del draw: El\u00a0peso en la espalda y el tal\u00f3n te permite ajustar la inclinaci\u00f3n de la \u00a0haciendo que sea m\u00e1s indulgente.<\/li>\n<li><b><\/b><b><\/b>Varilla\u00a0UST LIN-Q M40X Red peso de\u00a058g (Stiff), y de 57g (Regular)<\/li>\n<li>Grip\u00a0Lamkin Crossline (58R) &#8211; Black (48g)<\/li>\n<\/ul>\n<\/div>\n<\/div>\n<\/div>\n","protected":false},"excerpt":{"rendered":"<p>El driver<b> Cobra DARKSPEED MAX<\/b> es lo \u00faltimo en buscador de calles. Sus dos posiciones de peso proporcionan una tolerancia extrema y precisi\u00f3n. Es ideal para los jugadores que buscan un lanzamiento m\u00e1s alto y vuelos de bola m\u00e1s rectos.<\/p>\n<p>Diferentes varillas a elegir<\/p>\n<p>Consultanos!!<\/p>\n","protected":false},"featured_media":2861,"comment_status":"open","ping_status":"closed","template":"","meta":[],"product_brand":[],"product_cat":[77,78],"product_tag":[],"class_list":{"0":"post-2854","1":"product","2":"type-product","3":"status-publish","4":"has-post-thumbnail","6":"product_cat-palos-de-golf","7":"product_cat-drivers","8":"pa_marca-cobra-golf","10":"first","11":"instock","12":"sale","13":"taxable","14":"shipping-taxable","15":"purchasable","16":"product-type-variable"},"jetpack-related-posts":[],"jetpack_sharing_enabled":true,"_links":{"self":[{"href":"https:\/\/www.golfcenteralmeria.com\/index.php?rest_route=\/wp\/v2\/product\/2854","targetHints":{"allow":["GET"]}}],"collection":[{"href":"https:\/\/www.golfcenteralmeria.com\/index.php?rest_route=\/wp\/v2\/product"}],"about":[{"href":"https:\/\/www.golfcenteralmeria.com\/index.php?rest_route=\/wp\/v2\/types\/product"}],"replies":[{"embeddable":true,"href":"https:\/\/www.golfcenteralmeria.com\/index.php?rest_route=%2Fwp%2Fv2%2Fcomments&post=2854"}],"wp:featuredmedia":[{"embeddable":true,"href":"https:\/\/www.golfcenteralmeria.com\/index.php?rest_route=\/wp\/v2\/media\/2861"}],"wp:attachment":[{"href":"https:\/\/www.golfcenteralmeria.com\/index.php?rest_route=%2Fwp%2Fv2%2Fmedia&parent=2854"}],"wp:term":[{"taxonomy":"product_brand","embeddable":true,"href":"https:\/\/www.golfcenteralmeria.com\/index.php?rest_route=%2Fwp%2Fv2%2Fproduct_brand&post=2854"},{"taxonomy":"product_cat","embeddable":true,"href":"https:\/\/www.golfcenteralmeria.com\/index.php?rest_route=%2Fwp%2Fv2%2Fproduct_cat&post=2854"},{"taxonomy":"product_tag","embeddable":true,"href":"https:\/\/www.golfcenteralmeria.com\/index.php?rest_route=%2Fwp%2Fv2%2Fproduct_tag&post=2854"}],"curies":[{"name":"wp","href":"https:\/\/api.w.org\/{rel}","templated":true}]}}