{"id":2844,"date":"2024-04-12T08:13:09","date_gmt":"2024-04-12T08:13:09","guid":{"rendered":"https:\/\/www.golfcenteralmeria.com\/?post_type=product&#038;p=2844"},"modified":"2024-05-26T06:52:10","modified_gmt":"2024-05-26T06:52:10","slug":"set-de-hierros-cobra-darkspeed-del-5-pw-6-palos","status":"publish","type":"product","link":"https:\/\/www.golfcenteralmeria.com\/?product=set-de-hierros-cobra-darkspeed-del-5-pw-6-palos","title":{"rendered":"Set de Hierros Cobra Darkspeed del 5-PW (6 palos)"},"content":{"rendered":"<div id=\"collapsedescription\" class=\"collapse in\" role=\"tabpanel\" aria-labelledby=\"headingdescription\">\n<div class=\"card-block\">\n<div class=\"product-description\">\n<p>Los <b>Hierros Cobra Darkspeed <\/b>te permiten desbloquear tu potencial de distancia con una construcci\u00f3n hueca completamente nueva que crea nuestro dise\u00f1o de hierro m\u00e1s largo y robusto hasta el momento.<\/p>\n<p><b>Tecnolog\u00edas:<\/b><\/p>\n<ul>\n<li><b>Construcci\u00f3n de cuerpo hueco:<\/b>\u00a0Su construcci\u00f3n de cuerpo hueco mejora la distribuci\u00f3n del peso y crea una cara sin soporte, con el que desbloquear\u00e1s tu m\u00e1ximo potencial de distancia.<\/li>\n<li><b>Potente velocidad y distancia de la bola:\u00a0<\/b>Un inserto PWRSHELL m\u00e1s grande crea un golpe m\u00e1s robusto desde la cara, mientras que un peso PWR-BRIDGE fomenta una mayor flexi\u00f3n del cuerpo para una velocidad de bola m\u00e1s r\u00e1pida.<\/li>\n<li><b>Ac\u00fastica y sensaci\u00f3n afinadas:<\/b>\u00a0La cavidad hueca est\u00e1 llena de un pol\u00edmero suave que amortigua las vibraciones para proporcionar un sonido y unas sensaciones excepcionales.<\/li>\n<li><b>Precisi\u00f3n extrema:<\/b>\u00a0Un dise\u00f1o HOT Face actualizado ofrece velocidad y efectos m\u00e1s eficientes, adem\u00e1s produce un punto dulce m\u00e1s grande, con el que mejorar\u00e1s tu juego.<\/li>\n<li><b>Varilla de\u00a0grafito KBS PGI 85, 75, 65\u00a0<\/b>con peso de\u00a080g (Stiff), 70g (Regular), 60g (Lite)<\/li>\n<li><b>Varilla de acero\u00a0KBS Tour Lite\u00a0<\/b>con peso de 105g<\/li>\n<li>Grip\u00a0<b>Lamkin Crossline (58R) &#8211; Black (48g)<\/b><\/li>\n<\/ul>\n<\/div>\n<\/div>\n<\/div>\n","protected":false},"excerpt":{"rendered":"<p>Los Hierros Cobra Darkspeed te permiten desbloquear tu potencial de distancia con una construcci\u00f3n hueca completamente nueva que crea nuestro dise\u00f1o de hierro m\u00e1s largo y robusto hasta el momento. Tecnolog\u00edas: Construcci\u00f3n de cuerpo hueco:\u00a0Su construcci\u00f3n de cuerpo hueco mejora la distribuci\u00f3n del peso y crea una cara sin soporte, con el que desbloquear\u00e1s tu<\/p>\n","protected":false},"featured_media":2845,"comment_status":"open","ping_status":"closed","template":"","meta":[],"product_brand":[],"product_cat":[77,74],"product_tag":[],"class_list":{"0":"post-2844","1":"product","2":"type-product","3":"status-publish","4":"has-post-thumbnail","6":"product_cat-palos-de-golf","7":"product_cat-hierros","8":"pa_marca-cobra-golf","10":"first","11":"instock","12":"sale","13":"taxable","14":"shipping-taxable","15":"purchasable","16":"product-type-variable"},"jetpack-related-posts":[],"jetpack_sharing_enabled":true,"_links":{"self":[{"href":"https:\/\/www.golfcenteralmeria.com\/index.php?rest_route=\/wp\/v2\/product\/2844","targetHints":{"allow":["GET"]}}],"collection":[{"href":"https:\/\/www.golfcenteralmeria.com\/index.php?rest_route=\/wp\/v2\/product"}],"about":[{"href":"https:\/\/www.golfcenteralmeria.com\/index.php?rest_route=\/wp\/v2\/types\/product"}],"replies":[{"embeddable":true,"href":"https:\/\/www.golfcenteralmeria.com\/index.php?rest_route=%2Fwp%2Fv2%2Fcomments&post=2844"}],"wp:featuredmedia":[{"embeddable":true,"href":"https:\/\/www.golfcenteralmeria.com\/index.php?rest_route=\/wp\/v2\/media\/2845"}],"wp:attachment":[{"href":"https:\/\/www.golfcenteralmeria.com\/index.php?rest_route=%2Fwp%2Fv2%2Fmedia&parent=2844"}],"wp:term":[{"taxonomy":"product_brand","embeddable":true,"href":"https:\/\/www.golfcenteralmeria.com\/index.php?rest_route=%2Fwp%2Fv2%2Fproduct_brand&post=2844"},{"taxonomy":"product_cat","embeddable":true,"href":"https:\/\/www.golfcenteralmeria.com\/index.php?rest_route=%2Fwp%2Fv2%2Fproduct_cat&post=2844"},{"taxonomy":"product_tag","embeddable":true,"href":"https:\/\/www.golfcenteralmeria.com\/index.php?rest_route=%2Fwp%2Fv2%2Fproduct_tag&post=2844"}],"curies":[{"name":"wp","href":"https:\/\/api.w.org\/{rel}","templated":true}]}}