{"id":2820,"date":"2024-02-13T10:46:03","date_gmt":"2024-02-13T10:46:03","guid":{"rendered":"https:\/\/www.golfcenteralmeria.com\/?post_type=product&#038;p=2820"},"modified":"2026-01-28T08:45:16","modified_gmt":"2026-01-28T08:45:16","slug":"madera-de-calle-taylormade-qi10-tour","status":"publish","type":"product","link":"https:\/\/www.golfcenteralmeria.com\/?product=madera-de-calle-taylormade-qi10-tour","title":{"rendered":"Madera de Calle TaylorMade Qi10 Tour"},"content":{"rendered":"<div id=\"collapsedescription\" class=\"collapse in\" role=\"tabpanel\" aria-labelledby=\"headingdescription\">\n<div class=\"card-block\">\n<div class=\"product-description\">\n<p>La <b>Madera de Calle TaylorMade Qi10 Tour <\/b>se ajusta a las necesidades de cada golpe, proporcionando larga distancia de lanzamiento, velocidad, y rendimiento.<\/p>\n<p><b>Caracter\u00edsticas:<\/b><\/p>\n<ul>\n<li><b>Qi10 Tour Fairway: <\/b>Ofrece la m\u00e1xima velocidad con el m\u00e1ximo perd\u00f3n, ajust\u00e1ndose a cada golpe.<b><br \/>\n<\/b><\/li>\n<\/ul>\n<p><b>Tecnolog\u00edas:<\/b><\/p>\n<ul>\n<li><b>Sistema de peso m\u00f3vil: <\/b>Cuenta con un peso deslizante de 50 g, que ofrece diferentes opciones de golpes. Si el peso se desplaza hacia atr\u00e1s el golpe proporciona mayor distancia de lanzamiento y estabilidad, si el peso se mantiene centrado proporciona un rendimiento general, y si el peso se desplaza hacia delante el golpe proporciona el vuelo de la bola de larga distancia y bajo efecto.<\/li>\n<li><b>Corona de Carbono Infinity Crown:<\/b> Cuenta con un dise\u00f1o con m\u00e1s peso en la parte de abajo de la cabeza, para proporcionar mayor inercia, una vista limpia en la direcci\u00f3n del golpe, generar velocidad, y optimizar el rendimiento.<\/li>\n<li><b>Cara de titanio:<\/b> Mejora la resistencia de la cara, y maximiza la velocidad de la bola.<\/li>\n<li><b>Twist Face:<\/b> Para corregir golpes descentrados, y conseguir golpes rectos y largos.<\/li>\n<\/ul>\n<\/div>\n<\/div>\n<\/div>\n","protected":false},"excerpt":{"rendered":"<p>La <b>Madera de Calle TaylorMade Qi10 Tour <\/b>se ajusta a las necesidades de cada golpe, proporcionando larga distancia de lanzamiento, velocidad, y rendimiento.<\/p>\n","protected":false},"featured_media":2821,"comment_status":"open","ping_status":"closed","template":"","meta":[],"product_brand":[],"product_cat":[77,180,244],"product_tag":[],"class_list":{"0":"post-2820","1":"product","2":"type-product","3":"status-publish","4":"has-post-thumbnail","6":"product_cat-palos-de-golf","7":"product_cat-maderas-de-calle","8":"product_cat-liquidacion","9":"pa_marca-taylor-made","11":"first","12":"instock","13":"sale","14":"taxable","15":"shipping-taxable","16":"purchasable","17":"product-type-variable"},"jetpack-related-posts":[],"jetpack_sharing_enabled":true,"_links":{"self":[{"href":"https:\/\/www.golfcenteralmeria.com\/index.php?rest_route=\/wp\/v2\/product\/2820","targetHints":{"allow":["GET"]}}],"collection":[{"href":"https:\/\/www.golfcenteralmeria.com\/index.php?rest_route=\/wp\/v2\/product"}],"about":[{"href":"https:\/\/www.golfcenteralmeria.com\/index.php?rest_route=\/wp\/v2\/types\/product"}],"replies":[{"embeddable":true,"href":"https:\/\/www.golfcenteralmeria.com\/index.php?rest_route=%2Fwp%2Fv2%2Fcomments&post=2820"}],"wp:featuredmedia":[{"embeddable":true,"href":"https:\/\/www.golfcenteralmeria.com\/index.php?rest_route=\/wp\/v2\/media\/2821"}],"wp:attachment":[{"href":"https:\/\/www.golfcenteralmeria.com\/index.php?rest_route=%2Fwp%2Fv2%2Fmedia&parent=2820"}],"wp:term":[{"taxonomy":"product_brand","embeddable":true,"href":"https:\/\/www.golfcenteralmeria.com\/index.php?rest_route=%2Fwp%2Fv2%2Fproduct_brand&post=2820"},{"taxonomy":"product_cat","embeddable":true,"href":"https:\/\/www.golfcenteralmeria.com\/index.php?rest_route=%2Fwp%2Fv2%2Fproduct_cat&post=2820"},{"taxonomy":"product_tag","embeddable":true,"href":"https:\/\/www.golfcenteralmeria.com\/index.php?rest_route=%2Fwp%2Fv2%2Fproduct_tag&post=2820"}],"curies":[{"name":"wp","href":"https:\/\/api.w.org\/{rel}","templated":true}]}}