{"id":274,"date":"2020-08-18T10:00:04","date_gmt":"2020-08-18T10:00:04","guid":{"rendered":"http:\/\/s829868843.mialojamiento.es\/?post_type=product&#038;p=274"},"modified":"2025-05-31T15:08:47","modified_gmt":"2025-05-31T15:08:47","slug":"kit-junior-mkpro","status":"publish","type":"product","link":"https:\/\/www.golfcenteralmeria.com\/?product=kit-junior-mkpro","title":{"rendered":"KIT JUNIOR MKPRO"},"content":{"rendered":"<p>Hecho de materiales de alta especificaci\u00f3n, la configuraci\u00f3n en este juego medio ofrece el n\u00famero correcto de clubes para que un junior pueda comenzar a jugar golf o pasar al siguiente tama\u00f1o.<\/p>\n<p>La configuraci\u00f3n del conjunto incluye lo siguiente:<\/p>\n<p>Fairway Wood: esta madera de fairway de gran altura tiene una construcci\u00f3n de gran tama\u00f1o que le permite usarla con comodidad y confianza desde el tee o el fairway.<br \/>\nHierros: el dise\u00f1o sobredimensionado de la cabeza y la gran cavidad ofrece niveles incre\u00edbles de perd\u00f3n en los golpes descentrados. El CG es bajo y profundo en la cabeza para mejorar el lanzamiento y aumentar la distancia.<br \/>\nJuegos de 57 \u00ab, 61\u00bb y 65 \u00ab- hierros 6, 8 y PW<br \/>\nPutter: el dise\u00f1o de la cabeza promueve la estabilidad en todo el recorrido para un mayor control de la distancia y la precisi\u00f3n.<\/p>\n<p>Todos los ejes (excepto el putter) se han equipado con un eje de grafito de alta calidad que se ha ponderado espec\u00edficamente para mejorar y ayudar al swing de golf junior.<\/p>\n<p>Una bolsa de soporte con estilo completa el conjunto de paquetes. El dise\u00f1o de esta bolsa de soporte le permitir\u00e1 llevar c\u00f3modamente los clubes y proporciona un excelente espacio de almacenamiento para las capas adicionales de ropa y todos sus accesorios.<\/p>\n<p>Palos : Verde 57\u00a8 (145cm) Azul\u00a8 61\u00a8 (155cm) Negro 65\u00a8(165cm)<br \/>\nEdad 9-11 A\u00f1os Edad 10-12 A\u00f1os Edad 12-14 A\u00f1os<\/p>\n","protected":false},"excerpt":{"rendered":"<p>La configuraci\u00f3n del conjunto incluye lo siguiente:<\/p>\n<p>Fairway Wood: esta madera de fairway de gran altura tiene una construcci\u00f3n de gran tama\u00f1o que le permite usarla con comodidad y confianza desde el tee o el fairway.<br \/>\nHierros: el dise\u00f1o sobredimensionado de la cabeza y la gran cavidad ofrece niveles incre\u00edbles de perd\u00f3n en los golpes descentrados. El CG es bajo y profundo en la cabeza para mejorar el lanzamiento y aumentar la distancia.<br \/>\nJuegos de 57 \u00ab, 61\u00bb y 65 \u00ab- hierros 6, 8 y PW<br \/>\nPutter: el dise\u00f1o de la cabeza promueve la estabilidad en todo el recorrido para un mayor control de la distancia y la precisi\u00f3n.<\/p>\n<p>Todos los ejes (excepto el putter) se han equipado con un eje de grafito de alta calidad que se ha ponderado espec\u00edficamente para mejorar y ayudar al swing de golf junior.<\/p>\n<p>Una bolsa de soporte con estilo completa el conjunto de paquetes. El dise\u00f1o de esta bolsa de soporte le permitir\u00e1 llevar c\u00f3modamente los clubes y proporciona un excelente espacio de almacenamiento para las capas adicionales de ropa y todos sus accesorios.<\/p>\n","protected":false},"featured_media":276,"comment_status":"open","ping_status":"closed","template":"","meta":[],"product_brand":[],"product_cat":[122,123],"product_tag":[],"class_list":{"0":"post-274","1":"product","2":"type-product","3":"status-publish","4":"has-post-thumbnail","6":"product_cat-infantil","7":"product_cat-palos-junior","8":"pa_marca-mkids","10":"first","11":"instock","12":"taxable","13":"shipping-taxable","14":"purchasable","15":"product-type-variable"},"jetpack-related-posts":[],"jetpack_sharing_enabled":true,"_links":{"self":[{"href":"https:\/\/www.golfcenteralmeria.com\/index.php?rest_route=\/wp\/v2\/product\/274","targetHints":{"allow":["GET"]}}],"collection":[{"href":"https:\/\/www.golfcenteralmeria.com\/index.php?rest_route=\/wp\/v2\/product"}],"about":[{"href":"https:\/\/www.golfcenteralmeria.com\/index.php?rest_route=\/wp\/v2\/types\/product"}],"replies":[{"embeddable":true,"href":"https:\/\/www.golfcenteralmeria.com\/index.php?rest_route=%2Fwp%2Fv2%2Fcomments&post=274"}],"wp:featuredmedia":[{"embeddable":true,"href":"https:\/\/www.golfcenteralmeria.com\/index.php?rest_route=\/wp\/v2\/media\/276"}],"wp:attachment":[{"href":"https:\/\/www.golfcenteralmeria.com\/index.php?rest_route=%2Fwp%2Fv2%2Fmedia&parent=274"}],"wp:term":[{"taxonomy":"product_brand","embeddable":true,"href":"https:\/\/www.golfcenteralmeria.com\/index.php?rest_route=%2Fwp%2Fv2%2Fproduct_brand&post=274"},{"taxonomy":"product_cat","embeddable":true,"href":"https:\/\/www.golfcenteralmeria.com\/index.php?rest_route=%2Fwp%2Fv2%2Fproduct_cat&post=274"},{"taxonomy":"product_tag","embeddable":true,"href":"https:\/\/www.golfcenteralmeria.com\/index.php?rest_route=%2Fwp%2Fv2%2Fproduct_tag&post=274"}],"curies":[{"name":"wp","href":"https:\/\/api.w.org\/{rel}","templated":true}]}}