{"id":2580,"date":"2023-10-09T09:51:45","date_gmt":"2023-10-09T09:51:45","guid":{"rendered":"https:\/\/www.golfcenteralmeria.com\/?post_type=product&#038;p=2580"},"modified":"2024-04-17T04:12:40","modified_gmt":"2024-04-17T04:12:40","slug":"bolsa-de-carro-cobra-fly-xl","status":"publish","type":"product","link":"https:\/\/www.golfcenteralmeria.com\/?product=bolsa-de-carro-cobra-fly-xl","title":{"rendered":"Bolsa de carro Cobra Fly XL"},"content":{"rendered":"<div id=\"collapsedescription\" class=\"collapse in\" role=\"tabpanel\" aria-labelledby=\"headingdescription\">\n<div class=\"card-block\">\n<div class=\"product-description\">\n<p>Con la bolsa de carro <b>Cobra <\/b><b>Fly <\/b><b>XL\u00a0 <\/b>podr\u00e1s transportar de la forma m\u00e1s c\u00f3moda tus palos de golf y todos tus accesorios, ya que\u00a0es ligera y f\u00e1cil de transportar.\u00a0Adem\u00e1s,\u00a0tiene\u00a0<b>m\u00faltiples caracter\u00edsticas<\/b>\u00a0que hacen que sea una bolsa muy funcional:<\/p>\n<ul>\n<li><b>Anclaje universal<\/b>: Se adapta a todo tipo de carros de forma sencilla.<\/li>\n<li><b>Con asas moldeadas y correa acolchada ergon\u00f3mica<\/b>: Resulta muy f\u00e1cil de transportar, de subir y bajar del carro, o simplemente de cargar.<\/li>\n<li>Dispone de\u00a0soporte para guantes, y paraguas.<\/li>\n<li>Abertura superior de 24 cm de di\u00e1metro con<b>\u00a014 divisores, <\/b>incluido divisor espec\u00edfico para el putter.<\/li>\n<li><b>MUY LIGERA: Solo pesa 2,1 kg.<\/b><\/li>\n<li>Incluye capota para la lluvia.<\/li>\n<\/ul>\n<p>Tambi\u00e9n\u00a0cuenta con<b>\u00a06 Bolsillos:<\/b><\/p>\n<p>&nbsp;<\/p>\n<ul>\n<li><b>2 Bolsillos laterales de gran tama\u00f1o<\/b>: Te permiten guardar c\u00f3modamente las partes m\u00e1s voluminosas de tu equipo.<\/li>\n<li><b>1 Bolsillo para objetos de valor forrado de terciopelo protector<\/b>: Tus objetos m\u00e1s preciados estar\u00e1n salvaguardados de posibles golpes y rascazos<\/li>\n<li><b>1 Bolsillo mediano para bolas de golf y tees.<\/b><\/li>\n<li><b>2 Bolsillos de muy f\u00e1cil acceso:<\/b>\u00a0Perfectos para guardar los accesorios que m\u00e1s utilices.<\/li>\n<\/ul>\n<\/div>\n<\/div>\n<\/div>\n","protected":false},"excerpt":{"rendered":"<p>Con la\u00a0 bolsa de carro <b>Cobra <\/b><b>Fly <\/b><b>XL\u00a0 <\/b>podr\u00e1s transportar de la forma m\u00e1s c\u00f3moda tus palos de golf y todos tus accesorios, ya que\u00a0es ligera y f\u00e1cil de transportar.\u00a0Adem\u00e1s,\u00a0tiene\u00a0<b>m\u00faltiples caracter\u00edsticas<\/b>\u00a0que hacen que sea una bolsa muy funcional<\/p>\n","protected":false},"featured_media":2581,"comment_status":"open","ping_status":"closed","template":"","meta":[],"product_brand":[],"product_cat":[270,17],"product_tag":[],"class_list":{"0":"post-2580","1":"product","2":"type-product","3":"status-publish","4":"has-post-thumbnail","6":"product_cat-bolsas-caballero","7":"product_cat-bolsas","8":"pa_color-gris-negro","9":"pa_color-negro-azul","10":"pa_color-rojo-negro","11":"pa_color-negro-amarillo","12":"pa_marca-cobra-golf","14":"first","15":"instock","16":"taxable","17":"shipping-taxable","18":"purchasable","19":"product-type-variable"},"jetpack-related-posts":[],"jetpack_sharing_enabled":true,"_links":{"self":[{"href":"https:\/\/www.golfcenteralmeria.com\/index.php?rest_route=\/wp\/v2\/product\/2580","targetHints":{"allow":["GET"]}}],"collection":[{"href":"https:\/\/www.golfcenteralmeria.com\/index.php?rest_route=\/wp\/v2\/product"}],"about":[{"href":"https:\/\/www.golfcenteralmeria.com\/index.php?rest_route=\/wp\/v2\/types\/product"}],"replies":[{"embeddable":true,"href":"https:\/\/www.golfcenteralmeria.com\/index.php?rest_route=%2Fwp%2Fv2%2Fcomments&post=2580"}],"wp:featuredmedia":[{"embeddable":true,"href":"https:\/\/www.golfcenteralmeria.com\/index.php?rest_route=\/wp\/v2\/media\/2581"}],"wp:attachment":[{"href":"https:\/\/www.golfcenteralmeria.com\/index.php?rest_route=%2Fwp%2Fv2%2Fmedia&parent=2580"}],"wp:term":[{"taxonomy":"product_brand","embeddable":true,"href":"https:\/\/www.golfcenteralmeria.com\/index.php?rest_route=%2Fwp%2Fv2%2Fproduct_brand&post=2580"},{"taxonomy":"product_cat","embeddable":true,"href":"https:\/\/www.golfcenteralmeria.com\/index.php?rest_route=%2Fwp%2Fv2%2Fproduct_cat&post=2580"},{"taxonomy":"product_tag","embeddable":true,"href":"https:\/\/www.golfcenteralmeria.com\/index.php?rest_route=%2Fwp%2Fv2%2Fproduct_tag&post=2580"}],"curies":[{"name":"wp","href":"https:\/\/api.w.org\/{rel}","templated":true}]}}