{"id":2567,"date":"2023-09-21T15:25:41","date_gmt":"2023-09-21T15:25:41","guid":{"rendered":"https:\/\/www.golfcenteralmeria.com\/?post_type=product&#038;p=2567"},"modified":"2024-06-29T16:10:38","modified_gmt":"2024-06-29T16:10:38","slug":"grip-putter-sweet-rollz-wtf-midsize","status":"publish","type":"product","link":"https:\/\/www.golfcenteralmeria.com\/?product=grip-putter-sweet-rollz-wtf-midsize","title":{"rendered":"Grip Putter Sweet Rollz WTF? Midsize"},"content":{"rendered":"<p id=\"tw-target-text\" class=\"tw-data-text tw-text-large tw-ta\" dir=\"ltr\" data-placeholder=\"Traducci\u00f3n\"><span class=\"Y2IQFc\" lang=\"es\">Los grips de putter Sweet Rollz convencen no s\u00f3lo por su variedad de dise\u00f1os, sino tambi\u00e9n por su sensaci\u00f3n c\u00f3moda y adherente. M\u00e1s de 20 dise\u00f1os excepcionales y dos tama\u00f1os de agarre aportar\u00e1n el \u00abswing \u00f3ptico\u00bb a tu juego. <\/span><\/p>\n<p class=\"tw-data-text tw-text-large tw-ta\" dir=\"ltr\" data-placeholder=\"Traducci\u00f3n\"><span class=\"Y2IQFc\" lang=\"es\">Cada empu\u00f1adura est\u00e1 hecha de una l\u00e1mina de poliuretano reforzada con tela con un embutido profundo. Marco de goma estructural interior. Se aplica una capa de adhesivo al caucho, luego el La empu\u00f1adura est\u00e1 cosida a mano sobre el marco de goma. <\/span><\/p>\n<p class=\"tw-data-text tw-text-large tw-ta\" dir=\"ltr\" data-placeholder=\"Traducci\u00f3n\"><span class=\"Y2IQFc\" lang=\"es\">La empu\u00f1adura de uretano sint\u00e9tico cosida y terminada presenta un patr\u00f3n de panal plano y en relieve que transfiere a la perfecci\u00f3n la sensaci\u00f3n del Comentarios definitivos. Casi todos los grips de putter vienen con una tapa a juego, tambi\u00e9n fabricada con un alto nivel de calidad. y en el mismo dise\u00f1o.<\/span><\/p>\n","protected":false},"excerpt":{"rendered":"<p><span class=\"Y2IQFc\" lang=\"es\">Los grips de putter Sweet Rollz convencen no s\u00f3lo por su variedad de dise\u00f1os, sino tambi\u00e9n por su sensaci\u00f3n c\u00f3moda y adherente. M\u00e1s de 20 dise\u00f1os excepcionales y dos tama\u00f1os de agarre aportar\u00e1n el \u00abswing \u00f3ptico\u00bb a tu juego. <\/span><\/p>\n","protected":false},"featured_media":2568,"comment_status":"open","ping_status":"closed","template":"","meta":[],"product_brand":[],"product_cat":[237],"product_tag":[],"class_list":{"0":"post-2567","1":"product","2":"type-product","3":"status-publish","4":"has-post-thumbnail","6":"product_cat-grips","7":"pa_marca-sweet-rollz","9":"first","10":"instock","11":"taxable","12":"shipping-taxable","13":"purchasable","14":"product-type-simple"},"jetpack-related-posts":[],"jetpack_sharing_enabled":true,"_links":{"self":[{"href":"https:\/\/www.golfcenteralmeria.com\/index.php?rest_route=\/wp\/v2\/product\/2567","targetHints":{"allow":["GET"]}}],"collection":[{"href":"https:\/\/www.golfcenteralmeria.com\/index.php?rest_route=\/wp\/v2\/product"}],"about":[{"href":"https:\/\/www.golfcenteralmeria.com\/index.php?rest_route=\/wp\/v2\/types\/product"}],"replies":[{"embeddable":true,"href":"https:\/\/www.golfcenteralmeria.com\/index.php?rest_route=%2Fwp%2Fv2%2Fcomments&post=2567"}],"wp:featuredmedia":[{"embeddable":true,"href":"https:\/\/www.golfcenteralmeria.com\/index.php?rest_route=\/wp\/v2\/media\/2568"}],"wp:attachment":[{"href":"https:\/\/www.golfcenteralmeria.com\/index.php?rest_route=%2Fwp%2Fv2%2Fmedia&parent=2567"}],"wp:term":[{"taxonomy":"product_brand","embeddable":true,"href":"https:\/\/www.golfcenteralmeria.com\/index.php?rest_route=%2Fwp%2Fv2%2Fproduct_brand&post=2567"},{"taxonomy":"product_cat","embeddable":true,"href":"https:\/\/www.golfcenteralmeria.com\/index.php?rest_route=%2Fwp%2Fv2%2Fproduct_cat&post=2567"},{"taxonomy":"product_tag","embeddable":true,"href":"https:\/\/www.golfcenteralmeria.com\/index.php?rest_route=%2Fwp%2Fv2%2Fproduct_tag&post=2567"}],"curies":[{"name":"wp","href":"https:\/\/api.w.org\/{rel}","templated":true}]}}