{"id":2543,"date":"2023-09-09T08:44:17","date_gmt":"2023-09-09T08:44:17","guid":{"rendered":"https:\/\/www.golfcenteralmeria.com\/?post_type=product&#038;p=2543"},"modified":"2024-02-11T02:20:09","modified_gmt":"2024-02-11T02:20:09","slug":"bolsa-ping-traverse-g-le3-lady","status":"publish","type":"product","link":"https:\/\/www.golfcenteralmeria.com\/?product=bolsa-ping-traverse-g-le3-lady","title":{"rendered":"Bolsa Ping Traverse G Le3 Lady"},"content":{"rendered":"<p>La bolsa para carro de golf para mujer\u00a0<b>Ping <\/b><b>Traverse G Le3\u00a0<\/b>tiene\u00a0<b>m\u00faltiples caracter\u00edsticas<\/b>\u00a0que hacen que sea una bolsa muy funcional:<\/p>\n<ul>\n<li><b>Anclaje universal<\/b>: Se adapta a todo tipo de carros de forma sencilla.<\/li>\n<li><b>Con asa moldeada<\/b>: Resulta muy f\u00e1cil de transportar, de subir y bajar del carro, o simplemente de cargar.<\/li>\n<li>Dispone de\u00a0soporte para paraguas y toallero.<\/li>\n<li><b>Canal de paso para la correa del carro<\/b>: permite asegurar la bolsa mientras mantiene accesibles los 11 bolsillos.<\/li>\n<li>Abertura superior con<b>\u00a014 divisores.<\/b><\/li>\n<li><b>MUY LIGERA: Solo pesa 2,4 kg.<\/b><\/li>\n<li>Incluye capota para la lluvia.<\/li>\n<\/ul>\n<p>Adem\u00e1s podr\u00e1s transportar de la forma m\u00e1s c\u00f3moda tus palos de golf y todos los accesorios de golf que necesites, ya que tiene una gran capacidad de almacenamiento con<b>\u00a011 Bolsillos entre los que destacamos:<\/b><\/p>\n<ul>\n<li><b>2 Bolsillos laterales de gran tama\u00f1o<\/b>: Te permiten guardar c\u00f3modamente las partes m\u00e1s voluminosas de tu equipo.<\/li>\n<li><b>4 bolsillos para accesorios<\/b>:\u00a0De muy f\u00e1cil acceso, perfecto para guardar los accesorios que m\u00e1s utilices.<\/li>\n<li><b>1 Bolsillos para objetos de valor forrados de terciopelo protector<\/b>: Tus objetos m\u00e1s preciados estar\u00e1n salvaguardados de posibles golpes y rascazos<\/li>\n<li><b>1 bolsillo para el tel\u00e9metro.<\/b><\/li>\n<li><b>1 bolsillo isot\u00e9mico para bebidas.<\/b><\/li>\n<li><b>1 Bolsillo para bolas de golf y tees.<\/b><\/li>\n<\/ul>\n","protected":false},"excerpt":{"rendered":"<p><img loading=\"lazy\" decoding=\"async\" class=\"size-full wp-image-1413 aligncenter\" src=\"https:\/\/www.golfcenteralmeria.com\/wp-content\/uploads\/2021\/10\/Screenshot_2020-07-11-Golf-Center-Almeria-Tienda-online-de-Golf.png\" alt=\"\" width=\"267\" height=\"154\" \/>La bolsa para carro de golf para mujer\u00a0<b>Ping <\/b><b>Traverse G Le3\u00a0<\/b>tiene\u00a0<b>m\u00faltiples caracter\u00edsticas<\/b> que hacen que sea una bolsa muy funcional<\/p>\n<p>Para comprar este producto llamanos!!<\/p>\n<p>&nbsp;<\/p>\n","protected":false},"featured_media":2544,"comment_status":"open","ping_status":"closed","template":"","meta":[],"product_brand":[],"product_cat":[17,161],"product_tag":[],"class_list":{"0":"post-2543","1":"product","2":"type-product","3":"status-publish","4":"has-post-thumbnail","6":"product_cat-bolsas","7":"product_cat-bolsas-lady","8":"pa_marca-ping","10":"first","11":"outofstock","12":"taxable","13":"shipping-taxable","14":"purchasable","15":"product-type-simple"},"jetpack-related-posts":[],"jetpack_sharing_enabled":true,"_links":{"self":[{"href":"https:\/\/www.golfcenteralmeria.com\/index.php?rest_route=\/wp\/v2\/product\/2543","targetHints":{"allow":["GET"]}}],"collection":[{"href":"https:\/\/www.golfcenteralmeria.com\/index.php?rest_route=\/wp\/v2\/product"}],"about":[{"href":"https:\/\/www.golfcenteralmeria.com\/index.php?rest_route=\/wp\/v2\/types\/product"}],"replies":[{"embeddable":true,"href":"https:\/\/www.golfcenteralmeria.com\/index.php?rest_route=%2Fwp%2Fv2%2Fcomments&post=2543"}],"wp:featuredmedia":[{"embeddable":true,"href":"https:\/\/www.golfcenteralmeria.com\/index.php?rest_route=\/wp\/v2\/media\/2544"}],"wp:attachment":[{"href":"https:\/\/www.golfcenteralmeria.com\/index.php?rest_route=%2Fwp%2Fv2%2Fmedia&parent=2543"}],"wp:term":[{"taxonomy":"product_brand","embeddable":true,"href":"https:\/\/www.golfcenteralmeria.com\/index.php?rest_route=%2Fwp%2Fv2%2Fproduct_brand&post=2543"},{"taxonomy":"product_cat","embeddable":true,"href":"https:\/\/www.golfcenteralmeria.com\/index.php?rest_route=%2Fwp%2Fv2%2Fproduct_cat&post=2543"},{"taxonomy":"product_tag","embeddable":true,"href":"https:\/\/www.golfcenteralmeria.com\/index.php?rest_route=%2Fwp%2Fv2%2Fproduct_tag&post=2543"}],"curies":[{"name":"wp","href":"https:\/\/api.w.org\/{rel}","templated":true}]}}