{"id":2531,"date":"2023-09-04T16:14:45","date_gmt":"2023-09-04T16:14:45","guid":{"rendered":"https:\/\/www.golfcenteralmeria.com\/?post_type=product&#038;p=2531"},"modified":"2025-01-01T03:40:51","modified_gmt":"2025-01-01T03:40:51","slug":"hierros-taylormade-p790-2023-acero-5-pw-6-palos","status":"publish","type":"product","link":"https:\/\/www.golfcenteralmeria.com\/?product=hierros-taylormade-p790-2023-acero-5-pw-6-palos","title":{"rendered":"Hierros Taylormade P790 2023 acero 5-pw (6 palos)"},"content":{"rendered":"<p>Hierros de golf TaylorMade P790 Velocidades de bola m\u00e1s r\u00e1pidas con sensaci\u00f3n forjada premiumTaylorMade anuncia el nuevo P790, con cada hierro dise\u00f1ado individualmente para funcionar exactamente como los golfistas lo necesitan.Con optimizaci\u00f3n precisa de la masa en cada hierro, peso de tungsteno y SpeedFoam Air, cada hierro individual tiene una estructura interna \u00fanica. Esta construcci\u00f3n optimizada por IA est\u00e1 dise\u00f1ada para crear una combinaci\u00f3n inigualable de distancia, tolerancia y precisi\u00f3n.Por primera vez, P790 presenta FLTD CG, un dise\u00f1o estrat\u00e9gico que posiciona el centro de gravedad (CG) m\u00e1s bajo en hierros largos y lo desplaza progresivamente hacia arriba a lo largo del set. Este concepto de dise\u00f1o intuitivo permite un lanzamiento m\u00e1s f\u00e1cil y un mayor perd\u00f3n en los hierros largos, mientras que los hierros lofted m\u00e1s cortos y d\u00e9biles est\u00e1n dise\u00f1ados para controlar el vuelo de la bola y optimizar el efecto.Los hierros P790 2023 cuentan con una construcci\u00f3n avanzada de pared trasera gruesa y delgada, que redistribuye estrat\u00e9gicamente la masa para mejorar el rendimiento. Cada hierro est\u00e1 dise\u00f1ado de forma \u00fanica mediante optimizaci\u00f3n de masa patentada por IA, colocando cada gramo estrat\u00e9gicamente para lograr objetivos de rendimiento espec\u00edficos. La combinaci\u00f3n de una cara responsiva y una nueva forma interna produce un nuevo P790 dise\u00f1ado para tener un punto \u00f3ptimo m\u00e1s grande, un avance notable con respecto a las primeras generaciones de P790. Este nuevo punto \u00f3ptimo captura de forma inteligente m\u00e1s tiros al tiempo que garantiza velocidades y precisi\u00f3n constantes de la pelota.La nueva generaci\u00f3n de P790 est\u00e1 dise\u00f1ada para ofrecer un lanzamiento \u00f3ptimo, mayor tolerancia y mayor consistencia. La nueva estructura de peso interna se combina con tecnolog\u00edas probadas como la cara en L forjada, Speed ??Pocket y hasta 38 g de tungsteno. El cuerpo hueco forjado es la construcci\u00f3n ideal dise\u00f1ada para un rendimiento con una sensaci\u00f3n superior. La nueva barra de estabilizaci\u00f3n de sonido interna combinada con el ultraligero SpeedFoam Air ofrece una sensaci\u00f3n de hierro forjado a\u00fan mejor en 2023.<\/p>\n","protected":false},"excerpt":{"rendered":"<p>Hierros de golf TaylorMade P790 Velocidades de bola m\u00e1s r\u00e1pidas con sensaci\u00f3n forjada premiumTaylorMade anuncia el nuevo P790, con cada hierro dise\u00f1ado individualmente para funcionar exactamente como los golfistas lo necesitan.Con optimizaci\u00f3n precisa de la masa en cada hierro, peso de tungsteno y SpeedFoam Air, cada hierro individual tiene una estructura interna \u00fanica.<\/p>\n<ul>\n<li>Para elegir tu varilla y demas especificaciones llamanos al tlf 610712837<\/li>\n<\/ul>\n","protected":false},"featured_media":2532,"comment_status":"open","ping_status":"closed","template":"","meta":[],"product_brand":[],"product_cat":[77,74],"product_tag":[],"class_list":{"0":"post-2531","1":"product","2":"type-product","3":"status-publish","4":"has-post-thumbnail","6":"product_cat-palos-de-golf","7":"product_cat-hierros","8":"pa_marca-taylor-made","10":"first","11":"instock","12":"taxable","13":"shipping-taxable","14":"purchasable","15":"product-type-simple"},"jetpack-related-posts":[],"jetpack_sharing_enabled":true,"_links":{"self":[{"href":"https:\/\/www.golfcenteralmeria.com\/index.php?rest_route=\/wp\/v2\/product\/2531","targetHints":{"allow":["GET"]}}],"collection":[{"href":"https:\/\/www.golfcenteralmeria.com\/index.php?rest_route=\/wp\/v2\/product"}],"about":[{"href":"https:\/\/www.golfcenteralmeria.com\/index.php?rest_route=\/wp\/v2\/types\/product"}],"replies":[{"embeddable":true,"href":"https:\/\/www.golfcenteralmeria.com\/index.php?rest_route=%2Fwp%2Fv2%2Fcomments&post=2531"}],"wp:featuredmedia":[{"embeddable":true,"href":"https:\/\/www.golfcenteralmeria.com\/index.php?rest_route=\/wp\/v2\/media\/2532"}],"wp:attachment":[{"href":"https:\/\/www.golfcenteralmeria.com\/index.php?rest_route=%2Fwp%2Fv2%2Fmedia&parent=2531"}],"wp:term":[{"taxonomy":"product_brand","embeddable":true,"href":"https:\/\/www.golfcenteralmeria.com\/index.php?rest_route=%2Fwp%2Fv2%2Fproduct_brand&post=2531"},{"taxonomy":"product_cat","embeddable":true,"href":"https:\/\/www.golfcenteralmeria.com\/index.php?rest_route=%2Fwp%2Fv2%2Fproduct_cat&post=2531"},{"taxonomy":"product_tag","embeddable":true,"href":"https:\/\/www.golfcenteralmeria.com\/index.php?rest_route=%2Fwp%2Fv2%2Fproduct_tag&post=2531"}],"curies":[{"name":"wp","href":"https:\/\/api.w.org\/{rel}","templated":true}]}}