{"id":2403,"date":"2023-03-21T10:27:29","date_gmt":"2023-03-21T10:27:29","guid":{"rendered":"https:\/\/www.golfcenteralmeria.com\/?post_type=product&#038;p=2403"},"modified":"2023-03-21T10:27:30","modified_gmt":"2023-03-21T10:27:30","slug":"set-de-hierros-cobra-forged-tec-x-5-pw","status":"publish","type":"product","link":"https:\/\/www.golfcenteralmeria.com\/?product=set-de-hierros-cobra-forged-tec-x-5-pw","title":{"rendered":"Set de Hierros Cobra Forged Tec X 5-PW"},"content":{"rendered":"<div id=\"collapsedescription\" class=\"collapse in\" role=\"tabpanel\" aria-labelledby=\"headingdescription\">\n<div class=\"card-block\">\n<div class=\"product-description\">\n<div id=\"collapsedescription\" class=\"collapse in\" role=\"tabpanel\" aria-labelledby=\"headingdescription\">\n<div class=\"card-block\">\n<div class=\"product-description\">\n<p>El set de hierros<b> KING Forged Tec X <\/b>te proporcionar\u00e1 una\u00a0mayor distancia y tolerancia gracias a su peso interno de tungsteno de 65 g y a una construcci\u00f3n de cuerpo hueco, y esto har\u00e1 que mejore tu juego.<\/p>\n<p><b>Tecnolog\u00edas:<\/b><\/p>\n<ul>\n<li><b>Cara Pwrshell<\/b>: Su cara Pwrshell forjada expande el punto dulce, lo que hace que los golpes sean m\u00e1s altos y con una velocidad de bola m\u00e1s r\u00e1pida.<\/li>\n<li>Dise\u00f1o hueco: Su forma cl\u00e1sica oculta un n\u00facleo hueco que hace que el centro de gravedad sea m\u00e1s bajo, y proporcione un mayor control aumentando la jugabilidad.<\/li>\n<li><b>Microesferas de espuma<\/b>: La cavidad hueca est\u00e1 rellena de microesferas de espuma, que afinan la ac\u00fastica y crean una sensaci\u00f3n m\u00e1s suave.<\/li>\n<li><b>Ponderaci\u00f3n de tungsteno:<\/b> El peso interno de tungsteno de 65g proporciona una estabilidad extrema.<\/li>\n<\/ul>\n<\/div>\n<\/div>\n<\/div>\n<\/div>\n<\/div>\n<\/div>\n","protected":false},"excerpt":{"rendered":"<p>El set de hierros<b> KING Forged Tec X <\/b>te proporcionar\u00e1 una\u00a0mayor distancia y tolerancia gracias a su peso interno de tungsteno de 65 g y a una construcci\u00f3n de cuerpo hueco, y esto har\u00e1 que mejore tu juego.<\/p>\n","protected":false},"featured_media":2404,"comment_status":"open","ping_status":"closed","template":"","meta":[],"product_brand":[],"product_cat":[77,74],"product_tag":[],"class_list":{"0":"post-2403","1":"product","2":"type-product","3":"status-publish","4":"has-post-thumbnail","6":"product_cat-palos-de-golf","7":"product_cat-hierros","8":"pa_marca-cobra-golf","10":"first","11":"instock","12":"sale","13":"taxable","14":"shipping-taxable","15":"purchasable","16":"product-type-variable"},"jetpack-related-posts":[],"jetpack_sharing_enabled":true,"_links":{"self":[{"href":"https:\/\/www.golfcenteralmeria.com\/index.php?rest_route=\/wp\/v2\/product\/2403","targetHints":{"allow":["GET"]}}],"collection":[{"href":"https:\/\/www.golfcenteralmeria.com\/index.php?rest_route=\/wp\/v2\/product"}],"about":[{"href":"https:\/\/www.golfcenteralmeria.com\/index.php?rest_route=\/wp\/v2\/types\/product"}],"replies":[{"embeddable":true,"href":"https:\/\/www.golfcenteralmeria.com\/index.php?rest_route=%2Fwp%2Fv2%2Fcomments&post=2403"}],"wp:featuredmedia":[{"embeddable":true,"href":"https:\/\/www.golfcenteralmeria.com\/index.php?rest_route=\/wp\/v2\/media\/2404"}],"wp:attachment":[{"href":"https:\/\/www.golfcenteralmeria.com\/index.php?rest_route=%2Fwp%2Fv2%2Fmedia&parent=2403"}],"wp:term":[{"taxonomy":"product_brand","embeddable":true,"href":"https:\/\/www.golfcenteralmeria.com\/index.php?rest_route=%2Fwp%2Fv2%2Fproduct_brand&post=2403"},{"taxonomy":"product_cat","embeddable":true,"href":"https:\/\/www.golfcenteralmeria.com\/index.php?rest_route=%2Fwp%2Fv2%2Fproduct_cat&post=2403"},{"taxonomy":"product_tag","embeddable":true,"href":"https:\/\/www.golfcenteralmeria.com\/index.php?rest_route=%2Fwp%2Fv2%2Fproduct_tag&post=2403"}],"curies":[{"name":"wp","href":"https:\/\/api.w.org\/{rel}","templated":true}]}}