{"id":2389,"date":"2023-03-09T15:22:35","date_gmt":"2023-03-09T15:22:35","guid":{"rendered":"https:\/\/www.golfcenteralmeria.com\/?post_type=product&#038;p=2389"},"modified":"2023-03-09T15:22:36","modified_gmt":"2023-03-09T15:22:36","slug":"set-hierros-cobra-aerojet-5-pw","status":"publish","type":"product","link":"https:\/\/www.golfcenteralmeria.com\/?product=set-hierros-cobra-aerojet-5-pw","title":{"rendered":"Set Hierros Cobra AEROJET 5-PW"},"content":{"rendered":"<div id=\"tab-label-specstab\" class=\"data item title\">\n<p>Distancia por dise\u00f1o Busque greens como nunca antes a trav\u00e9s de un lanzamiento y una distancia sin esfuerzo en nuestro hierro m\u00e1s avanzado tecnol\u00f3gicamente.<\/p>\n<p>El inserto PWRSHELL maximiza la velocidad y el lanzamiento mientras que el A.I. La cara H.O.T dise\u00f1ada ofrece una velocidad y un efecto m\u00e1s eficientes, creando un punto dulce m\u00e1s grande y m\u00e1s miradas al birdie.<\/p>\n<h3 class=\"black_text text-uppercase extra_small_headline my-4 border-bottom\">SPECIFICATIONS<\/h3>\n<\/div>\n<div id=\"specstab\" class=\"data item content\">\n<div class=\"table-responsive\">\n<table class=\"table table-striped text-nowrap\">\n<tbody>\n<tr>\n<th>CLUB<\/th>\n<th>LOFT<\/th>\n<th>LIE ANGLE<\/th>\n<th>OFFSET (mm)<\/th>\n<th>LENGTH<\/th>\n<th>GRAPHITE SW<\/th>\n<th>GRAPHITE FLEX<\/th>\n<th>STEEL SW<\/th>\n<th>STEEL FLEX<\/th>\n<th>RH\/LH<\/th>\n<\/tr>\n<tr>\n<td>4<\/td>\n<td>18.5\u00b0<\/td>\n<td>62.00\u00b0<\/td>\n<td>5.4<\/td>\n<td>39.25\u201d<\/td>\n<td>D1<\/td>\n<td>S, R, A<\/td>\n<td>D1<\/td>\n<td>S, R<\/td>\n<td>RH\/LH<\/td>\n<\/tr>\n<tr>\n<td>5<\/td>\n<td>20.5\u00b0<\/td>\n<td>62.50\u00b0<\/td>\n<td>4.6<\/td>\n<td>38.50\u201d<\/td>\n<td>D1<\/td>\n<td>S, R, A<\/td>\n<td>D1<\/td>\n<td>S,<\/td>\n<td>RH\/LH<\/td>\n<\/tr>\n<tr>\n<td>6<\/td>\n<td>23.5\u00b0<\/td>\n<td>63.00\u00b0<\/td>\n<td>3.9<\/td>\n<td>37.75\u201d<\/td>\n<td>D1<\/td>\n<td>S, R, A<\/td>\n<td>D1<\/td>\n<td>S, R<\/td>\n<td>RH\/LH<\/td>\n<\/tr>\n<tr>\n<td>7<\/td>\n<td>26.5\u00b0<\/td>\n<td>63.50\u00b0<\/td>\n<td>3.2<\/td>\n<td>37.25\u201d<\/td>\n<td>D1<\/td>\n<td>S, R, A<\/td>\n<td>D1<\/td>\n<td>S, R<\/td>\n<td>RH\/LH<\/td>\n<\/tr>\n<tr>\n<td>8<\/td>\n<td>31.0\u00b0<\/td>\n<td>64.00\u00b0<\/td>\n<td>2.6<\/td>\n<td>36.75\u201d<\/td>\n<td>D1<\/td>\n<td>S, R, A<\/td>\n<td>D1<\/td>\n<td>S, R<\/td>\n<td>RH\/LH<\/td>\n<\/tr>\n<tr>\n<td>9<\/td>\n<td>36.0\u00b0<\/td>\n<td>64.50\u00b0<\/td>\n<td>2.0<\/td>\n<td>36.25\u201d<\/td>\n<td>D1<\/td>\n<td>S, R, A<\/td>\n<td>D1<\/td>\n<td>S, R<\/td>\n<td>RH\/LH<\/td>\n<\/tr>\n<tr>\n<td>PW<\/td>\n<td>41.5\u00b0<\/td>\n<td>65.00\u00b0<\/td>\n<td>1.5<\/td>\n<td>36.00\u201d<\/td>\n<td>D2<\/td>\n<td>S, R, A<\/td>\n<td>D1.5<\/td>\n<td>S, R<\/td>\n<td>RH\/LH<\/td>\n<\/tr>\n<tr>\n<td>GW<\/td>\n<td>47.5\u00b0<\/td>\n<td>65.00\u00b0<\/td>\n<td>1.0<\/td>\n<td>35.75\u201d<\/td>\n<td>D2<\/td>\n<td>S, R, A<\/td>\n<td>D2<\/td>\n<td>S, R<\/td>\n<td>RH\/LH<\/td>\n<\/tr>\n<tr>\n<td>SW<\/td>\n<td>54.0\u00b0<\/td>\n<td>65.00\u00b0<\/td>\n<td>1.0<\/td>\n<td>35.50\u201d<\/td>\n<td>D2<\/td>\n<td>S, R, A<\/td>\n<td>D2<\/td>\n<td>S, R<\/td>\n<td>RH\/LH<\/td>\n<\/tr>\n<\/tbody>\n<\/table>\n<\/div>\n<\/div>\n","protected":false},"excerpt":{"rendered":"<p>Set Hierros Cobra AEROJET 5-PW<\/p>\n<p>Distancia por dise\u00f1o Busque greens como nunca antes a trav\u00e9s de un lanzamiento y una distancia sin esfuerzo en nuestro hierro m\u00e1s avanzado tecnol\u00f3gicamente.<\/p>\n<p>El inserto PWRSHELL maximiza la velocidad y el lanzamiento mientras que el A.I. La cara H.O.T dise\u00f1ada ofrece una velocidad y un efecto m\u00e1s eficientes, creando un punto dulce m\u00e1s grande y m\u00e1s miradas al birdie.<\/p>\n","protected":false},"featured_media":2390,"comment_status":"open","ping_status":"closed","template":"","meta":[],"product_brand":[],"product_cat":[77,74],"product_tag":[],"class_list":{"0":"post-2389","1":"product","2":"type-product","3":"status-publish","4":"has-post-thumbnail","6":"product_cat-palos-de-golf","7":"product_cat-hierros","8":"pa_marca-cobra-golf","10":"first","11":"instock","12":"sale","13":"taxable","14":"shipping-taxable","15":"purchasable","16":"product-type-variable"},"jetpack-related-posts":[],"jetpack_sharing_enabled":true,"_links":{"self":[{"href":"https:\/\/www.golfcenteralmeria.com\/index.php?rest_route=\/wp\/v2\/product\/2389","targetHints":{"allow":["GET"]}}],"collection":[{"href":"https:\/\/www.golfcenteralmeria.com\/index.php?rest_route=\/wp\/v2\/product"}],"about":[{"href":"https:\/\/www.golfcenteralmeria.com\/index.php?rest_route=\/wp\/v2\/types\/product"}],"replies":[{"embeddable":true,"href":"https:\/\/www.golfcenteralmeria.com\/index.php?rest_route=%2Fwp%2Fv2%2Fcomments&post=2389"}],"wp:featuredmedia":[{"embeddable":true,"href":"https:\/\/www.golfcenteralmeria.com\/index.php?rest_route=\/wp\/v2\/media\/2390"}],"wp:attachment":[{"href":"https:\/\/www.golfcenteralmeria.com\/index.php?rest_route=%2Fwp%2Fv2%2Fmedia&parent=2389"}],"wp:term":[{"taxonomy":"product_brand","embeddable":true,"href":"https:\/\/www.golfcenteralmeria.com\/index.php?rest_route=%2Fwp%2Fv2%2Fproduct_brand&post=2389"},{"taxonomy":"product_cat","embeddable":true,"href":"https:\/\/www.golfcenteralmeria.com\/index.php?rest_route=%2Fwp%2Fv2%2Fproduct_cat&post=2389"},{"taxonomy":"product_tag","embeddable":true,"href":"https:\/\/www.golfcenteralmeria.com\/index.php?rest_route=%2Fwp%2Fv2%2Fproduct_tag&post=2389"}],"curies":[{"name":"wp","href":"https:\/\/api.w.org\/{rel}","templated":true}]}}