{"id":2182,"date":"2023-02-06T10:37:20","date_gmt":"2023-02-06T10:37:20","guid":{"rendered":"https:\/\/www.golfcenteralmeria.com\/?post_type=product&#038;p=2182"},"modified":"2023-02-16T22:23:32","modified_gmt":"2023-02-16T22:23:32","slug":"set-de-hierros-ping-g430","status":"publish","type":"product","link":"https:\/\/www.golfcenteralmeria.com\/?product=set-de-hierros-ping-g430","title":{"rendered":"Set de Hierros Ping G430"},"content":{"rendered":"<p>El set de <b>Hierros Ping G430<\/b>\u00a0combina un CG m\u00e1s bajo con grados m\u00e1s fuertes y una cara m\u00e1s fina ofreciendo una velocidad de bola m\u00e1s potente con ganancias significativas en distancia sin comprometer la famosa tolerancia en PING. Su insignia PurFlex en la cavidad posterior contribuye a que este sea el hierro de Ping con mayor distancia hasta la fecha.<\/p>\n<p><b>Tecnolog\u00edas:<\/b><\/p>\n<ul>\n<li><b>Mayor Velocidad de Bola:\u00a0<\/b>El acero inoxidable Hyper 17-4, fabricado mediante un proceso de fundici\u00f3n patentado, fortalece la cara y permite una mayor flexi\u00f3n que genera una mayor distancia y altura m\u00e1xima.<\/li>\n<li><b>Tecnolog\u00eda Purflex:<\/b>\u00a0Su insignia con siete zonas de flexi\u00f3n permite mayor flexibilidad en la cara incrementando la velocidad de bola en toda la cara para obtener golpes m\u00e1s largos. En combinaci\u00f3n con un CG m\u00e1s bajo, la insignia contribuye con una sensaci\u00f3n s\u00f3lida y un sonido agradable al impacto.<\/li>\n<li><b>Dise\u00f1o innovador: <\/b>Su forma m\u00e1s compacta proporciona un aspecto limpio y atractivo. El cuello m\u00e1s corto ayuda a bajar el centro de gravedad y alinearlo con la l\u00ednea de fuerza para aumentar la velocidad de la bola y asegurar un impacto s\u00f3lido, especialmente en la parte baja de la cara. El <b>acabado cromado Hidroperlado 2.0<\/b> aporta consistencia tanto en condiciones de seco como mojado.<\/li>\n<li><b>S\u00f3lido, Tolerante<\/b>: Con\u00a01\u00b0 m\u00e1s de \u00e1ngulo de suela en todo el set asegura una interacci\u00f3n limpia con la hierba y golpes puros, minimizando los impactos \u00abpesados\u00bb que se quedan cortos. El tungsteno en la punta y los pesos en la punta de la varilla contribuyen con un MOI alto y una menor dispersi\u00f3n.<\/li>\n<\/ul>\n","protected":false},"excerpt":{"rendered":"<p>El set de <b>Hierros Ping G430<\/b>\u00a0combina un CG m\u00e1s bajo con grados m\u00e1s fuertes y una cara m\u00e1s fina ofreciendo una velocidad de bola m\u00e1s potente con ganancias significativas en distancia sin comprometer la famosa tolerancia en PING. Su insignia PurFlex en la cavidad posterior contribuye a que este sea el hierro de Ping con mayor distancia hasta la fecha.<\/p>\n<p><img loading=\"lazy\" decoding=\"async\" class=\"alignnone size-full wp-image-1413\" src=\"https:\/\/www.golfcenteralmeria.com\/wp-content\/uploads\/2021\/10\/Screenshot_2020-07-11-Golf-Center-Almeria-Tienda-online-de-Golf.png\" alt=\"\" width=\"267\" height=\"154\" \/><\/p>\n","protected":false},"featured_media":2183,"comment_status":"open","ping_status":"closed","template":"","meta":[],"product_brand":[],"product_cat":[77,74],"product_tag":[],"class_list":{"0":"post-2182","1":"product","2":"type-product","3":"status-publish","4":"has-post-thumbnail","6":"product_cat-palos-de-golf","7":"product_cat-hierros","8":"pa_marca-ping","10":"first","11":"outofstock","12":"taxable","13":"shipping-taxable","14":"purchasable","15":"product-type-simple"},"jetpack-related-posts":[],"jetpack_sharing_enabled":true,"_links":{"self":[{"href":"https:\/\/www.golfcenteralmeria.com\/index.php?rest_route=\/wp\/v2\/product\/2182","targetHints":{"allow":["GET"]}}],"collection":[{"href":"https:\/\/www.golfcenteralmeria.com\/index.php?rest_route=\/wp\/v2\/product"}],"about":[{"href":"https:\/\/www.golfcenteralmeria.com\/index.php?rest_route=\/wp\/v2\/types\/product"}],"replies":[{"embeddable":true,"href":"https:\/\/www.golfcenteralmeria.com\/index.php?rest_route=%2Fwp%2Fv2%2Fcomments&post=2182"}],"wp:featuredmedia":[{"embeddable":true,"href":"https:\/\/www.golfcenteralmeria.com\/index.php?rest_route=\/wp\/v2\/media\/2183"}],"wp:attachment":[{"href":"https:\/\/www.golfcenteralmeria.com\/index.php?rest_route=%2Fwp%2Fv2%2Fmedia&parent=2182"}],"wp:term":[{"taxonomy":"product_brand","embeddable":true,"href":"https:\/\/www.golfcenteralmeria.com\/index.php?rest_route=%2Fwp%2Fv2%2Fproduct_brand&post=2182"},{"taxonomy":"product_cat","embeddable":true,"href":"https:\/\/www.golfcenteralmeria.com\/index.php?rest_route=%2Fwp%2Fv2%2Fproduct_cat&post=2182"},{"taxonomy":"product_tag","embeddable":true,"href":"https:\/\/www.golfcenteralmeria.com\/index.php?rest_route=%2Fwp%2Fv2%2Fproduct_tag&post=2182"}],"curies":[{"name":"wp","href":"https:\/\/api.w.org\/{rel}","templated":true}]}}