{"id":2105,"date":"2022-12-21T15:28:12","date_gmt":"2022-12-21T15:28:12","guid":{"rendered":"https:\/\/www.golfcenteralmeria.com\/?post_type=product&#038;p=2105"},"modified":"2022-12-23T11:25:45","modified_gmt":"2022-12-23T11:25:45","slug":"grip-jmx-st-1-2","status":"publish","type":"product","link":"https:\/\/www.golfcenteralmeria.com\/?product=grip-jmx-st-1-2","title":{"rendered":"Grip JMX ST 1.2"},"content":{"rendered":"<p>Los grips de putter Jumbo Max se encuentran entre los pu\u00f1os de putter de mayor calidad del mercado. Los ST 1.2 y 1.3 proporcionan la m\u00e1xima estabilidad y el perfil recto, no c\u00f3nico, promueve un golpe de putt sin tensi\u00f3n. El JumboFlat tiene el perfil m\u00e1s ancho de todos los grips ArmLock y es perfectamente plano, lo que significa que la forma c\u00f3nica se apoya perfectamente en el antebrazo.<\/p>\n","protected":false},"excerpt":{"rendered":"<p>Los grips de putter Jumbo Max se encuentran entre los pu\u00f1os de putter de mayor calidad del mercado. Los ST 1.2 y 1.3 proporcionan la m\u00e1xima estabilidad y el perfil recto, no c\u00f3nico, promueve un golpe de putt sin tensi\u00f3n. El JumboFlat tiene el perfil m\u00e1s ancho de todos los grips ArmLock y es perfectamente plano, lo que significa que la forma c\u00f3nica se apoya perfectamente en el antebrazo.<\/p>\n","protected":false},"featured_media":2106,"comment_status":"open","ping_status":"closed","template":"","meta":[],"product_brand":[],"product_cat":[237],"product_tag":[],"class_list":{"0":"post-2105","1":"product","2":"type-product","3":"status-publish","4":"has-post-thumbnail","6":"product_cat-grips","7":"pa_color-negro-verde","8":"pa_color-silver-black","9":"pa_marca-jumbomax","11":"first","12":"instock","13":"taxable","14":"shipping-taxable","15":"purchasable","16":"product-type-variable"},"jetpack-related-posts":[],"jetpack_sharing_enabled":true,"_links":{"self":[{"href":"https:\/\/www.golfcenteralmeria.com\/index.php?rest_route=\/wp\/v2\/product\/2105","targetHints":{"allow":["GET"]}}],"collection":[{"href":"https:\/\/www.golfcenteralmeria.com\/index.php?rest_route=\/wp\/v2\/product"}],"about":[{"href":"https:\/\/www.golfcenteralmeria.com\/index.php?rest_route=\/wp\/v2\/types\/product"}],"replies":[{"embeddable":true,"href":"https:\/\/www.golfcenteralmeria.com\/index.php?rest_route=%2Fwp%2Fv2%2Fcomments&post=2105"}],"wp:featuredmedia":[{"embeddable":true,"href":"https:\/\/www.golfcenteralmeria.com\/index.php?rest_route=\/wp\/v2\/media\/2106"}],"wp:attachment":[{"href":"https:\/\/www.golfcenteralmeria.com\/index.php?rest_route=%2Fwp%2Fv2%2Fmedia&parent=2105"}],"wp:term":[{"taxonomy":"product_brand","embeddable":true,"href":"https:\/\/www.golfcenteralmeria.com\/index.php?rest_route=%2Fwp%2Fv2%2Fproduct_brand&post=2105"},{"taxonomy":"product_cat","embeddable":true,"href":"https:\/\/www.golfcenteralmeria.com\/index.php?rest_route=%2Fwp%2Fv2%2Fproduct_cat&post=2105"},{"taxonomy":"product_tag","embeddable":true,"href":"https:\/\/www.golfcenteralmeria.com\/index.php?rest_route=%2Fwp%2Fv2%2Fproduct_tag&post=2105"}],"curies":[{"name":"wp","href":"https:\/\/api.w.org\/{rel}","templated":true}]}}