{"id":2018,"date":"2022-10-03T11:30:39","date_gmt":"2022-10-03T11:30:39","guid":{"rendered":"https:\/\/www.golfcenteralmeria.com\/?post_type=product&#038;p=2018"},"modified":"2022-12-23T11:25:48","modified_gmt":"2022-12-23T11:25:48","slug":"putter-ping-2023-tyne-g","status":"publish","type":"product","link":"https:\/\/www.golfcenteralmeria.com\/?product=putter-ping-2023-tyne-g","title":{"rendered":"Putter Ping 2023 TYNE G"},"content":{"rendered":"<p>Putter Ping 2023 TYNE G<\/p>\n<p>Un tr\u00edo de l\u00edneas blancas, un fondo de cavidad de ancho de bola y un recorte central para la recogida de la bola (para los gimmes) distinguen a la Tyne G, que es f\u00e1cil de apuntar. El recorte redistribuye la masa hacia el per\u00edmetro para aumentar la estabilidad y el perd\u00f3n para mejorar la precisi\u00f3n. Un inserto de PEBAX con un borde fresado poco profundo asegura una sensaci\u00f3n m\u00e1s suave y una velocidad de bola consistente con una ac\u00fastica agradable.<\/p>\n","protected":false},"excerpt":{"rendered":"<p><img loading=\"lazy\" decoding=\"async\" class=\"alignnone size-full wp-image-1413\" src=\"https:\/\/www.golfcenteralmeria.com\/wp-content\/uploads\/2021\/10\/Screenshot_2020-07-11-Golf-Center-Almeria-Tienda-online-de-Golf.png\" alt=\"\" width=\"267\" height=\"154\" \/><\/p>\n<p>Putter Ping 2023 TYNE G<\/p>\n<p>Un tr\u00edo de l\u00edneas blancas, un fondo de cavidad de ancho de bola y un recorte central para la recogida de la bola (para los gimmes) distinguen a la Tyne G, que es f\u00e1cil de apuntar. El recorte redistribuye la masa hacia el per\u00edmetro para aumentar la estabilidad y el perd\u00f3n para mejorar la precisi\u00f3n. Un inserto de PEBAX con un borde fresado poco profundo asegura una sensaci\u00f3n m\u00e1s suave y una velocidad de bola consistente con una ac\u00fastica agradable.<\/p>\n","protected":false},"featured_media":2019,"comment_status":"open","ping_status":"closed","template":"","meta":[],"product_brand":[],"product_cat":[77,107],"product_tag":[],"class_list":{"0":"post-2018","1":"product","2":"type-product","3":"status-publish","4":"has-post-thumbnail","6":"product_cat-palos-de-golf","7":"product_cat-putters","8":"pa_marca-ping","10":"first","11":"outofstock","12":"taxable","13":"shipping-taxable","14":"purchasable","15":"product-type-simple"},"jetpack-related-posts":[],"jetpack_sharing_enabled":true,"_links":{"self":[{"href":"https:\/\/www.golfcenteralmeria.com\/index.php?rest_route=\/wp\/v2\/product\/2018","targetHints":{"allow":["GET"]}}],"collection":[{"href":"https:\/\/www.golfcenteralmeria.com\/index.php?rest_route=\/wp\/v2\/product"}],"about":[{"href":"https:\/\/www.golfcenteralmeria.com\/index.php?rest_route=\/wp\/v2\/types\/product"}],"replies":[{"embeddable":true,"href":"https:\/\/www.golfcenteralmeria.com\/index.php?rest_route=%2Fwp%2Fv2%2Fcomments&post=2018"}],"wp:featuredmedia":[{"embeddable":true,"href":"https:\/\/www.golfcenteralmeria.com\/index.php?rest_route=\/wp\/v2\/media\/2019"}],"wp:attachment":[{"href":"https:\/\/www.golfcenteralmeria.com\/index.php?rest_route=%2Fwp%2Fv2%2Fmedia&parent=2018"}],"wp:term":[{"taxonomy":"product_brand","embeddable":true,"href":"https:\/\/www.golfcenteralmeria.com\/index.php?rest_route=%2Fwp%2Fv2%2Fproduct_brand&post=2018"},{"taxonomy":"product_cat","embeddable":true,"href":"https:\/\/www.golfcenteralmeria.com\/index.php?rest_route=%2Fwp%2Fv2%2Fproduct_cat&post=2018"},{"taxonomy":"product_tag","embeddable":true,"href":"https:\/\/www.golfcenteralmeria.com\/index.php?rest_route=%2Fwp%2Fv2%2Fproduct_tag&post=2018"}],"curies":[{"name":"wp","href":"https:\/\/api.w.org\/{rel}","templated":true}]}}