{"id":2001,"date":"2022-09-15T17:25:58","date_gmt":"2022-09-15T17:25:58","guid":{"rendered":"https:\/\/www.golfcenteralmeria.com\/?post_type=product&#038;p=2001"},"modified":"2024-08-22T16:51:39","modified_gmt":"2024-08-22T16:51:39","slug":"sklz-home-range-net","status":"publish","type":"product","link":"https:\/\/www.golfcenteralmeria.com\/?product=sklz-home-range-net","title":{"rendered":"SKLZ HOME RANGE NET"},"content":{"rendered":"<div id=\"description\" class=\"tab-pane fade in active\" role=\"tabpanel\">\n<div class=\"product-description\">\n<p>La red perfecta para trabajar con todos los palos de su bolsa desde la comodidad de su casa.<\/p>\n<p>La red doble asegura un retorno de la pelota en la oscuridad para los golpes m\u00e1s gruesos y los golpes de cu\u00f1a m\u00e1s dobles.<\/p>\n<p>La red es duradero para varias temporadas de uso cuando no se puede dejar en el campo de tiro o en el parque.<\/p>\n<p>F\u00e1cil de instalar y se guarda con una bolsa de almacenamiento pr\u00e1ctica.<\/p>\n<p>El marco mide 3m x 2m15 y el archivo de recogida frontal mide 1m80 x 1m80.<\/p>\n<\/div>\n<\/div>\n","protected":false},"excerpt":{"rendered":"<div class=\"col-md-6 col-lg-7 content-product-detail\">\n<div class=\"product-information\">\n<div id=\"product-description-short-1329\">\n<p>La red perfecta para trabajar con todos los palos de su bolsa desde la comodidad de su casa. Con una red grande y doble que proporciona un retorno de bola suave para los drives m\u00e1s grandes y los golpes de wedge m\u00e1s suaves. Duradera y f\u00e1cil de montar, esta red es ideal cuando no puede ir al campo de pr\u00e1cticas o al campo de golf.<\/p>\n<\/div>\n<\/div>\n<\/div>\n","protected":false},"featured_media":2002,"comment_status":"open","ping_status":"closed","template":"","meta":[],"product_brand":[],"product_cat":[157],"product_tag":[],"class_list":{"0":"post-2001","1":"product","2":"type-product","3":"status-publish","4":"has-post-thumbnail","6":"product_cat-entrenamiento","7":"pa_marca-sklz","9":"first","10":"instock","11":"taxable","12":"shipping-taxable","13":"purchasable","14":"product-type-simple"},"jetpack-related-posts":[],"jetpack_sharing_enabled":true,"_links":{"self":[{"href":"https:\/\/www.golfcenteralmeria.com\/index.php?rest_route=\/wp\/v2\/product\/2001","targetHints":{"allow":["GET"]}}],"collection":[{"href":"https:\/\/www.golfcenteralmeria.com\/index.php?rest_route=\/wp\/v2\/product"}],"about":[{"href":"https:\/\/www.golfcenteralmeria.com\/index.php?rest_route=\/wp\/v2\/types\/product"}],"replies":[{"embeddable":true,"href":"https:\/\/www.golfcenteralmeria.com\/index.php?rest_route=%2Fwp%2Fv2%2Fcomments&post=2001"}],"wp:featuredmedia":[{"embeddable":true,"href":"https:\/\/www.golfcenteralmeria.com\/index.php?rest_route=\/wp\/v2\/media\/2002"}],"wp:attachment":[{"href":"https:\/\/www.golfcenteralmeria.com\/index.php?rest_route=%2Fwp%2Fv2%2Fmedia&parent=2001"}],"wp:term":[{"taxonomy":"product_brand","embeddable":true,"href":"https:\/\/www.golfcenteralmeria.com\/index.php?rest_route=%2Fwp%2Fv2%2Fproduct_brand&post=2001"},{"taxonomy":"product_cat","embeddable":true,"href":"https:\/\/www.golfcenteralmeria.com\/index.php?rest_route=%2Fwp%2Fv2%2Fproduct_cat&post=2001"},{"taxonomy":"product_tag","embeddable":true,"href":"https:\/\/www.golfcenteralmeria.com\/index.php?rest_route=%2Fwp%2Fv2%2Fproduct_tag&post=2001"}],"curies":[{"name":"wp","href":"https:\/\/api.w.org\/{rel}","templated":true}]}}