{"id":1962,"date":"2022-05-11T10:14:51","date_gmt":"2022-05-11T10:14:51","guid":{"rendered":"https:\/\/www.golfcenteralmeria.com\/?post_type=product&#038;p=1962"},"modified":"2022-05-11T10:21:08","modified_gmt":"2022-05-11T10:21:08","slug":"bolsa-ping-pioneer","status":"publish","type":"product","link":"https:\/\/www.golfcenteralmeria.com\/?product=bolsa-ping-pioneer","title":{"rendered":"Bolsa Ping Pioneer"},"content":{"rendered":"<h3><strong>Bolsa Ping Pioneer<\/strong><\/h3>\n<p>Con la pr\u00e1ctica bolsa para carro de golf <b>Ping Pioneer<\/b>\u00a0podr\u00e1s transportar de la forma m\u00e1s c\u00f3moda tus palos de golf y todos los accesorios de golf que necesites, ya que tiene una capacidad de almacenamiento realmente sorprendente, con<b>\u00a014 Bolsillos entre los que destacamos:<\/b><\/p>\n<p>&nbsp;<\/p>\n<p>&nbsp;<\/p>\n<ul>\n<li><b>2 Bolsillos laterales de gran tama\u00f1o<\/b>: Te permiten guardar c\u00f3modamente las partes m\u00e1s voluminosas de tu equipo.<\/li>\n<li><b>4 bolsillos para accesorios<\/b>:\u00a0De muy f\u00e1cil acceso, perfecto para guardar los accesorios que m\u00e1s utilices.<\/li>\n<li><b>2 Bolsillos para objetos de valor forrados de terciopelo protector<\/b>: Tus objetos m\u00e1s preciados estar\u00e1n salvaguardados de posibles golpes y rascazos<\/li>\n<li><b>1 bolsillo para el tel\u00e9metro.<\/b><\/li>\n<li><b>1 bolsillo isot\u00e9mico para bebidas.<\/b><\/li>\n<li><b>1 Bolsillo para bolas de golf y tees.<\/b><\/li>\n<\/ul>\n<p>Adem\u00e1s cuenta con\u00a0<b>m\u00faltiples caracter\u00edsticas<\/b> que hacen que sea una bolsa muy funcional:<\/p>\n<p>&nbsp;<\/p>\n<p>&nbsp;<\/p>\n<ul>\n<li><b>Anclaje universal<\/b>: Se adapta a todo tipo de carros de forma sencilla.<\/li>\n<li><b>Con asa moldeada<\/b>: Resulta muy f\u00e1cil de transportar, de subir y bajar del carro, o simplemente de cargar.<\/li>\n<li>Dispone de soporte para paraguas y toallero.<\/li>\n<li><b>Canal de paso para la correa del carro<\/b>: permite asegurar la bolsa mientras mantiene accesibles los 14 bolsillos.<\/li>\n<li>Abertura superior con<b>\u00a015 divisores, con hueco espec\u00edfico para el putter.<\/b><\/li>\n<li><b>MUY LIGERA: Solo pesa 3,2 kg.<\/b><\/li>\n<li>Incluye capota para la lluvia.<\/li>\n<\/ul>\n","protected":false},"excerpt":{"rendered":"<h3><img loading=\"lazy\" decoding=\"async\" class=\"alignnone size-full wp-image-1413\" src=\"https:\/\/www.golfcenteralmeria.com\/wp-content\/uploads\/2021\/10\/Screenshot_2020-07-11-Golf-Center-Almeria-Tienda-online-de-Golf.png\" alt=\"\" width=\"267\" height=\"154\" \/><\/h3>\n<h3><strong>Bolsa Ping Pioneer<\/strong><\/h3>\n<p>Con la pr\u00e1ctica bolsa para carro de golf <b>Ping Pioneer<\/b>\u00a0podr\u00e1s transportar de la forma m\u00e1s c\u00f3moda tus palos de golf y todos los accesorios de golf que necesites, ya que tiene una capacidad de almacenamiento realmente sorprendente, con<b>\u00a014 Bolsillos entre los que destacamos:<\/b><\/p>\n<p>&nbsp;<\/p>\n<p>&nbsp;<\/p>\n<ul>\n<li><b>2 Bolsillos laterales de gran tama\u00f1o<\/b>: Te permiten guardar c\u00f3modamente las partes m\u00e1s voluminosas de tu equipo.<\/li>\n<li><b>4 bolsillos para accesorios<\/b>:\u00a0De muy f\u00e1cil acceso, perfecto para guardar los accesorios que m\u00e1s utilices.<\/li>\n<li><b>2 Bolsillos para objetos de valor forrados de terciopelo protector<\/b>: Tus objetos m\u00e1s preciados estar\u00e1n salvaguardados de posibles golpes y rascazos<\/li>\n<li><b>1 bolsillo para el tel\u00e9metro.<\/b><\/li>\n<li><b>1 bolsillo isot\u00e9mico para bebidas.<\/b><\/li>\n<li><b>1 Bolsillo para bolas de golf y tees.<\/b><\/li>\n<\/ul>\n","protected":false},"featured_media":1963,"comment_status":"open","ping_status":"closed","template":"","meta":[],"product_brand":[],"product_cat":[270,17],"product_tag":[],"class_list":{"0":"post-1962","1":"product","2":"type-product","3":"status-publish","4":"has-post-thumbnail","6":"product_cat-bolsas-caballero","7":"product_cat-bolsas","8":"pa_color-blanco-gris","9":"pa_color-negro-azul","10":"pa_color-negro-rojo","11":"pa_marca-ping","13":"first","14":"outofstock","15":"taxable","16":"shipping-taxable","17":"purchasable","18":"product-type-variable"},"jetpack-related-posts":[],"jetpack_sharing_enabled":true,"_links":{"self":[{"href":"https:\/\/www.golfcenteralmeria.com\/index.php?rest_route=\/wp\/v2\/product\/1962","targetHints":{"allow":["GET"]}}],"collection":[{"href":"https:\/\/www.golfcenteralmeria.com\/index.php?rest_route=\/wp\/v2\/product"}],"about":[{"href":"https:\/\/www.golfcenteralmeria.com\/index.php?rest_route=\/wp\/v2\/types\/product"}],"replies":[{"embeddable":true,"href":"https:\/\/www.golfcenteralmeria.com\/index.php?rest_route=%2Fwp%2Fv2%2Fcomments&post=1962"}],"wp:featuredmedia":[{"embeddable":true,"href":"https:\/\/www.golfcenteralmeria.com\/index.php?rest_route=\/wp\/v2\/media\/1963"}],"wp:attachment":[{"href":"https:\/\/www.golfcenteralmeria.com\/index.php?rest_route=%2Fwp%2Fv2%2Fmedia&parent=1962"}],"wp:term":[{"taxonomy":"product_brand","embeddable":true,"href":"https:\/\/www.golfcenteralmeria.com\/index.php?rest_route=%2Fwp%2Fv2%2Fproduct_brand&post=1962"},{"taxonomy":"product_cat","embeddable":true,"href":"https:\/\/www.golfcenteralmeria.com\/index.php?rest_route=%2Fwp%2Fv2%2Fproduct_cat&post=1962"},{"taxonomy":"product_tag","embeddable":true,"href":"https:\/\/www.golfcenteralmeria.com\/index.php?rest_route=%2Fwp%2Fv2%2Fproduct_tag&post=1962"}],"curies":[{"name":"wp","href":"https:\/\/api.w.org\/{rel}","templated":true}]}}