{"id":1954,"date":"2022-05-11T08:22:15","date_gmt":"2022-05-11T08:22:15","guid":{"rendered":"https:\/\/www.golfcenteralmeria.com\/?post_type=product&#038;p=1954"},"modified":"2022-09-23T04:24:18","modified_gmt":"2022-09-23T04:24:18","slug":"bolsa-taylormade-lite-cart-bag-2022","status":"publish","type":"product","link":"https:\/\/www.golfcenteralmeria.com\/?product=bolsa-taylormade-lite-cart-bag-2022","title":{"rendered":"Bolsa TaylorMade Lite Cart Bag 2022"},"content":{"rendered":"<p>La bolsa para carro<b> TaylorMade<\/b><b>\u00a0LIte\u00a0<\/b>podr\u00e1s transportar de la forma m\u00e1s c\u00f3moda tus palos de golf y todos los accesorios de golf que necesites, ya que tiene una gran capacidad de almacenamiento, con<b>\u00a010 Bolsillos entre los que destacamos:<\/b><\/p>\n<p>&nbsp;<\/p>\n<ul>\n<li><b>2 bolsillos para accesorios<\/b>:\u00a0De muy f\u00e1cil acceso, perfecto para guardar los accesorios que m\u00e1s utilices.<\/li>\n<li><b>2 Bolsillos para objetos de valor forrados de terciopelo protector<\/b>: Tus objetos m\u00e1s preciados estar\u00e1n salvaguardados de posibles golpes y rascazos<\/li>\n<li><b>1 bolsillo isot\u00e9mico para bebidas.<\/b><\/li>\n<\/ul>\n<p>Adem\u00e1s cuenta con\u00a0<b>m\u00faltiples caracter\u00edsticas<\/b> que hacen que sea una bolsa muy funcional:<\/p>\n<p>&nbsp;<\/p>\n<p>&nbsp;<\/p>\n<ul>\n<li><b>Anclaje universal<\/b>: Se adapta a todo tipo de carros de forma sencilla.<\/li>\n<li><b>Con asas moldeadas y correa acolchada<\/b>: Resulta muy f\u00e1cil de transportar, de subir y bajar del carro, o simplemente de cargar.<\/li>\n<li>Dispone de mosquet\u00f3n\u00a0toallero.<\/li>\n<li>Construcci\u00f3n resistente al aplastamiento.<\/li>\n<li><b>Canal de paso para la correa del carro<\/b>: permite asegurar la bolsa mientras mantiene accesibles los 14 bolsillos.<\/li>\n<li>Abertura superior con<b>\u00a014 divisores.<\/b><\/li>\n<li><b>MUY LIGERA: Solo pesa 2,5 kg.<\/b><\/li>\n<li>Incluye capota para la lluvia.<\/li>\n<\/ul>\n","protected":false},"excerpt":{"rendered":"<p>La bolsa para carro<b> TaylorMade<\/b><b>\u00a0LIte\u00a0<\/b>podr\u00e1s transportar de la forma m\u00e1s c\u00f3moda tus palos de golf y todos los accesorios de golf que necesites, ya que tiene una gran capacidad de almacenamiento, con<b>\u00a010 Bolsillos entre los que destacamos:<\/b><\/p>\n<p>&nbsp;<\/p>\n<ul>\n<li><b>2 bolsillos para accesorios<\/b>:\u00a0De muy f\u00e1cil acceso, perfecto para guardar los accesorios que m\u00e1s utilices.<\/li>\n<li><b>2 Bolsillos para objetos de valor forrados de terciopelo protector<\/b>: Tus objetos m\u00e1s preciados estar\u00e1n salvaguardados de posibles golpes y rascazos<\/li>\n<li><b>1 bolsillo isot\u00e9mico para bebidas.<\/b><\/li>\n<\/ul>\n","protected":false},"featured_media":1957,"comment_status":"open","ping_status":"closed","template":"","meta":[],"product_brand":[],"product_cat":[270,17],"product_tag":[],"class_list":{"0":"post-1954","1":"product","2":"type-product","3":"status-publish","4":"has-post-thumbnail","6":"product_cat-bolsas-caballero","7":"product_cat-bolsas","8":"pa_color-negro-rojo","9":"pa_color-verde-azul","10":"pa_marca-taylor-made","12":"first","13":"instock","14":"taxable","15":"shipping-taxable","16":"purchasable","17":"product-type-variable"},"jetpack-related-posts":[],"jetpack_sharing_enabled":true,"_links":{"self":[{"href":"https:\/\/www.golfcenteralmeria.com\/index.php?rest_route=\/wp\/v2\/product\/1954","targetHints":{"allow":["GET"]}}],"collection":[{"href":"https:\/\/www.golfcenteralmeria.com\/index.php?rest_route=\/wp\/v2\/product"}],"about":[{"href":"https:\/\/www.golfcenteralmeria.com\/index.php?rest_route=\/wp\/v2\/types\/product"}],"replies":[{"embeddable":true,"href":"https:\/\/www.golfcenteralmeria.com\/index.php?rest_route=%2Fwp%2Fv2%2Fcomments&post=1954"}],"wp:featuredmedia":[{"embeddable":true,"href":"https:\/\/www.golfcenteralmeria.com\/index.php?rest_route=\/wp\/v2\/media\/1957"}],"wp:attachment":[{"href":"https:\/\/www.golfcenteralmeria.com\/index.php?rest_route=%2Fwp%2Fv2%2Fmedia&parent=1954"}],"wp:term":[{"taxonomy":"product_brand","embeddable":true,"href":"https:\/\/www.golfcenteralmeria.com\/index.php?rest_route=%2Fwp%2Fv2%2Fproduct_brand&post=1954"},{"taxonomy":"product_cat","embeddable":true,"href":"https:\/\/www.golfcenteralmeria.com\/index.php?rest_route=%2Fwp%2Fv2%2Fproduct_cat&post=1954"},{"taxonomy":"product_tag","embeddable":true,"href":"https:\/\/www.golfcenteralmeria.com\/index.php?rest_route=%2Fwp%2Fv2%2Fproduct_tag&post=1954"}],"curies":[{"name":"wp","href":"https:\/\/api.w.org\/{rel}","templated":true}]}}