{"id":1936,"date":"2022-05-05T10:09:52","date_gmt":"2022-05-05T10:09:52","guid":{"rendered":"https:\/\/www.golfcenteralmeria.com\/?post_type=product&#038;p=1936"},"modified":"2024-07-19T07:24:52","modified_gmt":"2024-07-19T07:24:52","slug":"zapatos-adidas-s2g-boa-wide-spikeless","status":"publish","type":"product","link":"https:\/\/www.golfcenteralmeria.com\/?product=zapatos-adidas-s2g-boa-wide-spikeless","title":{"rendered":"Zapatos Adidas S2G BOA Wide Spikeless"},"content":{"rendered":"<h5>Zapatos Adidas S2G BOA Wide Spikeless<\/h5>\n<h5 class=\"gl-heading--italic gl-heading--s heading___IO3QX\">Versatilidad y sostenibilidad<\/h5>\n<p>Juega con total confianza gracias a esta zapatilla de golf de adidas creada para ofrecer mayor versatilidad y rendimiento. La mediasuela Bounce te proporciona una amortiguaci\u00f3n, confort y flexibilidad superiores del primer al \u00faltimo hoyo. La suela V-Traxion garantiza un agarre y estabilidad excepcionales en todo tipo de terrenos. La parte superior impermeable mantiene los pies secos y el sistema de lazada r\u00e1pida BOA\u00ae Fit System te asegura un ajuste preciso. Su dise\u00f1o sin clavos te permite ir del campo al club con total comodidad. La parte superior contiene al menos un 50% de materiales reciclados. Su objetivo es plantear otra soluci\u00f3n m\u00e1s que ayude a eliminar los residuos pl\u00e1sticos.<\/p>\n<h5 class=\"heading___1iTXn heading___IO3QX\">Detalles<\/h5>\n<div class=\"bullets___NV9iB\">\n<ul class=\"gl-list\">\n<li class=\"gl-vspace-bpall-small\">Horma ancha<\/li>\n<li class=\"gl-vspace-bpall-small\">Sistema de lazada r\u00e1pida microajustable BOA\u00ae Fit System<\/li>\n<li class=\"gl-vspace-bpall-small\">Parte superior impermeable<\/li>\n<li class=\"gl-vspace-bpall-small\">Plantilla c\u00f3moda y resistente<\/li>\n<li class=\"gl-vspace-bpall-small\">Mediasuela Bounce<\/li>\n<\/ul>\n<ul class=\"gl-list\">\n<li class=\"gl-vspace-bpall-small\">Suela Adiwear con V-Traxion<\/li>\n<li class=\"gl-vspace-bpall-small\">La parte superior contiene al menos un 50% de material reciclado<\/li>\n<li class=\"gl-vspace-bpall-small\">Color del art\u00edculo: Grey Two \/ Cloud White \/ Grey Three<\/li>\n<\/ul>\n<\/div>\n","protected":false},"excerpt":{"rendered":"<h5>Zapatos Adidas S2G BOA Wide Spikeless<\/h5>\n<h5 class=\"heading___1iTXn heading___IO3QX\">Detalles<\/h5>\n<div class=\"bullets___NV9iB\">\n<ul class=\"gl-list\">\n<li class=\"gl-vspace-bpall-small\">Horma ancha<\/li>\n<li class=\"gl-vspace-bpall-small\">Sistema de lazada r\u00e1pida microajustable BOA\u00ae Fit System<\/li>\n<li class=\"gl-vspace-bpall-small\">Parte superior impermeable<\/li>\n<li class=\"gl-vspace-bpall-small\">Plantilla c\u00f3moda y resistente<\/li>\n<li class=\"gl-vspace-bpall-small\">Mediasuela Bounce<\/li>\n<\/ul>\n<ul class=\"gl-list\">\n<li class=\"gl-vspace-bpall-small\">Suela Adiwear con V-Traxion<\/li>\n<li class=\"gl-vspace-bpall-small\">La parte superior contiene al menos un 50% de material reciclado<\/li>\n<li class=\"gl-vspace-bpall-small\">Color del art\u00edculo: Grey Two \/ Cloud White \/ Grey Three<\/li>\n<\/ul>\n<\/div>\n","protected":false},"featured_media":1938,"comment_status":"open","ping_status":"closed","template":"","meta":[],"product_brand":[],"product_cat":[127,212],"product_tag":[],"class_list":{"0":"post-1936","1":"product","2":"type-product","3":"status-publish","4":"has-post-thumbnail","6":"product_cat-zapatos","7":"product_cat-zapatos-caballero","8":"pa_marca-adidas","10":"first","11":"instock","12":"sale","13":"taxable","14":"shipping-taxable","15":"purchasable","16":"product-type-variable"},"jetpack-related-posts":[],"jetpack_sharing_enabled":true,"_links":{"self":[{"href":"https:\/\/www.golfcenteralmeria.com\/index.php?rest_route=\/wp\/v2\/product\/1936","targetHints":{"allow":["GET"]}}],"collection":[{"href":"https:\/\/www.golfcenteralmeria.com\/index.php?rest_route=\/wp\/v2\/product"}],"about":[{"href":"https:\/\/www.golfcenteralmeria.com\/index.php?rest_route=\/wp\/v2\/types\/product"}],"replies":[{"embeddable":true,"href":"https:\/\/www.golfcenteralmeria.com\/index.php?rest_route=%2Fwp%2Fv2%2Fcomments&post=1936"}],"wp:featuredmedia":[{"embeddable":true,"href":"https:\/\/www.golfcenteralmeria.com\/index.php?rest_route=\/wp\/v2\/media\/1938"}],"wp:attachment":[{"href":"https:\/\/www.golfcenteralmeria.com\/index.php?rest_route=%2Fwp%2Fv2%2Fmedia&parent=1936"}],"wp:term":[{"taxonomy":"product_brand","embeddable":true,"href":"https:\/\/www.golfcenteralmeria.com\/index.php?rest_route=%2Fwp%2Fv2%2Fproduct_brand&post=1936"},{"taxonomy":"product_cat","embeddable":true,"href":"https:\/\/www.golfcenteralmeria.com\/index.php?rest_route=%2Fwp%2Fv2%2Fproduct_cat&post=1936"},{"taxonomy":"product_tag","embeddable":true,"href":"https:\/\/www.golfcenteralmeria.com\/index.php?rest_route=%2Fwp%2Fv2%2Fproduct_tag&post=1936"}],"curies":[{"name":"wp","href":"https:\/\/api.w.org\/{rel}","templated":true}]}}