{"id":1848,"date":"2022-04-21T08:21:02","date_gmt":"2022-04-21T08:21:02","guid":{"rendered":"https:\/\/www.golfcenteralmeria.com\/?post_type=product&#038;p=1848"},"modified":"2025-08-02T17:22:23","modified_gmt":"2025-08-02T17:22:23","slug":"adjustable-putting-trainer-rampa-pure2impove","status":"publish","type":"product","link":"https:\/\/www.golfcenteralmeria.com\/?product=adjustable-putting-trainer-rampa-pure2impove","title":{"rendered":"Adjustable Putting Trainer Rampa Pure2impove"},"content":{"rendered":"<p>Increible accesorio para la perfecta colocaci\u00f3n del putter y perfeccionar el camino correcto durante todo el golpe de putt. Se puede utilizar en el green de pr\u00e1ctica, en casa o en la oficina. Los jugadores pueden utilizar sus propios putters. Incluye gu\u00edas para igualar la longitud de la carrera. Material: 100% PVC. Empaquetado en caja de color.<\/p>\n","protected":false},"excerpt":{"rendered":"<p>Increible accesorio para la perfecta colocaci\u00f3n del putter y perfeccionar el camino correcto durante todo el golpe de putt. Se puede utilizar en el green de pr\u00e1ctica, en casa o en la oficina. Los jugadores pueden utilizar sus propios putters. Incluye gu\u00edas para igualar la longitud de la carrera. Material: 100% PVC. Empaquetado en caja de color.<\/p>\n","protected":false},"featured_media":1849,"comment_status":"open","ping_status":"closed","template":"","meta":[],"product_brand":[],"product_cat":[157],"product_tag":[],"class_list":{"0":"post-1848","1":"product","2":"type-product","3":"status-publish","4":"has-post-thumbnail","6":"product_cat-entrenamiento","7":"pa_marca-pure2improve","9":"first","10":"instock","11":"taxable","12":"shipping-taxable","13":"purchasable","14":"product-type-simple"},"jetpack-related-posts":[],"jetpack_sharing_enabled":true,"_links":{"self":[{"href":"https:\/\/www.golfcenteralmeria.com\/index.php?rest_route=\/wp\/v2\/product\/1848","targetHints":{"allow":["GET"]}}],"collection":[{"href":"https:\/\/www.golfcenteralmeria.com\/index.php?rest_route=\/wp\/v2\/product"}],"about":[{"href":"https:\/\/www.golfcenteralmeria.com\/index.php?rest_route=\/wp\/v2\/types\/product"}],"replies":[{"embeddable":true,"href":"https:\/\/www.golfcenteralmeria.com\/index.php?rest_route=%2Fwp%2Fv2%2Fcomments&post=1848"}],"wp:featuredmedia":[{"embeddable":true,"href":"https:\/\/www.golfcenteralmeria.com\/index.php?rest_route=\/wp\/v2\/media\/1849"}],"wp:attachment":[{"href":"https:\/\/www.golfcenteralmeria.com\/index.php?rest_route=%2Fwp%2Fv2%2Fmedia&parent=1848"}],"wp:term":[{"taxonomy":"product_brand","embeddable":true,"href":"https:\/\/www.golfcenteralmeria.com\/index.php?rest_route=%2Fwp%2Fv2%2Fproduct_brand&post=1848"},{"taxonomy":"product_cat","embeddable":true,"href":"https:\/\/www.golfcenteralmeria.com\/index.php?rest_route=%2Fwp%2Fv2%2Fproduct_cat&post=1848"},{"taxonomy":"product_tag","embeddable":true,"href":"https:\/\/www.golfcenteralmeria.com\/index.php?rest_route=%2Fwp%2Fv2%2Fproduct_tag&post=1848"}],"curies":[{"name":"wp","href":"https:\/\/api.w.org\/{rel}","templated":true}]}}