{"id":1846,"date":"2022-04-21T08:15:16","date_gmt":"2022-04-21T08:15:16","guid":{"rendered":"https:\/\/www.golfcenteralmeria.com\/?post_type=product&#038;p=1846"},"modified":"2024-12-16T01:06:01","modified_gmt":"2024-12-16T01:06:01","slug":"alfombrilla-pure2improve-perfect-stroke-275x30cm","status":"publish","type":"product","link":"https:\/\/www.golfcenteralmeria.com\/?product=alfombrilla-pure2improve-perfect-stroke-275x30cm","title":{"rendered":"Alfombrilla Pure2Improve Perfect Stroke 275x30cm"},"content":{"rendered":"<div class=\"product-desc\">\n<div class=\"product-name\">Alfombrilla de golf Pure2Improve Perfect Stroke 275x30cm<\/div>\n<p>Esta alfombrilla de golf de primera calidad de Pure es la ayuda perfecta para practicar el putt en el interior o en el exterior. Es f\u00e1cil de desenrollar y tiene 275 cm de largo, lo que le da mucho espacio para practicar desde diferentes distancias. Adem\u00e1s, est\u00e1 marcada con marcas de salida realistas, para que puedas juzgar la rectitud con la que rueda la bola.<\/p>\n<p><strong>Caracter\u00edsticas:<\/strong><\/p>\n<ul>\n<li>Una ayuda \u00f3ptima para el entrenamiento<\/li>\n<li>275 cm de longitud<\/li>\n<li>Duradero, fabricado con materiales de alta calidad<\/li>\n<\/ul>\n<\/div>\n","protected":false},"excerpt":{"rendered":"<div class=\"product-name\">Alfombrilla de golf Pure2Improve Perfect Stroke 275x30cm<\/div>\n<p>Esta alfombrilla de golf de primera calidad de Pure es la ayuda perfecta para practicar el putt en el interior o en el exterior. Es f\u00e1cil de desenrollar y tiene 275 cm de largo, lo que le da mucho espacio para practicar desde diferentes distancias. Adem\u00e1s, est\u00e1 marcada con marcas de salida realistas, para que puedas juzgar la rectitud con la que rueda la bola.<\/p>\n<p><strong>Caracter\u00edsticas:<\/strong><\/p>\n<ul>\n<li>Una ayuda \u00f3ptima para el entrenamiento<\/li>\n<li>275 cm de longitud<\/li>\n<li>Duradero, fabricado con materiales de alta calidad<\/li>\n<\/ul>\n","protected":false},"featured_media":1847,"comment_status":"open","ping_status":"closed","template":"","meta":[],"product_brand":[],"product_cat":[157],"product_tag":[],"class_list":{"0":"post-1846","1":"product","2":"type-product","3":"status-publish","4":"has-post-thumbnail","6":"product_cat-entrenamiento","7":"pa_marca-pure2improve","9":"first","10":"outofstock","11":"taxable","12":"shipping-taxable","13":"purchasable","14":"product-type-simple"},"jetpack-related-posts":[],"jetpack_sharing_enabled":true,"_links":{"self":[{"href":"https:\/\/www.golfcenteralmeria.com\/index.php?rest_route=\/wp\/v2\/product\/1846","targetHints":{"allow":["GET"]}}],"collection":[{"href":"https:\/\/www.golfcenteralmeria.com\/index.php?rest_route=\/wp\/v2\/product"}],"about":[{"href":"https:\/\/www.golfcenteralmeria.com\/index.php?rest_route=\/wp\/v2\/types\/product"}],"replies":[{"embeddable":true,"href":"https:\/\/www.golfcenteralmeria.com\/index.php?rest_route=%2Fwp%2Fv2%2Fcomments&post=1846"}],"wp:featuredmedia":[{"embeddable":true,"href":"https:\/\/www.golfcenteralmeria.com\/index.php?rest_route=\/wp\/v2\/media\/1847"}],"wp:attachment":[{"href":"https:\/\/www.golfcenteralmeria.com\/index.php?rest_route=%2Fwp%2Fv2%2Fmedia&parent=1846"}],"wp:term":[{"taxonomy":"product_brand","embeddable":true,"href":"https:\/\/www.golfcenteralmeria.com\/index.php?rest_route=%2Fwp%2Fv2%2Fproduct_brand&post=1846"},{"taxonomy":"product_cat","embeddable":true,"href":"https:\/\/www.golfcenteralmeria.com\/index.php?rest_route=%2Fwp%2Fv2%2Fproduct_cat&post=1846"},{"taxonomy":"product_tag","embeddable":true,"href":"https:\/\/www.golfcenteralmeria.com\/index.php?rest_route=%2Fwp%2Fv2%2Fproduct_tag&post=1846"}],"curies":[{"name":"wp","href":"https:\/\/api.w.org\/{rel}","templated":true}]}}