{"id":1832,"date":"2022-04-13T15:46:48","date_gmt":"2022-04-13T15:46:48","guid":{"rendered":"https:\/\/www.golfcenteralmeria.com\/?post_type=product&#038;p=1832"},"modified":"2022-12-23T11:25:47","modified_gmt":"2022-12-23T11:25:47","slug":"hitting-mat-dual-turf","status":"publish","type":"product","link":"https:\/\/www.golfcenteralmeria.com\/?product=hitting-mat-dual-turf","title":{"rendered":"HITTING MAT DUAL TURF"},"content":{"rendered":"<p>Pure2Improve esterilla de golpeo Dual Turf, 60x31cm.<\/p>\n<p>\u00a1No una esterilla de golpe de c\u00e9sped simple sino doble! Para m\u00e1s diversidad en tus sesiones de pr\u00e1ctica.<\/p>\n<p>\u00bfCansado de destrozar tu c\u00e9sped?\u00a0\u00bfNo tienes c\u00e9sped?\u00a0Entonces los tapetes de golpeo Pure2Improve son el mejor resultado para sus sesiones de pr\u00e1ctica.<\/p>\n<p>Este juego contiene el tapete doble para c\u00e9sped, una camiseta de goma de 1 pulgada y una camiseta de goma de 2 pulgadas.<\/p>\n<p>Debido a su base de goma, es una alfombra de golpe muy estable.\u00a0Se puede utilizar en interiores\/exteriores en todas las condiciones clim\u00e1ticas.<\/p>\n<p>Ideal en combinaci\u00f3n con las redes de pr\u00e1ctica y chipping Pure2Improve.<\/p>\n","protected":false},"excerpt":{"rendered":"<p>Pure2Improve esterilla de golpeo Dual Turf, 60x31cm.<\/p>\n<p>\u00a1No una esterilla de golpe de c\u00e9sped simple sino doble! Para m\u00e1s diversidad en tus sesiones de pr\u00e1ctica.<\/p>\n<p>\u00bfCansado de destrozar tu c\u00e9sped?\u00a0\u00bfNo tienes c\u00e9sped?\u00a0Entonces los tapetes de golpeo Pure2Improve son el mejor resultado para sus sesiones de pr\u00e1ctica.<\/p>\n<p>Este juego contiene el tapete doble para c\u00e9sped, una camiseta de goma de 1 pulgada y una camiseta de goma de 2 pulgadas.<\/p>\n<p>Debido a su base de goma, es una alfombra de golpe muy estable.\u00a0Se puede utilizar en interiores\/exteriores en todas las condiciones clim\u00e1ticas.<\/p>\n<p>Ideal en combinaci\u00f3n con las redes de pr\u00e1ctica y chipping Pure2Improve.<\/p>\n","protected":false},"featured_media":1833,"comment_status":"open","ping_status":"closed","template":"","meta":[],"product_brand":[],"product_cat":[157],"product_tag":[],"class_list":{"0":"post-1832","1":"product","2":"type-product","3":"status-publish","4":"has-post-thumbnail","6":"product_cat-entrenamiento","7":"pa_marca-pure2improve","9":"first","10":"instock","11":"taxable","12":"shipping-taxable","13":"purchasable","14":"product-type-simple"},"jetpack-related-posts":[],"jetpack_sharing_enabled":true,"_links":{"self":[{"href":"https:\/\/www.golfcenteralmeria.com\/index.php?rest_route=\/wp\/v2\/product\/1832","targetHints":{"allow":["GET"]}}],"collection":[{"href":"https:\/\/www.golfcenteralmeria.com\/index.php?rest_route=\/wp\/v2\/product"}],"about":[{"href":"https:\/\/www.golfcenteralmeria.com\/index.php?rest_route=\/wp\/v2\/types\/product"}],"replies":[{"embeddable":true,"href":"https:\/\/www.golfcenteralmeria.com\/index.php?rest_route=%2Fwp%2Fv2%2Fcomments&post=1832"}],"wp:featuredmedia":[{"embeddable":true,"href":"https:\/\/www.golfcenteralmeria.com\/index.php?rest_route=\/wp\/v2\/media\/1833"}],"wp:attachment":[{"href":"https:\/\/www.golfcenteralmeria.com\/index.php?rest_route=%2Fwp%2Fv2%2Fmedia&parent=1832"}],"wp:term":[{"taxonomy":"product_brand","embeddable":true,"href":"https:\/\/www.golfcenteralmeria.com\/index.php?rest_route=%2Fwp%2Fv2%2Fproduct_brand&post=1832"},{"taxonomy":"product_cat","embeddable":true,"href":"https:\/\/www.golfcenteralmeria.com\/index.php?rest_route=%2Fwp%2Fv2%2Fproduct_cat&post=1832"},{"taxonomy":"product_tag","embeddable":true,"href":"https:\/\/www.golfcenteralmeria.com\/index.php?rest_route=%2Fwp%2Fv2%2Fproduct_tag&post=1832"}],"curies":[{"name":"wp","href":"https:\/\/api.w.org\/{rel}","templated":true}]}}