{"id":1826,"date":"2022-04-13T15:35:26","date_gmt":"2022-04-13T15:35:26","guid":{"rendered":"https:\/\/www.golfcenteralmeria.com\/?post_type=product&#038;p=1826"},"modified":"2022-04-21T07:38:29","modified_gmt":"2022-04-21T07:38:29","slug":"swing-trainer","status":"publish","type":"product","link":"https:\/\/www.golfcenteralmeria.com\/?product=swing-trainer","title":{"rendered":"SWING TRAINER"},"content":{"rendered":"<p>Entrenador de swing para interior\/exterior Pure2Improve.<\/p>\n<p>\u00bfCansado de recoger tus bolas de golf durante o despu\u00e9s del entrenamiento? Con este Pure2Improve Swing Trainer esto es cosa del pasado,<\/p>\n<p>\u00a1sigue balance\u00e1ndote, balance\u00e1ndote y balance\u00e1ndote a\u00fan m\u00e1s!<\/p>\n<p>El juego contiene una alfombrilla de goma para golpear y el entrenador de swing que se montan juntos, tambi\u00e9n el entrenador se puede mantener firme con las clavijas de tierra incluidas.<\/p>\n<p>\u00a1La alfombrilla de golpeo tambi\u00e9n se puede usar por separado para hacer algunos tiros reales!<\/p>\n<p>\u00a1Mejora tu juego con Pure2Improve!<\/p>\n","protected":false},"excerpt":{"rendered":"<p>Entrenador de swing para interior\/exterior Pure2Improve.<\/p>\n<p>\u00bfCansado de recoger tus bolas de golf durante o despu\u00e9s del entrenamiento? Con este Pure2Improve Swing Trainer esto es cosa del pasado,<\/p>\n<p>\u00a1sigue balance\u00e1ndote, balance\u00e1ndote y balance\u00e1ndote a\u00fan m\u00e1s!<\/p>\n<p>El juego contiene una alfombrilla de goma para golpear y el entrenador de swing que se montan juntos, tambi\u00e9n el entrenador se puede mantener firme con las clavijas de tierra incluidas.<\/p>\n<p>\u00a1La alfombrilla de golpeo tambi\u00e9n se puede usar por separado para hacer algunos tiros reales!<\/p>\n<p>\u00a1Mejora tu juego con Pure2Improve!<\/p>\n","protected":false},"featured_media":1828,"comment_status":"open","ping_status":"closed","template":"","meta":[],"product_brand":[],"product_cat":[157],"product_tag":[],"class_list":{"0":"post-1826","1":"product","2":"type-product","3":"status-publish","4":"has-post-thumbnail","6":"product_cat-entrenamiento","7":"pa_marca-pure2improve","9":"first","10":"instock","11":"taxable","12":"shipping-taxable","13":"purchasable","14":"product-type-simple"},"jetpack-related-posts":[],"jetpack_sharing_enabled":true,"_links":{"self":[{"href":"https:\/\/www.golfcenteralmeria.com\/index.php?rest_route=\/wp\/v2\/product\/1826","targetHints":{"allow":["GET"]}}],"collection":[{"href":"https:\/\/www.golfcenteralmeria.com\/index.php?rest_route=\/wp\/v2\/product"}],"about":[{"href":"https:\/\/www.golfcenteralmeria.com\/index.php?rest_route=\/wp\/v2\/types\/product"}],"replies":[{"embeddable":true,"href":"https:\/\/www.golfcenteralmeria.com\/index.php?rest_route=%2Fwp%2Fv2%2Fcomments&post=1826"}],"wp:featuredmedia":[{"embeddable":true,"href":"https:\/\/www.golfcenteralmeria.com\/index.php?rest_route=\/wp\/v2\/media\/1828"}],"wp:attachment":[{"href":"https:\/\/www.golfcenteralmeria.com\/index.php?rest_route=%2Fwp%2Fv2%2Fmedia&parent=1826"}],"wp:term":[{"taxonomy":"product_brand","embeddable":true,"href":"https:\/\/www.golfcenteralmeria.com\/index.php?rest_route=%2Fwp%2Fv2%2Fproduct_brand&post=1826"},{"taxonomy":"product_cat","embeddable":true,"href":"https:\/\/www.golfcenteralmeria.com\/index.php?rest_route=%2Fwp%2Fv2%2Fproduct_cat&post=1826"},{"taxonomy":"product_tag","embeddable":true,"href":"https:\/\/www.golfcenteralmeria.com\/index.php?rest_route=%2Fwp%2Fv2%2Fproduct_tag&post=1826"}],"curies":[{"name":"wp","href":"https:\/\/api.w.org\/{rel}","templated":true}]}}