{"id":1796,"date":"2022-03-25T13:37:57","date_gmt":"2022-03-25T13:37:57","guid":{"rendered":"https:\/\/www.golfcenteralmeria.com\/?post_type=product&#038;p=1796"},"modified":"2022-12-23T11:25:42","modified_gmt":"2022-12-23T11:25:42","slug":"bolsa-ping-traverse","status":"publish","type":"product","link":"https:\/\/www.golfcenteralmeria.com\/?product=bolsa-ping-traverse","title":{"rendered":"Bolsa Ping Traverse"},"content":{"rendered":"<p>Ya se hab\u00eda destacado de las dem\u00e1s bolsas de carro por su super ligereza y la redise\u00f1ada Traverse, de 2.4kgs, pesa 200 grms menos que la anterior. Disponible en nuevas y divertidas combinaciones de colores, y entre sus 11 bolsillos ofrece dos nuevos bolsillos de apertura magn\u00e9tica, bolsillos a todo lo largo para la ropa y un bolsillo forrado de terciopelo. Otra genial caracter\u00edstica es el bolsillo nevera. Mantiene tu juego ordenado en su separador forrado de 14 divisores.<\/p>\n","protected":false},"excerpt":{"rendered":"<p>Ya se hab\u00eda destacado de las dem\u00e1s bolsas de carro por su super ligereza y la redise\u00f1ada Traverse, de 2.4kgs, pesa 200 grms menos que la anterior. Disponible en nuevas y divertidas combinaciones de colores, y entre sus 11 bolsillos ofrece dos nuevos bolsillos de apertura magn\u00e9tica, bolsillos a todo lo largo para la ropa y un bolsillo forrado de terciopelo. Otra genial caracter\u00edstica es el bolsillo nevera. Mantiene tu juego ordenado en su separador forrado de 14 divisores.<\/p>\n<p><strong>Disponible en nuestra tienda f\u00edsica o en venta telef\u00f3nica<\/strong><\/p>\n<p><img loading=\"lazy\" decoding=\"async\" class=\"alignnone size-full wp-image-1413\" src=\"https:\/\/www.golfcenteralmeria.com\/wp-content\/uploads\/2021\/10\/Screenshot_2020-07-11-Golf-Center-Almeria-Tienda-online-de-Golf.png\" alt=\"\" width=\"267\" height=\"154\" \/><\/p>\n","protected":false},"featured_media":1808,"comment_status":"open","ping_status":"closed","template":"","meta":[],"product_brand":[],"product_cat":[270,17],"product_tag":[],"class_list":{"0":"post-1796","1":"product","2":"type-product","3":"status-publish","4":"has-post-thumbnail","6":"product_cat-bolsas-caballero","7":"product_cat-bolsas","8":"pa_marca-ping","10":"first","11":"outofstock","12":"taxable","13":"shipping-taxable","14":"purchasable","15":"product-type-simple"},"jetpack-related-posts":[],"jetpack_sharing_enabled":true,"_links":{"self":[{"href":"https:\/\/www.golfcenteralmeria.com\/index.php?rest_route=\/wp\/v2\/product\/1796","targetHints":{"allow":["GET"]}}],"collection":[{"href":"https:\/\/www.golfcenteralmeria.com\/index.php?rest_route=\/wp\/v2\/product"}],"about":[{"href":"https:\/\/www.golfcenteralmeria.com\/index.php?rest_route=\/wp\/v2\/types\/product"}],"replies":[{"embeddable":true,"href":"https:\/\/www.golfcenteralmeria.com\/index.php?rest_route=%2Fwp%2Fv2%2Fcomments&post=1796"}],"wp:featuredmedia":[{"embeddable":true,"href":"https:\/\/www.golfcenteralmeria.com\/index.php?rest_route=\/wp\/v2\/media\/1808"}],"wp:attachment":[{"href":"https:\/\/www.golfcenteralmeria.com\/index.php?rest_route=%2Fwp%2Fv2%2Fmedia&parent=1796"}],"wp:term":[{"taxonomy":"product_brand","embeddable":true,"href":"https:\/\/www.golfcenteralmeria.com\/index.php?rest_route=%2Fwp%2Fv2%2Fproduct_brand&post=1796"},{"taxonomy":"product_cat","embeddable":true,"href":"https:\/\/www.golfcenteralmeria.com\/index.php?rest_route=%2Fwp%2Fv2%2Fproduct_cat&post=1796"},{"taxonomy":"product_tag","embeddable":true,"href":"https:\/\/www.golfcenteralmeria.com\/index.php?rest_route=%2Fwp%2Fv2%2Fproduct_tag&post=1796"}],"curies":[{"name":"wp","href":"https:\/\/api.w.org\/{rel}","templated":true}]}}