{"id":1774,"date":"2022-03-05T09:31:38","date_gmt":"2022-03-05T09:31:38","guid":{"rendered":"https:\/\/www.golfcenteralmeria.com\/?post_type=product&#038;p=1774"},"modified":"2022-11-18T10:32:33","modified_gmt":"2022-11-18T10:32:33","slug":"pack-guante-stratus","status":"publish","type":"product","link":"https:\/\/www.golfcenteralmeria.com\/?product=pack-guante-stratus","title":{"rendered":"PACK GUANTE TAYLORMADE STRATUS"},"content":{"rendered":"<div>&#8211; Combinaci\u00f3n de sint\u00e9tico y cuero.<\/div>\n<div>&#8211; material sint\u00e9tico hipertec<\/div>\n<div>&#8211; Rendimiento duradero<\/div>\n<div>&#8211; Combinaci\u00f3n resistente al desgaste de Hypertec y cuero<\/div>\n<div>&#8211; Resistente al sudor y la humedad<\/div>\n<div>&#8211; El material Hypertec ayuda a mantener un agarre uniforme en condiciones de calor y humedad<\/div>\n<div>transpirabilidad mejorada<\/div>\n<div>&#8211; Microperforaciones estrat\u00e9gicamente ubicadas para optimizar la transpirabilidad en cualquier clima<\/div>\n<div>&#8211; M\u00e1xima flexibilidad con un material el\u00e1stico en 4 direcciones con cuero y construcci\u00f3n Hypertec.<\/div>\n<div><\/div>\n","protected":false},"excerpt":{"rendered":"<div>&#8211; Combinaci\u00f3n de sint\u00e9tico y cuero.<\/div>\n<div>&#8211; material sint\u00e9tico hipertec<\/div>\n<div>&#8211; Rendimiento duradero<\/div>\n<div>&#8211; Combinaci\u00f3n resistente al desgaste de Hypertec y cuero<\/div>\n<div>&#8211; Resistente al sudor y la humedad<\/div>\n<div>&#8211; El material Hypertec ayuda a mantener un agarre uniforme en condiciones de calor y humedad<\/div>\n<div>transpirabilidad mejorada<\/div>\n<div>&#8211; Microperforaciones estrat\u00e9gicamente ubicadas para optimizar la transpirabilidad en cualquier clima<\/div>\n<div>&#8211; M\u00e1xima flexibilidad con un material el\u00e1stico en 4 direcciones con cuero y construcci\u00f3n Hypertec.<\/div>\n","protected":false},"featured_media":1780,"comment_status":"open","ping_status":"closed","template":"","meta":[],"product_brand":[],"product_cat":[97],"product_tag":[],"class_list":{"0":"post-1774","1":"product","2":"type-product","3":"status-publish","4":"has-post-thumbnail","6":"product_cat-guantes","7":"pa_marca-taylor-made","9":"first","10":"instock","11":"taxable","12":"shipping-taxable","13":"purchasable","14":"product-type-variable"},"jetpack-related-posts":[],"jetpack_sharing_enabled":true,"_links":{"self":[{"href":"https:\/\/www.golfcenteralmeria.com\/index.php?rest_route=\/wp\/v2\/product\/1774","targetHints":{"allow":["GET"]}}],"collection":[{"href":"https:\/\/www.golfcenteralmeria.com\/index.php?rest_route=\/wp\/v2\/product"}],"about":[{"href":"https:\/\/www.golfcenteralmeria.com\/index.php?rest_route=\/wp\/v2\/types\/product"}],"replies":[{"embeddable":true,"href":"https:\/\/www.golfcenteralmeria.com\/index.php?rest_route=%2Fwp%2Fv2%2Fcomments&post=1774"}],"wp:featuredmedia":[{"embeddable":true,"href":"https:\/\/www.golfcenteralmeria.com\/index.php?rest_route=\/wp\/v2\/media\/1780"}],"wp:attachment":[{"href":"https:\/\/www.golfcenteralmeria.com\/index.php?rest_route=%2Fwp%2Fv2%2Fmedia&parent=1774"}],"wp:term":[{"taxonomy":"product_brand","embeddable":true,"href":"https:\/\/www.golfcenteralmeria.com\/index.php?rest_route=%2Fwp%2Fv2%2Fproduct_brand&post=1774"},{"taxonomy":"product_cat","embeddable":true,"href":"https:\/\/www.golfcenteralmeria.com\/index.php?rest_route=%2Fwp%2Fv2%2Fproduct_cat&post=1774"},{"taxonomy":"product_tag","embeddable":true,"href":"https:\/\/www.golfcenteralmeria.com\/index.php?rest_route=%2Fwp%2Fv2%2Fproduct_tag&post=1774"}],"curies":[{"name":"wp","href":"https:\/\/api.w.org\/{rel}","templated":true}]}}