{"id":1768,"date":"2022-03-05T09:09:33","date_gmt":"2022-03-05T09:09:33","guid":{"rendered":"https:\/\/www.golfcenteralmeria.com\/?post_type=product&#038;p=1768"},"modified":"2026-01-29T10:10:33","modified_gmt":"2026-01-29T10:10:33","slug":"guante-srixon-cabretta","status":"publish","type":"product","link":"https:\/\/www.golfcenteralmeria.com\/?product=guante-srixon-cabretta","title":{"rendered":"GUANTE SRIXON CABRETTA"},"content":{"rendered":"<p>El guante\u00a0Srixon Premium Cabretta\u00a0est\u00e1 fabricado especialmente para hombres, este modelo viene \u00fanicamente en color blanco y est\u00e1 fabricado con materiales de alta calidad, dentro de los cuales resaltan la\u00a0piel Cabretta.\u00a0Presenta un dise\u00f1o elegante y detallado,\u00a0con forro de lycra para proteger las articulaciones\u00a0y ofrecer la mayor movilidad de la mano. Su\u00a0tacto y sensaci\u00f3n sobre la piel es inigualable,ya que se adapta perfectamente a la forma de la mano.<\/p>\n","protected":false},"excerpt":{"rendered":"<p>El guante\u00a0Srixon Premium Cabretta\u00a0est\u00e1 fabricado especialmente para hombres, este modelo viene \u00fanicamente en color blanco y est\u00e1 fabricado con materiales de alta calidad, dentro de los cuales resaltan la\u00a0piel Cabretta.\u00a0Presenta un dise\u00f1o elegante y detallado,\u00a0con forro de lycra para proteger las articulaciones\u00a0y ofrecer la mayor movilidad de la mano. Su\u00a0tacto y sensaci\u00f3n sobre la piel es inigualable,ya que se adapta perfectamente a la forma de la mano.<\/p>\n","protected":false},"featured_media":1769,"comment_status":"open","ping_status":"closed","template":"","meta":[],"product_brand":[],"product_cat":[97],"product_tag":[],"class_list":{"0":"post-1768","1":"product","2":"type-product","3":"status-publish","4":"has-post-thumbnail","6":"product_cat-guantes","7":"pa_marca-srixon","9":"first","10":"outofstock","11":"taxable","12":"shipping-taxable","13":"purchasable","14":"product-type-variable"},"jetpack-related-posts":[],"jetpack_sharing_enabled":true,"_links":{"self":[{"href":"https:\/\/www.golfcenteralmeria.com\/index.php?rest_route=\/wp\/v2\/product\/1768","targetHints":{"allow":["GET"]}}],"collection":[{"href":"https:\/\/www.golfcenteralmeria.com\/index.php?rest_route=\/wp\/v2\/product"}],"about":[{"href":"https:\/\/www.golfcenteralmeria.com\/index.php?rest_route=\/wp\/v2\/types\/product"}],"replies":[{"embeddable":true,"href":"https:\/\/www.golfcenteralmeria.com\/index.php?rest_route=%2Fwp%2Fv2%2Fcomments&post=1768"}],"wp:featuredmedia":[{"embeddable":true,"href":"https:\/\/www.golfcenteralmeria.com\/index.php?rest_route=\/wp\/v2\/media\/1769"}],"wp:attachment":[{"href":"https:\/\/www.golfcenteralmeria.com\/index.php?rest_route=%2Fwp%2Fv2%2Fmedia&parent=1768"}],"wp:term":[{"taxonomy":"product_brand","embeddable":true,"href":"https:\/\/www.golfcenteralmeria.com\/index.php?rest_route=%2Fwp%2Fv2%2Fproduct_brand&post=1768"},{"taxonomy":"product_cat","embeddable":true,"href":"https:\/\/www.golfcenteralmeria.com\/index.php?rest_route=%2Fwp%2Fv2%2Fproduct_cat&post=1768"},{"taxonomy":"product_tag","embeddable":true,"href":"https:\/\/www.golfcenteralmeria.com\/index.php?rest_route=%2Fwp%2Fv2%2Fproduct_tag&post=1768"}],"curies":[{"name":"wp","href":"https:\/\/api.w.org\/{rel}","templated":true}]}}