{"id":1591,"date":"2022-01-27T12:09:58","date_gmt":"2022-01-27T12:09:58","guid":{"rendered":"https:\/\/www.golfcenteralmeria.com\/?post_type=product&#038;p=1591"},"modified":"2025-04-09T09:19:59","modified_gmt":"2025-04-09T09:19:59","slug":"zapato-skechers-jr","status":"publish","type":"product","link":"https:\/\/www.golfcenteralmeria.com\/?product=zapato-skechers-jr","title":{"rendered":"ZAPATO SKECHERS JR"},"content":{"rendered":"<div id=\"description\" class=\"data item content\" role=\"tabpanel\" aria-labelledby=\"tab-label-description\" data-role=\"content\" aria-hidden=\"false\">\n<div class=\"product attribute description\">\n<div class=\"value\">\n<p>Zapatos de golf Skechers Finesse 81720 NVPK Ni\u00f1a. Lleva el confort y el rendimiento a los j\u00f3venes golfistas con Softspikes reemplazables y protecci\u00f3n impermeable Skechers H2GO Shield.<\/p>\n<p>Detalles:<\/p>\n<p>Protecci\u00f3n water resistant Skechers H2GO Shield Dise\u00f1o impermeable H2GO Shield con un a\u00f1o de garant\u00eda Parte superior de tejido sint\u00e9tico, liso y ligero L\u00e1mina inferior de TPU con tracci\u00f3n duradera con amortiguaci\u00f3n ligera y efectiva ULTRA GO.<\/p>\n<p>Plantilla confortable con amortiguaci\u00f3n Skechers Goga Max Softspikes reemplazables para garantizar el m\u00e1ximo agarre.<\/p>\n<p>Parte superior sint\u00e9tica lisa, duradera y de f\u00e1cil mantenimiento.<\/p>\n<p>Costura lateral y ribete estampado.<\/p>\n<p>Detalle de la suela con contraste de colores.<\/p>\n<p>Parte frontal con cordones.<\/p>\n<p>&nbsp;<\/p>\n<\/div>\n<\/div>\n<\/div>\n","protected":false},"excerpt":{"rendered":"<p>Zapatos de golf Skechers Finesse 81720 NVPK Ni\u00f1a. Lleva el confort y el rendimiento a los j\u00f3venes golfistas con Softspikes reemplazables y protecci\u00f3n impermeable Skechers H2GO Shield.<\/p>\n<p>Detalles:<\/p>\n<p>Protecci\u00f3n water resistant Skechers H2GO Shield Dise\u00f1o impermeable H2GO Shield con un a\u00f1o de garant\u00eda Parte superior de tejido sint\u00e9tico, liso y ligero L\u00e1mina inferior de TPU con tracci\u00f3n duradera con amortiguaci\u00f3n ligera y efectiva ULTRA GO.<\/p>\n<p>Plantilla confortable con amortiguaci\u00f3n Skechers Goga Max Softspikes reemplazables para garantizar el m\u00e1ximo agarre.<\/p>\n<p>Parte superior sint\u00e9tica lisa, duradera y de f\u00e1cil mantenimiento.<\/p>\n<p>Costura lateral y ribete estampado.<\/p>\n<p>Detalle de la suela con contraste de colores.<\/p>\n<p>Parte frontal con cordones.<\/p>\n","protected":false},"featured_media":1595,"comment_status":"open","ping_status":"closed","template":"","meta":[],"product_brand":[],"product_cat":[127,128],"product_tag":[],"class_list":{"0":"post-1591","1":"product","2":"type-product","3":"status-publish","4":"has-post-thumbnail","6":"product_cat-zapatos","7":"product_cat-zapatos-junior","8":"pa_color-blanco","9":"pa_color-negro-rosa","10":"pa_marca-skechers","12":"first","13":"instock","14":"sale","15":"taxable","16":"shipping-taxable","17":"purchasable","18":"product-type-variable"},"jetpack-related-posts":[],"jetpack_sharing_enabled":true,"_links":{"self":[{"href":"https:\/\/www.golfcenteralmeria.com\/index.php?rest_route=\/wp\/v2\/product\/1591","targetHints":{"allow":["GET"]}}],"collection":[{"href":"https:\/\/www.golfcenteralmeria.com\/index.php?rest_route=\/wp\/v2\/product"}],"about":[{"href":"https:\/\/www.golfcenteralmeria.com\/index.php?rest_route=\/wp\/v2\/types\/product"}],"replies":[{"embeddable":true,"href":"https:\/\/www.golfcenteralmeria.com\/index.php?rest_route=%2Fwp%2Fv2%2Fcomments&post=1591"}],"wp:featuredmedia":[{"embeddable":true,"href":"https:\/\/www.golfcenteralmeria.com\/index.php?rest_route=\/wp\/v2\/media\/1595"}],"wp:attachment":[{"href":"https:\/\/www.golfcenteralmeria.com\/index.php?rest_route=%2Fwp%2Fv2%2Fmedia&parent=1591"}],"wp:term":[{"taxonomy":"product_brand","embeddable":true,"href":"https:\/\/www.golfcenteralmeria.com\/index.php?rest_route=%2Fwp%2Fv2%2Fproduct_brand&post=1591"},{"taxonomy":"product_cat","embeddable":true,"href":"https:\/\/www.golfcenteralmeria.com\/index.php?rest_route=%2Fwp%2Fv2%2Fproduct_cat&post=1591"},{"taxonomy":"product_tag","embeddable":true,"href":"https:\/\/www.golfcenteralmeria.com\/index.php?rest_route=%2Fwp%2Fv2%2Fproduct_tag&post=1591"}],"curies":[{"name":"wp","href":"https:\/\/api.w.org\/{rel}","templated":true}]}}