{"id":1565,"date":"2022-01-26T15:59:39","date_gmt":"2022-01-26T15:59:39","guid":{"rendered":"https:\/\/www.golfcenteralmeria.com\/?post_type=product&#038;p=1565"},"modified":"2024-08-26T14:03:47","modified_gmt":"2024-08-26T14:03:47","slug":"zapato-adidas-52g-sl-boa","status":"publish","type":"product","link":"https:\/\/www.golfcenteralmeria.com\/?product=zapato-adidas-52g-sl-boa","title":{"rendered":"ZAPATO ADIDAS S2G SL BOA"},"content":{"rendered":"<p id=\"tw-target-text\" class=\"tw-data-text tw-text-large tw-ta\" dir=\"ltr\" data-placeholder=\"Traducci\u00f3n\"><span class=\"Y2IQFc\" lang=\"es\">Dale confianza a tu juego con estos zapatos de golf adidas dise\u00f1ados para un rendimiento vers\u00e1til.<\/span><\/p>\n<p class=\"tw-data-text tw-text-large tw-ta\" dir=\"ltr\" data-placeholder=\"Traducci\u00f3n\"><span class=\"Y2IQFc\" lang=\"es\"> La amortiguaci\u00f3n de la entresuela Bounce ofrece comodidad y flexibilidad a trav\u00e9s de 18 hoyos y m\u00e1s. <\/span><\/p>\n<p class=\"tw-data-text tw-text-large tw-ta\" dir=\"ltr\" data-placeholder=\"Traducci\u00f3n\"><span class=\"Y2IQFc\" lang=\"es\">La suela exterior V-Traxion ofrece un agarre s\u00f3lido para una mayor estabilidad en terrenos variables. <\/span><\/p>\n<p class=\"tw-data-text tw-text-large tw-ta\" dir=\"ltr\" data-placeholder=\"Traducci\u00f3n\"><span class=\"Y2IQFc\" lang=\"es\">La parte superior impermeable mantiene los pies secos en las calles h\u00famedas y el sistema de ajuste BOA te permite lograr un ajuste preciso. <\/span><\/p>\n<p class=\"tw-data-text tw-text-large tw-ta\" dir=\"ltr\" data-placeholder=\"Traducci\u00f3n\"><span class=\"Y2IQFc\" lang=\"es\">El dise\u00f1o sin clavos garantiza una f\u00e1cil transici\u00f3n del campo a la casa club. Fabricada con una serie de materiales reciclados, esta parte superior presenta al menos un 50 % de contenido reciclado. <\/span><\/p>\n<p class=\"tw-data-text tw-text-large tw-ta\" dir=\"ltr\" data-placeholder=\"Traducci\u00f3n\"><span class=\"Y2IQFc\" lang=\"es\">Este producto representa solo una de nuestras soluciones para ayudar a acabar con los residuos pl\u00e1sticos.<\/span><\/p>\n","protected":false},"excerpt":{"rendered":"<p id=\"tw-target-text\" class=\"tw-data-text tw-text-large tw-ta\" dir=\"ltr\" data-placeholder=\"Traducci\u00f3n\"><span class=\"Y2IQFc\" lang=\"es\">Dale confianza a tu juego con estos zapatos de golf adidas dise\u00f1ados para un rendimiento vers\u00e1til.<\/span><\/p>\n<p class=\"tw-data-text tw-text-large tw-ta\" dir=\"ltr\" data-placeholder=\"Traducci\u00f3n\"><span class=\"Y2IQFc\" lang=\"es\"> La amortiguaci\u00f3n de la entresuela Bounce ofrece comodidad y flexibilidad a trav\u00e9s de 18 hoyos y m\u00e1s. <\/span><\/p>\n<p class=\"tw-data-text tw-text-large tw-ta\" dir=\"ltr\" data-placeholder=\"Traducci\u00f3n\"><span class=\"Y2IQFc\" lang=\"es\">La suela exterior V-Traxion ofrece un agarre s\u00f3lido para una mayor estabilidad en terrenos variables. <\/span><\/p>\n<p class=\"tw-data-text tw-text-large tw-ta\" dir=\"ltr\" data-placeholder=\"Traducci\u00f3n\"><span class=\"Y2IQFc\" lang=\"es\">La parte superior impermeable mantiene los pies secos en las calles h\u00famedas y el sistema de ajuste BOA te permite lograr un ajuste preciso. <\/span><\/p>\n<p class=\"tw-data-text tw-text-large tw-ta\" dir=\"ltr\" data-placeholder=\"Traducci\u00f3n\"><span class=\"Y2IQFc\" lang=\"es\">El dise\u00f1o sin clavos garantiza una f\u00e1cil transici\u00f3n del campo a la casa club. Fabricada con una serie de materiales reciclados, esta parte superior presenta al menos un 50 % de contenido reciclado. <\/span><\/p>\n<p class=\"tw-data-text tw-text-large tw-ta\" dir=\"ltr\" data-placeholder=\"Traducci\u00f3n\"><span class=\"Y2IQFc\" lang=\"es\">Este producto representa solo una de nuestras soluciones para ayudar a acabar con los residuos pl\u00e1sticos.<\/span><\/p>\n","protected":false},"featured_media":1629,"comment_status":"open","ping_status":"closed","template":"","meta":[],"product_brand":[],"product_cat":[127,212],"product_tag":[],"class_list":{"0":"post-1565","1":"product","2":"type-product","3":"status-publish","4":"has-post-thumbnail","6":"product_cat-zapatos","7":"product_cat-zapatos-caballero","8":"pa_marca-adidas","10":"first","11":"instock","12":"sale","13":"taxable","14":"shipping-taxable","15":"purchasable","16":"product-type-variable"},"jetpack-related-posts":[],"jetpack_sharing_enabled":true,"_links":{"self":[{"href":"https:\/\/www.golfcenteralmeria.com\/index.php?rest_route=\/wp\/v2\/product\/1565","targetHints":{"allow":["GET"]}}],"collection":[{"href":"https:\/\/www.golfcenteralmeria.com\/index.php?rest_route=\/wp\/v2\/product"}],"about":[{"href":"https:\/\/www.golfcenteralmeria.com\/index.php?rest_route=\/wp\/v2\/types\/product"}],"replies":[{"embeddable":true,"href":"https:\/\/www.golfcenteralmeria.com\/index.php?rest_route=%2Fwp%2Fv2%2Fcomments&post=1565"}],"wp:featuredmedia":[{"embeddable":true,"href":"https:\/\/www.golfcenteralmeria.com\/index.php?rest_route=\/wp\/v2\/media\/1629"}],"wp:attachment":[{"href":"https:\/\/www.golfcenteralmeria.com\/index.php?rest_route=%2Fwp%2Fv2%2Fmedia&parent=1565"}],"wp:term":[{"taxonomy":"product_brand","embeddable":true,"href":"https:\/\/www.golfcenteralmeria.com\/index.php?rest_route=%2Fwp%2Fv2%2Fproduct_brand&post=1565"},{"taxonomy":"product_cat","embeddable":true,"href":"https:\/\/www.golfcenteralmeria.com\/index.php?rest_route=%2Fwp%2Fv2%2Fproduct_cat&post=1565"},{"taxonomy":"product_tag","embeddable":true,"href":"https:\/\/www.golfcenteralmeria.com\/index.php?rest_route=%2Fwp%2Fv2%2Fproduct_tag&post=1565"}],"curies":[{"name":"wp","href":"https:\/\/api.w.org\/{rel}","templated":true}]}}