{"id":1311,"date":"2021-07-02T14:12:54","date_gmt":"2021-07-02T14:12:54","guid":{"rendered":"http:\/\/www.golfcenteralmeria.com\/?post_type=product&#038;p=1311"},"modified":"2024-07-23T18:04:34","modified_gmt":"2024-07-23T18:04:34","slug":"bolas-taylormade-tp5x-2","status":"publish","type":"product","link":"https:\/\/www.golfcenteralmeria.com\/?product=bolas-taylormade-tp5x-2","title":{"rendered":"BOLAS TAYLORMADE TP5X"},"content":{"rendered":"<p>Las bola TaylorMade TP5 es la bola Tour m\u00e1s completa que ofrece una velocidad sin igual. Se ha redise\u00f1ado aplicando nuevas tecnolog\u00edas y nuevos materiales para conseguir m\u00e1s distancia y m\u00e1s velocidad.<\/p>\n<p>M\u00e1s velocidad en la bola Tour m\u00e1s completa<\/p>\n<p>No hay bola m\u00e1s r\u00e1pida, bola que llegue m\u00e1s lejos ni bola mejor que la TP5.<\/p>\n<p>Docena de bolas.<\/p>\n","protected":false},"excerpt":{"rendered":"<p>Las bola TaylorMade TP5 es la bola Tour m\u00e1s completa que ofrece una velocidad sin igual. Se ha redise\u00f1ado aplicando nuevas tecnolog\u00edas y nuevos materiales para conseguir m\u00e1s distancia y m\u00e1s velocidad.<\/p>\n<p>M\u00e1s velocidad en la bola Tour m\u00e1s completa<\/p>\n<p>No hay bola m\u00e1s r\u00e1pida, bola que llegue m\u00e1s lejos ni bola mejor que la TP5.<\/p>\n<p>Docena de bolas.<\/p>\n","protected":false},"featured_media":1312,"comment_status":"open","ping_status":"closed","template":"","meta":[],"product_brand":[],"product_cat":[75],"product_tag":[],"class_list":{"0":"post-1311","1":"product","2":"type-product","3":"status-publish","4":"has-post-thumbnail","6":"product_cat-bolas","8":"first","9":"instock","10":"sale","11":"taxable","12":"shipping-taxable","13":"purchasable","14":"product-type-simple"},"jetpack-related-posts":[],"jetpack_sharing_enabled":true,"_links":{"self":[{"href":"https:\/\/www.golfcenteralmeria.com\/index.php?rest_route=\/wp\/v2\/product\/1311","targetHints":{"allow":["GET"]}}],"collection":[{"href":"https:\/\/www.golfcenteralmeria.com\/index.php?rest_route=\/wp\/v2\/product"}],"about":[{"href":"https:\/\/www.golfcenteralmeria.com\/index.php?rest_route=\/wp\/v2\/types\/product"}],"replies":[{"embeddable":true,"href":"https:\/\/www.golfcenteralmeria.com\/index.php?rest_route=%2Fwp%2Fv2%2Fcomments&post=1311"}],"wp:featuredmedia":[{"embeddable":true,"href":"https:\/\/www.golfcenteralmeria.com\/index.php?rest_route=\/wp\/v2\/media\/1312"}],"wp:attachment":[{"href":"https:\/\/www.golfcenteralmeria.com\/index.php?rest_route=%2Fwp%2Fv2%2Fmedia&parent=1311"}],"wp:term":[{"taxonomy":"product_brand","embeddable":true,"href":"https:\/\/www.golfcenteralmeria.com\/index.php?rest_route=%2Fwp%2Fv2%2Fproduct_brand&post=1311"},{"taxonomy":"product_cat","embeddable":true,"href":"https:\/\/www.golfcenteralmeria.com\/index.php?rest_route=%2Fwp%2Fv2%2Fproduct_cat&post=1311"},{"taxonomy":"product_tag","embeddable":true,"href":"https:\/\/www.golfcenteralmeria.com\/index.php?rest_route=%2Fwp%2Fv2%2Fproduct_tag&post=1311"}],"curies":[{"name":"wp","href":"https:\/\/api.w.org\/{rel}","templated":true}]}}