{"id":1300,"date":"2021-06-24T14:39:02","date_gmt":"2021-06-24T14:39:02","guid":{"rendered":"http:\/\/www.golfcenteralmeria.com\/?post_type=product&#038;p=1300"},"modified":"2022-12-27T15:41:13","modified_gmt":"2022-12-27T15:41:13","slug":"bolas-taylormade-tp5-pix","status":"publish","type":"product","link":"https:\/\/www.golfcenteralmeria.com\/?product=bolas-taylormade-tp5-pix","title":{"rendered":"BOLAS TAYLORMADE TP5 PIX"},"content":{"rendered":"<p>Las bola TaylorMade TP5 es la bola Tour m\u00e1s completa que ofrece una velocidad sin igual. Se ha redise\u00f1ado aplicando nuevas tecnolog\u00edas y nuevos materiales para conseguir m\u00e1s distancia y m\u00e1s velocidad.<\/p>\n<p>Docena de bolas.<\/p>\n<p>M\u00e1s velocidad en la bola Tour m\u00e1s completa<\/p>\n<p>No hay bola m\u00e1s r\u00e1pida, bola que llegue m\u00e1s lejos ni bola mejor que la TP5.<\/p>\n","protected":false},"excerpt":{"rendered":"<p>Las bola TaylorMade TP5 es la bola Tour m\u00e1s completa que ofrece una velocidad sin igual. Se ha redise\u00f1ado aplicando nuevas tecnolog\u00edas y nuevos materiales para conseguir m\u00e1s distancia y m\u00e1s velocidad.<\/p>\n<p>M\u00e1s velocidad en la bola Tour m\u00e1s completa<\/p>\n<p>No hay bola m\u00e1s r\u00e1pida, bola que llegue m\u00e1s lejos ni bola mejor que la TP5.<\/p>\n","protected":false},"featured_media":1301,"comment_status":"open","ping_status":"closed","template":"","meta":[],"product_brand":[],"product_cat":[75],"product_tag":[],"class_list":{"0":"post-1300","1":"product","2":"type-product","3":"status-publish","4":"has-post-thumbnail","6":"product_cat-bolas","7":"pa_marca-taylor-made","9":"first","10":"outofstock","11":"sale","12":"taxable","13":"shipping-taxable","14":"purchasable","15":"product-type-simple"},"jetpack-related-posts":[],"jetpack_sharing_enabled":true,"_links":{"self":[{"href":"https:\/\/www.golfcenteralmeria.com\/index.php?rest_route=\/wp\/v2\/product\/1300","targetHints":{"allow":["GET"]}}],"collection":[{"href":"https:\/\/www.golfcenteralmeria.com\/index.php?rest_route=\/wp\/v2\/product"}],"about":[{"href":"https:\/\/www.golfcenteralmeria.com\/index.php?rest_route=\/wp\/v2\/types\/product"}],"replies":[{"embeddable":true,"href":"https:\/\/www.golfcenteralmeria.com\/index.php?rest_route=%2Fwp%2Fv2%2Fcomments&post=1300"}],"wp:featuredmedia":[{"embeddable":true,"href":"https:\/\/www.golfcenteralmeria.com\/index.php?rest_route=\/wp\/v2\/media\/1301"}],"wp:attachment":[{"href":"https:\/\/www.golfcenteralmeria.com\/index.php?rest_route=%2Fwp%2Fv2%2Fmedia&parent=1300"}],"wp:term":[{"taxonomy":"product_brand","embeddable":true,"href":"https:\/\/www.golfcenteralmeria.com\/index.php?rest_route=%2Fwp%2Fv2%2Fproduct_brand&post=1300"},{"taxonomy":"product_cat","embeddable":true,"href":"https:\/\/www.golfcenteralmeria.com\/index.php?rest_route=%2Fwp%2Fv2%2Fproduct_cat&post=1300"},{"taxonomy":"product_tag","embeddable":true,"href":"https:\/\/www.golfcenteralmeria.com\/index.php?rest_route=%2Fwp%2Fv2%2Fproduct_tag&post=1300"}],"curies":[{"name":"wp","href":"https:\/\/api.w.org\/{rel}","templated":true}]}}