{"id":5221,"date":"2025-03-13T10:59:24","date_gmt":"2025-03-13T10:59:24","guid":{"rendered":"https:\/\/www.golfcenteralmeria.com\/?page_id=5221"},"modified":"2025-03-13T12:03:54","modified_gmt":"2025-03-13T12:03:54","slug":"fitting-y-reparaciones","status":"publish","type":"page","link":"https:\/\/www.golfcenteralmeria.com\/?page_id=5221","title":{"rendered":"FITTING TALLER"},"content":{"rendered":"<p>En Golf Center Almer\u00eda contamos con servicio de asesoramiento en palos a medida y taller de reparaciones, cambio de grip, varillas ajustes de longitud y dem\u00e1s.<br \/>\nLos Hermanos Ruiz, Juan y Jos\u00e9 Manuel son fitters y clubmakers con a\u00f1os de experiencia que ponen a vuestra disposici\u00f3n para asesorarles en todo lo que necesiten.<\/p>\n<p>Tenemos en stock gran variedad de grips y varillas que podemos montar en el mismo momento.<\/p>\n<p>Damos soluci\u00f3n a tus problemas con los palos y te ayudamos a configurar tu bolsa para sacarle el maximo rendimiento.<\/p>\n<p>Somos centro fitting:<\/p>\n<p>Taylormade, Ping, Callaway, Cleveland, Wilson y Cobra<\/p>\n<p><img data-recalc-dims=\"1\" loading=\"lazy\" decoding=\"async\" class=\"alignleft size-full wp-image-5229\" src=\"https:\/\/i0.wp.com\/www.golfcenteralmeria.com\/wp-content\/uploads\/2025\/03\/TaylorMade-logo-1-scaled.jpg?resize=1170%2C364&#038;ssl=1\" alt=\"\" width=\"1170\" height=\"364\" srcset=\"https:\/\/i0.wp.com\/www.golfcenteralmeria.com\/wp-content\/uploads\/2025\/03\/TaylorMade-logo-1-scaled.jpg?w=2560&amp;ssl=1 2560w, https:\/\/i0.wp.com\/www.golfcenteralmeria.com\/wp-content\/uploads\/2025\/03\/TaylorMade-logo-1-scaled.jpg?resize=300%2C93&amp;ssl=1 300w, https:\/\/i0.wp.com\/www.golfcenteralmeria.com\/wp-content\/uploads\/2025\/03\/TaylorMade-logo-1-scaled.jpg?resize=1024%2C319&amp;ssl=1 1024w, https:\/\/i0.wp.com\/www.golfcenteralmeria.com\/wp-content\/uploads\/2025\/03\/TaylorMade-logo-1-scaled.jpg?resize=768%2C239&amp;ssl=1 768w, https:\/\/i0.wp.com\/www.golfcenteralmeria.com\/wp-content\/uploads\/2025\/03\/TaylorMade-logo-1-scaled.jpg?resize=1536%2C478&amp;ssl=1 1536w, https:\/\/i0.wp.com\/www.golfcenteralmeria.com\/wp-content\/uploads\/2025\/03\/TaylorMade-logo-1-scaled.jpg?resize=2048%2C638&amp;ssl=1 2048w, https:\/\/i0.wp.com\/www.golfcenteralmeria.com\/wp-content\/uploads\/2025\/03\/TaylorMade-logo-1-scaled.jpg?resize=600%2C187&amp;ssl=1 600w, https:\/\/i0.wp.com\/www.golfcenteralmeria.com\/wp-content\/uploads\/2025\/03\/TaylorMade-logo-1-scaled.jpg?resize=190%2C60&amp;ssl=1 190w, https:\/\/i0.wp.com\/www.golfcenteralmeria.com\/wp-content\/uploads\/2025\/03\/TaylorMade-logo-1-scaled.jpg?resize=289%2C90&amp;ssl=1 289w, https:\/\/i0.wp.com\/www.golfcenteralmeria.com\/wp-content\/uploads\/2025\/03\/TaylorMade-logo-1-scaled.jpg?w=2340&amp;ssl=1 2340w\" sizes=\"auto, (max-width: 1170px) 100vw, 1170px\" \/><\/p>\n<p>&nbsp;<\/p>\n","protected":false},"excerpt":{"rendered":"<p>En Golf Center Almer\u00eda contamos con servicio de asesoramiento en palos a medida y taller de reparaciones, cambio de grip, varillas ajustes de longitud y dem\u00e1s. Los Hermanos Ruiz, Juan y Jos\u00e9 Manuel son fitters y clubmakers con a\u00f1os de experiencia que ponen a vuestra disposici\u00f3n para asesorarles en todo lo que necesiten. Tenemos en<\/p>\n","protected":false},"author":1,"featured_media":5222,"parent":0,"menu_order":0,"comment_status":"closed","ping_status":"closed","template":"","meta":{"footnotes":""},"class_list":["post-5221","page","type-page","status-publish","has-post-thumbnail","hentry"],"jetpack-related-posts":[],"jetpack_sharing_enabled":true,"_links":{"self":[{"href":"https:\/\/www.golfcenteralmeria.com\/index.php?rest_route=\/wp\/v2\/pages\/5221","targetHints":{"allow":["GET"]}}],"collection":[{"href":"https:\/\/www.golfcenteralmeria.com\/index.php?rest_route=\/wp\/v2\/pages"}],"about":[{"href":"https:\/\/www.golfcenteralmeria.com\/index.php?rest_route=\/wp\/v2\/types\/page"}],"author":[{"embeddable":true,"href":"https:\/\/www.golfcenteralmeria.com\/index.php?rest_route=\/wp\/v2\/users\/1"}],"replies":[{"embeddable":true,"href":"https:\/\/www.golfcenteralmeria.com\/index.php?rest_route=%2Fwp%2Fv2%2Fcomments&post=5221"}],"version-history":[{"count":5,"href":"https:\/\/www.golfcenteralmeria.com\/index.php?rest_route=\/wp\/v2\/pages\/5221\/revisions"}],"predecessor-version":[{"id":5231,"href":"https:\/\/www.golfcenteralmeria.com\/index.php?rest_route=\/wp\/v2\/pages\/5221\/revisions\/5231"}],"wp:featuredmedia":[{"embeddable":true,"href":"https:\/\/www.golfcenteralmeria.com\/index.php?rest_route=\/wp\/v2\/media\/5222"}],"wp:attachment":[{"href":"https:\/\/www.golfcenteralmeria.com\/index.php?rest_route=%2Fwp%2Fv2%2Fmedia&parent=5221"}],"curies":[{"name":"wp","href":"https:\/\/api.w.org\/{rel}","templated":true}]}}