{"id":193,"date":"2020-07-30T07:46:32","date_gmt":"2020-07-30T07:46:32","guid":{"rendered":"http:\/\/s829868843.mialojamiento.es\/?page_id=193"},"modified":"2020-07-30T07:46:32","modified_gmt":"2020-07-30T07:46:32","slug":"devoluciones","status":"publish","type":"page","link":"https:\/\/www.golfcenteralmeria.com\/?page_id=193","title":{"rendered":"DEVOLUCIONES"},"content":{"rendered":"\n<p><strong>VII. Devoluci\u00f3n<\/strong> De acuerdo a lo establecido en la legislaci\u00f3n espa\u00f1ola, el Cliente dispone del Derecho de Desistimiento, en virtud del cual podr\u00e1 devolver el producto recibido si comprueba que no se ajusta a sus expectativas. El comprador dispone de siete d\u00edas para devolver un producto con el que no est\u00e9 satisfecho, con los gastos de transporte a su cargo, esta norma se ampliar\u00e1 a catorce d\u00edas tras la aprobaci\u00f3n de la nueva norma de la UE. Dentro de este plazo, podr\u00e1 devolver dicho producto junto con la copia de la factura correspondiente al pedido (imprescindible). Pasado este plazo no se aceptar\u00e1n devoluciones excepto expreso acuerdo de Golf Center Almeria. En caso de realizar una devoluci\u00f3n fuera de plazo, el cliente deber\u00e1 abonar los nuevos gastos de retorno del producto. El producto deber\u00e1 encontrarse en perfecto estado y en ning\u00fan caso Golf Center Almeria ser\u00e1 responsable de los desperfectos o perdidas que puedan ocurrir en el transcurso de una devoluci\u00f3n por parte del cliente. Nuestros productos vienen detalladamente explicados en cada p\u00e1gina de la web, las fotograf\u00edas son meramente descriptivas, pudiendo haber diferencia en las tonalidades de productos o elementos de la imagen. Todos los productos deben devolverse en su embalaje original y en perfectas condiciones. Todas las etiquetas y envoltorios deben estar intactos. Golf Center Almeria s\u00f3lo aceptar\u00e1 los productos que sean enviados con su embalaje original, completo, nuevo y en perfecto estado. No se aceptar\u00e1n art\u00edculos que hayan sido enviados incompletos, estropeados, montados o sucios por parte del comprador, as\u00ed como cabezas de palos sin su pl\u00e1stico protector o que presenten roces por uso, ni ropa que no venga en perfecto estado y con su embalaje original de la marca. No se aceptan devoluciones de productos electr\u00f3nicos que hayan sido abiertos y manipulados. Una vez revisado por nuestro servicio de recepci\u00f3n de mercanc\u00eda y si todo est\u00e1 correcto, se proceder\u00e1 a devolver el importe pagado de las siguientes formas: &#8211; Pagos por Paypal se reembolsar\u00e1n mediante Paypal &#8211; Pagos por transferencia o ingreso en cuenta se reembolsar\u00e1n por transferencia bancaria a la cuenta que indique el cliente &#8211; Pagos por tarjeta de cr\u00e9dito se reembolsar\u00e1n en la misma tarjeta utilizada Golf Center Almeria no aceptar\u00e1 devoluciones de productos encargados a medida al fabricante, son de aquellos \u00abbajo pedido\u00bb de los que no dispongamos en stock y (en los de stock se indica entrega en 1-2 d\u00edas) que se piden bajo especificaciones al fabricante y por orden del cliente, montados con especificaciones del cliente \u00f3 palos con varillas diferentes a dureza Regular \u00f3 Stiff (X-Stiff, Lady y Senior se montan a medida). Los art\u00edculos de electr\u00f3nica, s\u00f3lo se cambiar\u00e1n en caso de defecto y por el mismo art\u00edculo. Todas las devoluciones de productos junto con su embalaje original deber\u00e1n dirigirse a la siguiente direcci\u00f3n a portes pagados: Golf Center Almeria Avd de La Envia s\/n 04727 Vicar Almeria, incluyendo el documento de desisitimiento entregado con el producto En las devoluciones de los productos adquiridos en nuestra tienda f\u00edsica Vicar se dar\u00e1 al cliente un vale con la cantidad del producto para descontar en una compra posterior y v\u00e1lido por un mes. No se realizan devoluciones de las cantidades pagadas. En productos encargados en la tienda \u00abbajo pedido\u00bb no se aceptan devoluciones<\/p>\n","protected":false},"excerpt":{"rendered":"<p>VII. Devoluci\u00f3n De acuerdo a lo establecido en la legislaci\u00f3n espa\u00f1ola, el Cliente dispone del Derecho de Desistimiento, en virtud del cual podr\u00e1 devolver el producto recibido si comprueba que no se ajusta a sus expectativas. El comprador dispone de siete d\u00edas para devolver un producto con el que no est\u00e9 satisfecho, con los gastos<\/p>\n","protected":false},"author":1,"featured_media":0,"parent":0,"menu_order":0,"comment_status":"closed","ping_status":"closed","template":"","meta":{"footnotes":""},"class_list":["post-193","page","type-page","status-publish","hentry"],"jetpack-related-posts":[],"jetpack_sharing_enabled":true,"_links":{"self":[{"href":"https:\/\/www.golfcenteralmeria.com\/index.php?rest_route=\/wp\/v2\/pages\/193","targetHints":{"allow":["GET"]}}],"collection":[{"href":"https:\/\/www.golfcenteralmeria.com\/index.php?rest_route=\/wp\/v2\/pages"}],"about":[{"href":"https:\/\/www.golfcenteralmeria.com\/index.php?rest_route=\/wp\/v2\/types\/page"}],"author":[{"embeddable":true,"href":"https:\/\/www.golfcenteralmeria.com\/index.php?rest_route=\/wp\/v2\/users\/1"}],"replies":[{"embeddable":true,"href":"https:\/\/www.golfcenteralmeria.com\/index.php?rest_route=%2Fwp%2Fv2%2Fcomments&post=193"}],"version-history":[{"count":1,"href":"https:\/\/www.golfcenteralmeria.com\/index.php?rest_route=\/wp\/v2\/pages\/193\/revisions"}],"predecessor-version":[{"id":196,"href":"https:\/\/www.golfcenteralmeria.com\/index.php?rest_route=\/wp\/v2\/pages\/193\/revisions\/196"}],"wp:attachment":[{"href":"https:\/\/www.golfcenteralmeria.com\/index.php?rest_route=%2Fwp%2Fv2%2Fmedia&parent=193"}],"curies":[{"name":"wp","href":"https:\/\/api.w.org\/{rel}","templated":true}]}}