{"id":189,"date":"2020-07-30T07:45:11","date_gmt":"2020-07-30T07:45:11","guid":{"rendered":"http:\/\/s829868843.mialojamiento.es\/?page_id=189"},"modified":"2020-07-30T07:45:11","modified_gmt":"2020-07-30T07:45:11","slug":"formas-de-pago","status":"publish","type":"page","link":"https:\/\/www.golfcenteralmeria.com\/?page_id=189","title":{"rendered":"FORMAS DE PAGO"},"content":{"rendered":"\n<p><strong>VI. Formas de Pago<\/strong> Golf Center Almeria pone a su servicio pr\u00e1cticamente todos los medios de pago. El comprador podr\u00e1 elegir entre las siguientes modalidades para realizar el pago de su pedido: &#8211; Pago en efectivo o tarjeta f\u00edsicamente en nuestra tienda del club de Golf La Envia (Almeria) &#8211; Tarjetas de cr\u00e9dito (Visa, Mastercard, 4B y Amex). Mediante pasarela de pago segura con La Caixa. Es un sistema altamente seguro por lo que solo se aceptar\u00e1n tarjetas autorizadas para el pago. En la parte inferior derecha del navegador podr\u00e1 comprobar un candado cerrado indicativo del m\u00e1ximo nivel de seguridad y privacidad del proceso de cobro. &#8211; PayPal, sistema de pago seguro por Internet &#8211; Ingreso en cuenta o transferencia bancaria a nuestra cuenta de La Caixa. Las instrucciones se le facilitar\u00e1n en el correo electr\u00f3nico de confirmaci\u00f3n de pedido. Cuenta de La Caixa: (IBAN ES08) 2100 6269 9902 0004 9309<\/p>\n","protected":false},"excerpt":{"rendered":"<p>VI. Formas de Pago Golf Center Almeria pone a su servicio pr\u00e1cticamente todos los medios de pago. El comprador podr\u00e1 elegir entre las siguientes modalidades para realizar el pago de su pedido: &#8211; Pago en efectivo o tarjeta f\u00edsicamente en nuestra tienda del club de Golf La Envia (Almeria) &#8211; Tarjetas de cr\u00e9dito (Visa, Mastercard,<\/p>\n","protected":false},"author":1,"featured_media":0,"parent":0,"menu_order":0,"comment_status":"closed","ping_status":"closed","template":"","meta":{"footnotes":""},"class_list":["post-189","page","type-page","status-publish","hentry"],"jetpack-related-posts":[],"jetpack_sharing_enabled":true,"_links":{"self":[{"href":"https:\/\/www.golfcenteralmeria.com\/index.php?rest_route=\/wp\/v2\/pages\/189","targetHints":{"allow":["GET"]}}],"collection":[{"href":"https:\/\/www.golfcenteralmeria.com\/index.php?rest_route=\/wp\/v2\/pages"}],"about":[{"href":"https:\/\/www.golfcenteralmeria.com\/index.php?rest_route=\/wp\/v2\/types\/page"}],"author":[{"embeddable":true,"href":"https:\/\/www.golfcenteralmeria.com\/index.php?rest_route=\/wp\/v2\/users\/1"}],"replies":[{"embeddable":true,"href":"https:\/\/www.golfcenteralmeria.com\/index.php?rest_route=%2Fwp%2Fv2%2Fcomments&post=189"}],"version-history":[{"count":1,"href":"https:\/\/www.golfcenteralmeria.com\/index.php?rest_route=\/wp\/v2\/pages\/189\/revisions"}],"predecessor-version":[{"id":192,"href":"https:\/\/www.golfcenteralmeria.com\/index.php?rest_route=\/wp\/v2\/pages\/189\/revisions\/192"}],"wp:attachment":[{"href":"https:\/\/www.golfcenteralmeria.com\/index.php?rest_route=%2Fwp%2Fv2%2Fmedia&parent=189"}],"curies":[{"name":"wp","href":"https:\/\/api.w.org\/{rel}","templated":true}]}}